{"id":494,"date":"2025-05-07T08:13:45","date_gmt":"2025-05-07T08:13:45","guid":{"rendered":"https:\/\/www.hiruhinak-hotel.com\/excursiones-privadas\/"},"modified":"2025-09-15T14:56:40","modified_gmt":"2025-09-15T14:56:40","slug":"txango-pribatuak","status":"publish","type":"page","link":"https:\/\/www.hiruhinak-hotel.com\/eu\/gure-zerbitzuak\/txango-pribatuak\/","title":{"rendered":"Txango pribatuak"},"content":{"rendered":"<p>Hiru Uhinak hotelean, uste dugu bidaiatzea helmuga bat bisitatzea baino askoz gehiago dela, bere esentzian murgiltzea dela. Gure<strong> txango pribatuek Euskal Herriko<\/strong> kulturarekin, naturarekin eta historiarekin benetako lotura bat eskaintzea dute helburu. Ibilbide pertsonalizatuekin eta gida adituekin, zure interes eta lehentasunetara egokitutako esperientzia esklusiboak biziko dituzu.<\/p>\n","protected":false},"excerpt":{"rendered":"<p>Hiru Uhinak hotelean, uste dugu bidaiatzea helmuga bat bisitatzea baino askoz gehiago dela, bere esentzian murgiltzea dela. Gure txango pribatuek Euskal Herriko kulturarekin, naturarekin eta historiarekin benetako lotura bat eskaintzea dute helburu. Ibilbide pertsonalizatuekin eta gida adituekin, zure interes eta lehentasunetara egokitutako esperientzia esklusiboak biziko dituzu.<\/p>\n","protected":false},"author":12,"featured_media":0,"parent":497,"menu_order":0,"comment_status":"closed","ping_status":"closed","template":"template-single-service.php","meta":{"footnotes":""},"class_list":["post-494","page","type-page","status-publish","hentry"],"yoast_head":"<!-- This site is optimized with the Yoast SEO plugin v27.3 - https:\/\/yoast.com\/product\/yoast-seo-wordpress\/ -->\n<title>Excursiones privadas en el Pa\u00eds Vasco | Descubre con Hiru Uhinak<\/title>\n<meta name=\"description\" content=\"Vive experiencias \u00fanicas con nuestras excursiones privadas en el Pa\u00eds Vasco. Cultura, naturaleza y gastronom\u00eda en itinerarios personalizados. \u00a1Explora con Hiru Uhinak!\" \/>\n<meta name=\"robots\" content=\"index, follow, max-snippet:-1, max-image-preview:large, max-video-preview:-1\" \/>\n<link rel=\"canonical\" href=\"https:\/\/www.hiruhinak-hotel.com\/eu\/gure-zerbitzuak\/txango-pribatuak\/\" \/>\n<meta property=\"og:locale\" content=\"eu_ES\" \/>\n<meta property=\"og:type\" content=\"article\" \/>\n<meta property=\"og:title\" content=\"Excursiones privadas en el Pa\u00eds Vasco | Descubre con Hiru Uhinak\" \/>\n<meta property=\"og:description\" content=\"Vive experiencias \u00fanicas con nuestras excursiones privadas en el Pa\u00eds Vasco. Cultura, naturaleza y gastronom\u00eda en itinerarios personalizados. \u00a1Explora con Hiru Uhinak!\" \/>\n<meta property=\"og:url\" content=\"https:\/\/www.hiruhinak-hotel.com\/eu\/gure-zerbitzuak\/txango-pribatuak\/\" \/>\n<meta property=\"og:site_name\" content=\"Hiru Uhinak\" \/>\n<meta property=\"article:modified_time\" content=\"2025-09-15T14:56:40+00:00\" \/>\n<meta property=\"og:image\" content=\"https:\/\/www.hiruhinak-hotel.com\/wp-content\/uploads\/sites\/147\/2025\/01\/Imagen-sl.jpg\" \/>\n\t<meta property=\"og:image:width\" content=\"1200\" \/>\n\t<meta property=\"og:image:height\" content=\"798\" \/>\n\t<meta property=\"og:image:type\" content=\"image\/jpeg\" \/>\n<meta name=\"twitter:card\" content=\"summary_large_image\" \/>\n<meta name=\"twitter:label1\" content=\"Est. reading time\" \/>\n\t<meta name=\"twitter:data1\" content=\"1 minute\" \/>\n<script type=\"application\/ld+json\" class=\"yoast-schema-graph\">{\"@context\":\"https:\\\/\\\/schema.org\",\"@graph\":[{\"@type\":\"WebPage\",\"@id\":\"https:\\\/\\\/www.hiruhinak-hotel.com\\\/eu\\\/gure-zerbitzuak\\\/txango-pribatuak\\\/\",\"url\":\"https:\\\/\\\/www.hiruhinak-hotel.com\\\/eu\\\/gure-zerbitzuak\\\/txango-pribatuak\\\/\",\"name\":\"Excursiones privadas en el Pa\u00eds Vasco | Descubre con Hiru Uhinak\",\"isPartOf\":{\"@id\":\"https:\\\/\\\/www.hiruhinak-hotel.com\\\/eu\\\/#website\"},\"datePublished\":\"2025-05-07T08:13:45+00:00\",\"dateModified\":\"2025-09-15T14:56:40+00:00\",\"description\":\"Vive experiencias \u00fanicas con nuestras excursiones privadas en el Pa\u00eds Vasco. Cultura, naturaleza y gastronom\u00eda en itinerarios personalizados. \u00a1Explora con Hiru Uhinak!\",\"breadcrumb\":{\"@id\":\"https:\\\/\\\/www.hiruhinak-hotel.com\\\/eu\\\/gure-zerbitzuak\\\/txango-pribatuak\\\/#breadcrumb\"},\"inLanguage\":\"eu-ES\",\"potentialAction\":[{\"@type\":\"ReadAction\",\"target\":[\"https:\\\/\\\/www.hiruhinak-hotel.com\\\/eu\\\/gure-zerbitzuak\\\/txango-pribatuak\\\/\"]}]},{\"@type\":\"BreadcrumbList\",\"@id\":\"https:\\\/\\\/www.hiruhinak-hotel.com\\\/eu\\\/gure-zerbitzuak\\\/txango-pribatuak\\\/#breadcrumb\",\"itemListElement\":[{\"@type\":\"ListItem\",\"position\":1,\"name\":\"Home\",\"item\":\"https:\\\/\\\/www.hiruhinak-hotel.com\\\/eu\\\/\"},{\"@type\":\"ListItem\",\"position\":2,\"name\":\"Gure zerbitzuak\",\"item\":\"https:\\\/\\\/www.hiruhinak-hotel.com\\\/eu\\\/gure-zerbitzuak\\\/\"},{\"@type\":\"ListItem\",\"position\":3,\"name\":\"Txango pribatuak\"}]},{\"@type\":\"WebSite\",\"@id\":\"https:\\\/\\\/www.hiruhinak-hotel.com\\\/eu\\\/#website\",\"url\":\"https:\\\/\\\/www.hiruhinak-hotel.com\\\/eu\\\/\",\"name\":\"Hiru Uhinak\",\"description\":\"Un hotel boutique sostenible en Deba, donde el mar, la monta\u00f1a y la historia se entrelazan con autenticidad\",\"publisher\":{\"@id\":\"https:\\\/\\\/www.hiruhinak-hotel.com\\\/eu\\\/#organization\"},\"alternateName\":\"Hiru Uhinak\",\"potentialAction\":[{\"@type\":\"SearchAction\",\"target\":{\"@type\":\"EntryPoint\",\"urlTemplate\":\"https:\\\/\\\/www.hiruhinak-hotel.com\\\/eu\\\/?s={search_term_string}\"},\"query-input\":{\"@type\":\"PropertyValueSpecification\",\"valueRequired\":true,\"valueName\":\"search_term_string\"}}],\"inLanguage\":\"eu-ES\"},{\"@type\":\"Organization\",\"@id\":\"https:\\\/\\\/www.hiruhinak-hotel.com\\\/eu\\\/#organization\",\"name\":\"Hiru Uhinak\",\"alternateName\":\"Hiru Uhinak\",\"url\":\"https:\\\/\\\/www.hiruhinak-hotel.com\\\/eu\\\/\",\"logo\":{\"@type\":\"ImageObject\",\"inLanguage\":\"eu-ES\",\"@id\":\"https:\\\/\\\/www.hiruhinak-hotel.com\\\/eu\\\/#\\\/schema\\\/logo\\\/image\\\/\",\"url\":\"https:\\\/\\\/www.hiruhinak-hotel.com\\\/wp-content\\\/uploads\\\/sites\\\/147\\\/2025\\\/06\\\/Logo-Hiru-Uhinakv2.png\",\"contentUrl\":\"https:\\\/\\\/www.hiruhinak-hotel.com\\\/wp-content\\\/uploads\\\/sites\\\/147\\\/2025\\\/06\\\/Logo-Hiru-Uhinakv2.png\",\"width\":160,\"height\":97,\"caption\":\"Hiru Uhinak\"},\"image\":{\"@id\":\"https:\\\/\\\/www.hiruhinak-hotel.com\\\/eu\\\/#\\\/schema\\\/logo\\\/image\\\/\"}}]}<\/script>\n<!-- \/ Yoast SEO plugin. -->","yoast_head_json":{"title":"Excursiones privadas en el Pa\u00eds Vasco | Descubre con Hiru Uhinak","description":"Vive experiencias \u00fanicas con nuestras excursiones privadas en el Pa\u00eds Vasco. Cultura, naturaleza y gastronom\u00eda en itinerarios personalizados. \u00a1Explora con Hiru Uhinak!","robots":{"index":"index","follow":"follow","max-snippet":"max-snippet:-1","max-image-preview":"max-image-preview:large","max-video-preview":"max-video-preview:-1"},"canonical":"https:\/\/www.hiruhinak-hotel.com\/eu\/gure-zerbitzuak\/txango-pribatuak\/","og_locale":"eu_ES","og_type":"article","og_title":"Excursiones privadas en el Pa\u00eds Vasco | Descubre con Hiru Uhinak","og_description":"Vive experiencias \u00fanicas con nuestras excursiones privadas en el Pa\u00eds Vasco. Cultura, naturaleza y gastronom\u00eda en itinerarios personalizados. \u00a1Explora con Hiru Uhinak!","og_url":"https:\/\/www.hiruhinak-hotel.com\/eu\/gure-zerbitzuak\/txango-pribatuak\/","og_site_name":"Hiru Uhinak","article_modified_time":"2025-09-15T14:56:40+00:00","og_image":[{"width":1200,"height":798,"url":"https:\/\/www.hiruhinak-hotel.com\/wp-content\/uploads\/sites\/147\/2025\/01\/Imagen-sl.jpg","type":"image\/jpeg"}],"twitter_card":"summary_large_image","twitter_misc":{"Est. reading time":"1 minute"},"schema":{"@context":"https:\/\/schema.org","@graph":[{"@type":"WebPage","@id":"https:\/\/www.hiruhinak-hotel.com\/eu\/gure-zerbitzuak\/txango-pribatuak\/","url":"https:\/\/www.hiruhinak-hotel.com\/eu\/gure-zerbitzuak\/txango-pribatuak\/","name":"Excursiones privadas en el Pa\u00eds Vasco | Descubre con Hiru Uhinak","isPartOf":{"@id":"https:\/\/www.hiruhinak-hotel.com\/eu\/#website"},"datePublished":"2025-05-07T08:13:45+00:00","dateModified":"2025-09-15T14:56:40+00:00","description":"Vive experiencias \u00fanicas con nuestras excursiones privadas en el Pa\u00eds Vasco. Cultura, naturaleza y gastronom\u00eda en itinerarios personalizados. \u00a1Explora con Hiru Uhinak!","breadcrumb":{"@id":"https:\/\/www.hiruhinak-hotel.com\/eu\/gure-zerbitzuak\/txango-pribatuak\/#breadcrumb"},"inLanguage":"eu-ES","potentialAction":[{"@type":"ReadAction","target":["https:\/\/www.hiruhinak-hotel.com\/eu\/gure-zerbitzuak\/txango-pribatuak\/"]}]},{"@type":"BreadcrumbList","@id":"https:\/\/www.hiruhinak-hotel.com\/eu\/gure-zerbitzuak\/txango-pribatuak\/#breadcrumb","itemListElement":[{"@type":"ListItem","position":1,"name":"Home","item":"https:\/\/www.hiruhinak-hotel.com\/eu\/"},{"@type":"ListItem","position":2,"name":"Gure zerbitzuak","item":"https:\/\/www.hiruhinak-hotel.com\/eu\/gure-zerbitzuak\/"},{"@type":"ListItem","position":3,"name":"Txango pribatuak"}]},{"@type":"WebSite","@id":"https:\/\/www.hiruhinak-hotel.com\/eu\/#website","url":"https:\/\/www.hiruhinak-hotel.com\/eu\/","name":"Hiru Uhinak","description":"Un hotel boutique sostenible en Deba, donde el mar, la monta\u00f1a y la historia se entrelazan con autenticidad","publisher":{"@id":"https:\/\/www.hiruhinak-hotel.com\/eu\/#organization"},"alternateName":"Hiru Uhinak","potentialAction":[{"@type":"SearchAction","target":{"@type":"EntryPoint","urlTemplate":"https:\/\/www.hiruhinak-hotel.com\/eu\/?s={search_term_string}"},"query-input":{"@type":"PropertyValueSpecification","valueRequired":true,"valueName":"search_term_string"}}],"inLanguage":"eu-ES"},{"@type":"Organization","@id":"https:\/\/www.hiruhinak-hotel.com\/eu\/#organization","name":"Hiru Uhinak","alternateName":"Hiru Uhinak","url":"https:\/\/www.hiruhinak-hotel.com\/eu\/","logo":{"@type":"ImageObject","inLanguage":"eu-ES","@id":"https:\/\/www.hiruhinak-hotel.com\/eu\/#\/schema\/logo\/image\/","url":"https:\/\/www.hiruhinak-hotel.com\/wp-content\/uploads\/sites\/147\/2025\/06\/Logo-Hiru-Uhinakv2.png","contentUrl":"https:\/\/www.hiruhinak-hotel.com\/wp-content\/uploads\/sites\/147\/2025\/06\/Logo-Hiru-Uhinakv2.png","width":160,"height":97,"caption":"Hiru Uhinak"},"image":{"@id":"https:\/\/www.hiruhinak-hotel.com\/eu\/#\/schema\/logo\/image\/"}}]}},"acf":[],"_links":{"self":[{"href":"https:\/\/www.hiruhinak-hotel.com\/eu\/wp-json\/wp\/v2\/pages\/494","targetHints":{"allow":["GET"]}}],"collection":[{"href":"https:\/\/www.hiruhinak-hotel.com\/eu\/wp-json\/wp\/v2\/pages"}],"about":[{"href":"https:\/\/www.hiruhinak-hotel.com\/eu\/wp-json\/wp\/v2\/types\/page"}],"author":[{"embeddable":true,"href":"https:\/\/www.hiruhinak-hotel.com\/eu\/wp-json\/wp\/v2\/users\/12"}],"replies":[{"embeddable":true,"href":"https:\/\/www.hiruhinak-hotel.com\/eu\/wp-json\/wp\/v2\/comments?post=494"}],"version-history":[{"count":0,"href":"https:\/\/www.hiruhinak-hotel.com\/eu\/wp-json\/wp\/v2\/pages\/494\/revisions"}],"up":[{"embeddable":true,"href":"https:\/\/www.hiruhinak-hotel.com\/eu\/wp-json\/wp\/v2\/pages\/497"}],"wp:attachment":[{"href":"https:\/\/www.hiruhinak-hotel.com\/eu\/wp-json\/wp\/v2\/media?parent=494"}],"curies":[{"name":"wp","href":"https:\/\/api.w.org\/{rel}","templated":true}]}}