{"id":17,"date":"2024-05-31T11:24:01","date_gmt":"2024-05-31T11:24:09","guid":{"rendered":"https:\/\/hiru-uhinak.ms2.decms.eu\/?page_id=17"},"modified":"2025-08-28T13:59:31","modified_gmt":"2025-08-28T13:59:31","slug":"contact","status":"publish","type":"page","link":"https:\/\/www.hiruhinak-hotel.com\/fr\/contact\/","title":{"rendered":"Contact"},"content":{"rendered":"","protected":false},"excerpt":{"rendered":"","protected":false},"author":12,"featured_media":47,"parent":0,"menu_order":12,"comment_status":"closed","ping_status":"closed","template":"template-contacts.php","meta":{"footnotes":""},"yoast_head":"<!-- This site is optimized with the Yoast SEO plugin v22.3 - https:\/\/yoast.com\/wordpress\/plugins\/seo\/ -->\n<title>Contact - H\u00f4tel \u00e9cologique Deba - Pays Basque - Hiru Uhinak<\/title>\n<meta name=\"description\" content=\"Vous souhaitez faire une r\u00e9servation d&#039;h\u00f4tel ou obtenir plus d&#039;informations ? Vous trouverez ici les coordonn\u00e9es de l&#039;h\u00f4tel Hiru Uhinak, situ\u00e9 \u00e0 Deba, dans le Pays Basque espagnol.\" \/>\n<meta name=\"robots\" content=\"index, follow, max-snippet:-1, max-image-preview:large, max-video-preview:-1\" \/>\n<link rel=\"canonical\" href=\"https:\/\/www.hiruhinak-hotel.com\/fr\/contact\/\" \/>\n<meta property=\"og:locale\" content=\"fr_FR\" \/>\n<meta property=\"og:type\" content=\"article\" \/>\n<meta property=\"og:title\" content=\"Contact - H\u00f4tel \u00e9cologique Deba - Pays Basque - Hiru Uhinak\" \/>\n<meta property=\"og:description\" content=\"Vous souhaitez faire une r\u00e9servation d&#039;h\u00f4tel ou obtenir plus d&#039;informations ? Vous trouverez ici les coordonn\u00e9es de l&#039;h\u00f4tel Hiru Uhinak, situ\u00e9 \u00e0 Deba, dans le Pays Basque espagnol.\" \/>\n<meta property=\"og:url\" content=\"https:\/\/www.hiruhinak-hotel.com\/fr\/contact\/\" \/>\n<meta property=\"og:site_name\" content=\"Hiru Uhinak\" \/>\n<meta property=\"article:modified_time\" content=\"2025-08-28T13:59:31+00:00\" \/>\n<meta property=\"og:image\" content=\"https:\/\/www.hiruhinak-hotel.com\/wp-content\/uploads\/sites\/147\/2024\/05\/Hiru-Uhinak-Hotel-Deba-14-9.jpg\" \/>\n\t<meta property=\"og:image:width\" content=\"1200\" \/>\n\t<meta property=\"og:image:height\" content=\"493\" \/>\n\t<meta property=\"og:image:type\" content=\"image\/jpeg\" \/>\n<meta name=\"twitter:card\" content=\"summary_large_image\" \/>\n<meta name=\"twitter:label1\" content=\"Dur\u00e9e de lecture estim\u00e9e\" \/>\n\t<meta name=\"twitter:data1\" content=\"1 minute\" \/>\n<script type=\"application\/ld+json\" class=\"yoast-schema-graph\">{\"@context\":\"https:\/\/schema.org\",\"@graph\":[{\"@type\":\"WebPage\",\"@id\":\"https:\/\/www.hiruhinak-hotel.com\/fr\/contact\/\",\"url\":\"https:\/\/www.hiruhinak-hotel.com\/fr\/contact\/\",\"name\":\"Contact - H\u00f4tel \u00e9cologique Deba - Pays Basque - Hiru Uhinak\",\"isPartOf\":{\"@id\":\"https:\/\/www.hiruhinak-hotel.com\/fr\/#website\"},\"primaryImageOfPage\":{\"@id\":\"https:\/\/www.hiruhinak-hotel.com\/fr\/contact\/#primaryimage\"},\"image\":{\"@id\":\"https:\/\/www.hiruhinak-hotel.com\/fr\/contact\/#primaryimage\"},\"thumbnailUrl\":\"https:\/\/www.hiruhinak-hotel.com\/wp-content\/uploads\/sites\/147\/2024\/05\/Hiru-Uhinak-Hotel-Deba-14-9.jpg\",\"datePublished\":\"2024-05-31T11:24:09+00:00\",\"dateModified\":\"2025-08-28T13:59:31+00:00\",\"description\":\"Vous souhaitez faire une r\u00e9servation d'h\u00f4tel ou obtenir plus d'informations ? Vous trouverez ici les coordonn\u00e9es de l'h\u00f4tel Hiru Uhinak, situ\u00e9 \u00e0 Deba, dans le Pays Basque espagnol.\",\"breadcrumb\":{\"@id\":\"https:\/\/www.hiruhinak-hotel.com\/fr\/contact\/#breadcrumb\"},\"inLanguage\":\"fr-FR\",\"potentialAction\":[{\"@type\":\"ReadAction\",\"target\":[\"https:\/\/www.hiruhinak-hotel.com\/fr\/contact\/\"]}]},{\"@type\":\"ImageObject\",\"inLanguage\":\"fr-FR\",\"@id\":\"https:\/\/www.hiruhinak-hotel.com\/fr\/contact\/#primaryimage\",\"url\":\"https:\/\/www.hiruhinak-hotel.com\/wp-content\/uploads\/sites\/147\/2024\/05\/Hiru-Uhinak-Hotel-Deba-14-9.jpg\",\"contentUrl\":\"https:\/\/www.hiruhinak-hotel.com\/wp-content\/uploads\/sites\/147\/2024\/05\/Hiru-Uhinak-Hotel-Deba-14-9.jpg\",\"width\":1200,\"height\":493},{\"@type\":\"BreadcrumbList\",\"@id\":\"https:\/\/www.hiruhinak-hotel.com\/fr\/contact\/#breadcrumb\",\"itemListElement\":[{\"@type\":\"ListItem\",\"position\":1,\"name\":\"Home\",\"item\":\"https:\/\/www.hiruhinak-hotel.com\/fr\/\"},{\"@type\":\"ListItem\",\"position\":2,\"name\":\"Contact\"}]},{\"@type\":\"WebSite\",\"@id\":\"https:\/\/www.hiruhinak-hotel.com\/fr\/#website\",\"url\":\"https:\/\/www.hiruhinak-hotel.com\/fr\/\",\"name\":\"Hiru Uhinak\",\"description\":\"Un hotel boutique sostenible en Deba, donde el mar, la monta\u00f1a y la historia se entrelazan con autenticidad\",\"publisher\":{\"@id\":\"https:\/\/www.hiruhinak-hotel.com\/fr\/#organization\"},\"alternateName\":\"Hiru Uhinak\",\"potentialAction\":[{\"@type\":\"SearchAction\",\"target\":{\"@type\":\"EntryPoint\",\"urlTemplate\":\"https:\/\/www.hiruhinak-hotel.com\/fr\/?s={search_term_string}\"},\"query-input\":\"required name=search_term_string\"}],\"inLanguage\":\"fr-FR\"},{\"@type\":\"Organization\",\"@id\":\"https:\/\/www.hiruhinak-hotel.com\/fr\/#organization\",\"name\":\"Hiru Uhinak\",\"alternateName\":\"Hiru Uhinak\",\"url\":\"https:\/\/www.hiruhinak-hotel.com\/fr\/\",\"logo\":{\"@type\":\"ImageObject\",\"inLanguage\":\"fr-FR\",\"@id\":\"https:\/\/www.hiruhinak-hotel.com\/fr\/#\/schema\/logo\/image\/\",\"url\":\"https:\/\/www.hiruhinak-hotel.com\/wp-content\/uploads\/sites\/147\/2025\/06\/Logo-Hiru-Uhinakv2.png\",\"contentUrl\":\"https:\/\/www.hiruhinak-hotel.com\/wp-content\/uploads\/sites\/147\/2025\/06\/Logo-Hiru-Uhinakv2.png\",\"width\":160,\"height\":97,\"caption\":\"Hiru Uhinak\"},\"image\":{\"@id\":\"https:\/\/www.hiruhinak-hotel.com\/fr\/#\/schema\/logo\/image\/\"}}]}<\/script>\n<!-- \/ Yoast SEO plugin. -->","yoast_head_json":{"title":"Contact - H\u00f4tel \u00e9cologique Deba - Pays Basque - Hiru Uhinak","description":"Vous souhaitez faire une r\u00e9servation d'h\u00f4tel ou obtenir plus d'informations ? Vous trouverez ici les coordonn\u00e9es de l'h\u00f4tel Hiru Uhinak, situ\u00e9 \u00e0 Deba, dans le Pays Basque espagnol.","robots":{"index":"index","follow":"follow","max-snippet":"max-snippet:-1","max-image-preview":"max-image-preview:large","max-video-preview":"max-video-preview:-1"},"canonical":"https:\/\/www.hiruhinak-hotel.com\/fr\/contact\/","og_locale":"fr_FR","og_type":"article","og_title":"Contact - H\u00f4tel \u00e9cologique Deba - Pays Basque - Hiru Uhinak","og_description":"Vous souhaitez faire une r\u00e9servation d'h\u00f4tel ou obtenir plus d'informations ? Vous trouverez ici les coordonn\u00e9es de l'h\u00f4tel Hiru Uhinak, situ\u00e9 \u00e0 Deba, dans le Pays Basque espagnol.","og_url":"https:\/\/www.hiruhinak-hotel.com\/fr\/contact\/","og_site_name":"Hiru Uhinak","article_modified_time":"2025-08-28T13:59:31+00:00","og_image":[{"width":1200,"height":493,"url":"https:\/\/www.hiruhinak-hotel.com\/wp-content\/uploads\/sites\/147\/2024\/05\/Hiru-Uhinak-Hotel-Deba-14-9.jpg","type":"image\/jpeg"}],"twitter_card":"summary_large_image","twitter_misc":{"Dur\u00e9e de lecture estim\u00e9e":"1 minute"},"schema":{"@context":"https:\/\/schema.org","@graph":[{"@type":"WebPage","@id":"https:\/\/www.hiruhinak-hotel.com\/fr\/contact\/","url":"https:\/\/www.hiruhinak-hotel.com\/fr\/contact\/","name":"Contact - H\u00f4tel \u00e9cologique Deba - Pays Basque - Hiru Uhinak","isPartOf":{"@id":"https:\/\/www.hiruhinak-hotel.com\/fr\/#website"},"primaryImageOfPage":{"@id":"https:\/\/www.hiruhinak-hotel.com\/fr\/contact\/#primaryimage"},"image":{"@id":"https:\/\/www.hiruhinak-hotel.com\/fr\/contact\/#primaryimage"},"thumbnailUrl":"https:\/\/www.hiruhinak-hotel.com\/wp-content\/uploads\/sites\/147\/2024\/05\/Hiru-Uhinak-Hotel-Deba-14-9.jpg","datePublished":"2024-05-31T11:24:09+00:00","dateModified":"2025-08-28T13:59:31+00:00","description":"Vous souhaitez faire une r\u00e9servation d'h\u00f4tel ou obtenir plus d'informations ? Vous trouverez ici les coordonn\u00e9es de l'h\u00f4tel Hiru Uhinak, situ\u00e9 \u00e0 Deba, dans le Pays Basque espagnol.","breadcrumb":{"@id":"https:\/\/www.hiruhinak-hotel.com\/fr\/contact\/#breadcrumb"},"inLanguage":"fr-FR","potentialAction":[{"@type":"ReadAction","target":["https:\/\/www.hiruhinak-hotel.com\/fr\/contact\/"]}]},{"@type":"ImageObject","inLanguage":"fr-FR","@id":"https:\/\/www.hiruhinak-hotel.com\/fr\/contact\/#primaryimage","url":"https:\/\/www.hiruhinak-hotel.com\/wp-content\/uploads\/sites\/147\/2024\/05\/Hiru-Uhinak-Hotel-Deba-14-9.jpg","contentUrl":"https:\/\/www.hiruhinak-hotel.com\/wp-content\/uploads\/sites\/147\/2024\/05\/Hiru-Uhinak-Hotel-Deba-14-9.jpg","width":1200,"height":493},{"@type":"BreadcrumbList","@id":"https:\/\/www.hiruhinak-hotel.com\/fr\/contact\/#breadcrumb","itemListElement":[{"@type":"ListItem","position":1,"name":"Home","item":"https:\/\/www.hiruhinak-hotel.com\/fr\/"},{"@type":"ListItem","position":2,"name":"Contact"}]},{"@type":"WebSite","@id":"https:\/\/www.hiruhinak-hotel.com\/fr\/#website","url":"https:\/\/www.hiruhinak-hotel.com\/fr\/","name":"Hiru Uhinak","description":"Un hotel boutique sostenible en Deba, donde el mar, la monta\u00f1a y la historia se entrelazan con autenticidad","publisher":{"@id":"https:\/\/www.hiruhinak-hotel.com\/fr\/#organization"},"alternateName":"Hiru Uhinak","potentialAction":[{"@type":"SearchAction","target":{"@type":"EntryPoint","urlTemplate":"https:\/\/www.hiruhinak-hotel.com\/fr\/?s={search_term_string}"},"query-input":"required name=search_term_string"}],"inLanguage":"fr-FR"},{"@type":"Organization","@id":"https:\/\/www.hiruhinak-hotel.com\/fr\/#organization","name":"Hiru Uhinak","alternateName":"Hiru Uhinak","url":"https:\/\/www.hiruhinak-hotel.com\/fr\/","logo":{"@type":"ImageObject","inLanguage":"fr-FR","@id":"https:\/\/www.hiruhinak-hotel.com\/fr\/#\/schema\/logo\/image\/","url":"https:\/\/www.hiruhinak-hotel.com\/wp-content\/uploads\/sites\/147\/2025\/06\/Logo-Hiru-Uhinakv2.png","contentUrl":"https:\/\/www.hiruhinak-hotel.com\/wp-content\/uploads\/sites\/147\/2025\/06\/Logo-Hiru-Uhinakv2.png","width":160,"height":97,"caption":"Hiru Uhinak"},"image":{"@id":"https:\/\/www.hiruhinak-hotel.com\/fr\/#\/schema\/logo\/image\/"}}]}},"acf":[],"_links":{"self":[{"href":"https:\/\/www.hiruhinak-hotel.com\/fr\/wp-json\/wp\/v2\/pages\/17"}],"collection":[{"href":"https:\/\/www.hiruhinak-hotel.com\/fr\/wp-json\/wp\/v2\/pages"}],"about":[{"href":"https:\/\/www.hiruhinak-hotel.com\/fr\/wp-json\/wp\/v2\/types\/page"}],"author":[{"embeddable":true,"href":"https:\/\/www.hiruhinak-hotel.com\/fr\/wp-json\/wp\/v2\/users\/12"}],"replies":[{"embeddable":true,"href":"https:\/\/www.hiruhinak-hotel.com\/fr\/wp-json\/wp\/v2\/comments?post=17"}],"version-history":[{"count":0,"href":"https:\/\/www.hiruhinak-hotel.com\/fr\/wp-json\/wp\/v2\/pages\/17\/revisions"}],"wp:featuredmedia":[{"embeddable":true,"href":"https:\/\/www.hiruhinak-hotel.com\/fr\/wp-json\/wp\/v2\/media\/47"}],"wp:attachment":[{"href":"https:\/\/www.hiruhinak-hotel.com\/fr\/wp-json\/wp\/v2\/media?parent=17"}],"curies":[{"name":"wp","href":"https:\/\/api.w.org\/{rel}","templated":true}]}}