{"id":18,"date":"2024-05-31T11:25:01","date_gmt":"2024-05-31T11:25:22","guid":{"rendered":"https:\/\/hiru-uhinak.ms2.decms.eu\/?page_id=18"},"modified":"2025-08-28T13:58:51","modified_gmt":"2025-08-28T13:58:51","slug":"politique-de-confidentialite","status":"publish","type":"page","link":"https:\/\/www.hiruhinak-hotel.com\/fr\/politique-de-confidentialite\/","title":{"rendered":"Politique de confidentialit\u00e9"},"content":{"rendered":"<p><b>AVISO LEGAL<\/b><\/p>\n<p><b>RESPONSABLE: KAMAR HOTELS S.L.<\/b><\/p>\n<p><b>CIF: B67715821<\/b><\/p>\n<p><b>DIRECCI\u00d3N:<\/b> <b>Markiegi 6, 20820 DEBA, GIPUZKOA<\/b><\/p>\n<p><b>TELEFONO: 943190067<\/b><\/p>\n<p><b>EMAIL: <a href=\"mailto:info@hiruhinak-hotel.com\">info@hiruhinak-hotel.com<\/a><\/b><\/p>\n<p>&nbsp;<\/p>\n<p><b>OBJETO<\/b><\/p>\n<p><b>KAMAR HOTELS S.L. <\/b><span style=\"font-weight: 400;\">responsable del sitio web, pone a disposici\u00f3n de los usuarios el presente documento con el que pretende dar cumplimiento a las obligaciones dispuestas en la Ley 34\/2002, de Servicios de la Sociedad de la Informaci\u00f3n y del Comercio Electr\u00f3nico (LSSI-CE), as\u00ed como informar a todos los usuarios respecto a cu\u00e1les son las condiciones de uso del mismo.<\/span><\/p>\n<p><span style=\"font-weight: 400;\">Toda persona que acceda al sitio Web asume el papel de usuario, comprometi\u00e9ndose a la observancia y cumplimiento riguroso de las disposiciones aqu\u00ed dispuestas, as\u00ed como a cualesquiera otras disposiciones legales que fueran de aplicaci\u00f3n.<\/span><\/p>\n<p><b>KAMAR HOTELS S.L. <\/b><span style=\"font-weight: 400;\">se reserva el derecho a modificar cualquier tipo de informaci\u00f3n que pudiera aparecer en su p\u00e1gina web sin que exista obligaci\u00f3n de preavisar o poner en conocimiento de los usuarios dichas obligaciones, entendi\u00e9ndose como suficiente con la publicaci\u00f3n.<\/span><\/p>\n<p>&nbsp;<\/p>\n<p><b>RESPONSABILIDAD<\/b><\/p>\n<p><b>KAMAR HOTELS S.L. <\/b><span style=\"font-weight: 400;\">se exime de cualquier tipo de responsabilidad derivada de la informaci\u00f3n publicada en su sitio Web siempre que esta informaci\u00f3n haya sido manipulada o introducida por un tercero ajeno al mismo.<\/span><\/p>\n<p><span style=\"font-weight: 400;\">Puede utilizar cookies Pol\u00edtica de Cookies, para llevar a cabo determinadas funciones que son consideradas imprescindibles para el correcto funcionamiento y visualizaci\u00f3n del sitio. <\/span><span style=\"font-weight: 400;\">Ver <a href=\"http:\/\/hiru-uhinak.ms2.decms.eu\/cookie-policy\/\">pol\u00edtica de cookies<\/a><\/span><\/p>\n<p>&nbsp;<\/p>\n<p><b>PROPIEDAD INTELECTUAL\u00a0<\/b><\/p>\n<p><b>KAMAR HOTELS S.L. <\/b><span style=\"font-weight: 400;\">es propietaria de toda la informaci\u00f3n contenida en este portal.<\/span><span style=\"font-weight: 400;\"><br \/>\n<\/span><span style=\"font-weight: 400;\">En virtud de lo dispuesto en la Ley de Propiedad Intelectual, quedan expresamente prohibidas la reproducci\u00f3n, la distribuci\u00f3n y la comunicaci\u00f3n p\u00fablica, incluida su modalidad de puesta a disposici\u00f3n, de la totalidad o parte de los contenidos de esta p\u00e1gina Web, con fines comerciales, en cualquier soporte y por cualquier medio t\u00e9cnico, sin la autorizaci\u00f3n de <\/span><b>KAMAR HOTELS S.L.<\/b><\/p>\n<p><span style=\"font-weight: 400;\">El Usuario se compromete a respetar los derechos de Propiedad Intelectual e Industrial titularidad <\/span><b>KAMAR HOTELS S.L.<\/b><\/p>\n<p><span style=\"font-weight: 400;\">Asimismo, el Usuario deber\u00e1 abstenerse de suprimir, alterar, eludir o manipular cualquier dispositivo de protecci\u00f3n o sistema de seguridad que estuviera instalado en el portal de <\/span><b>KAMAR HOTELS S.L.<\/b><\/p>\n<p>&nbsp;<\/p>\n<p><b>EXCLUSI\u00d3N DE GARANT\u00cdAS Y DE RESPONSABILIDAD<\/b><\/p>\n<p><b>KAMAR HOTELS S.L. <\/b><span style=\"font-weight: 400;\">no garantiza la disponibilidad y continuidad del funcionamiento del Portal y de los Servicios. Cuando ello sea razonablemente posible advertir\u00e1 previamente acerca de las interrupciones en el funcionamiento del Portal y de los Servicios.<\/span><span style=\"font-weight: 400;\"><br \/>\n<\/span><span style=\"font-weight: 400;\"><br \/>\n<\/span><b>KAMAR HOTELS S.L. <\/b><span style=\"font-weight: 400;\">excluye cualquier responsabilidad por los da\u00f1os y perjuicios de toda naturaleza que puedan deberse a la presencia de virus o a la presencia de otros elementos en los contenidos que puedan producir alteraciones en el sistema inform\u00e1tico del Usuario, pese a haber adoptado previamente las medidas t\u00e9cnicas necesarias para evitarlo.<\/span><span style=\"font-weight: 400;\"><br \/>\n<\/span><span style=\"font-weight: 400;\"><br \/>\n<\/span><b>KAMAR HOTELS S.L. <\/b><span style=\"font-weight: 400;\">se reserva el derecho de efectuar, sin previo aviso, las modificaciones que considere oportunas en su portal, pudiendo modificar, suprimir o a\u00f1adir tanto los contenidos y servicios que se presten a trav\u00e9s de la misma como la forma en la que \u00e9stos aparezcan presentados o localizados en su Portal.<\/span><\/p>\n<p>&nbsp;<\/p>\n<p><b>PROTECCION DE DATOS PERSONALES<\/b><\/p>\n<p><b>KAMAR HOTELS S.L. <\/b><span style=\"font-weight: 400;\">se encuentra profundamente comprometido con el cumplimiento de la normativa de protecci\u00f3n de datos de car\u00e1cter personal, y garantiza el cumplimiento \u00edntegro de las obligaciones dispuestas a tenor de la Ley Org\u00e1nica 3\/2018, de 5 de diciembre, de Protecci\u00f3n de Datos Personales y garant\u00eda de los derechos digitales.<\/span><\/p>\n<p><b>KAMAR HOTELS S.L. <\/b><span style=\"font-weight: 400;\">le informa que da cumplimiento a la Ley 34\/2002 de 11 de Julio, de servicios de la Sociedad de la Informaci\u00f3n y del Comercio Electr\u00f3nico.<\/span><\/p>\n<p><span style=\"font-weight: 400;\">Los datos facilitados por los interesados al contactar por mail o cumplimentar un formulario de contacto, ser\u00e1n objeto de tratamiento por parte de <\/span><b>KAMAR HOTELS S.L.\u00a0 <\/b><span style=\"font-weight: 400;\">Los datos personales, ser\u00e1n utilizados para contestar a las solicitudes planteadas, <\/span><span style=\"font-weight: 400;\">que pueden ser para solicitar informaci\u00f3n, para darse de alta como clientes o para darse de alta como candidato en futuros procesos de selecci\u00f3n de personal<\/span><span style=\"font-weight: 400;\">, siendo la base jur\u00eddica el consentimiento del interesado al remitirnos un correo electr\u00f3nico o aceptar nuestra pol\u00edtica de privacidad. La aceptaci\u00f3n de nuestra pol\u00edtica de privacidad implica su consentimiento expreso al tratamiento de sus datos para las finalidades descritas.<\/span><\/p>\n<p><span style=\"font-weight: 400;\">En cualquier momento se podr\u00e1n ejercer los derechos de acceso, rectificaci\u00f3n, oposici\u00f3n, portabilidad o limitaci\u00f3n al tratamiento. Para poder tramitar la solicitud de ejercicio de derechos, ser\u00e1 necesario comprobar la identidad del usuario, por lo que dicha comunicaci\u00f3n deber\u00e1 incluir nombre y apellidos, petici\u00f3n en que se concreta la solicitud, direcci\u00f3n a efectos de notificaciones, fecha, firma y fotocopia del DNI u otro documento v\u00e1lido identificativo. Se podr\u00e1 enviar el escrito por correo ordinario a la direcci\u00f3n <\/span><b>Markiegi 6, 20820 DEBA, GIPUZKOA <\/b><span style=\"font-weight: 400;\">o por correo electr\u00f3nico a <\/span><b><a href=\"mailto:info@hiruhinak-hotel.com\">info@hiruhinak-hotel.com<\/a>.<\/b><\/p>\n<p><span style=\"font-weight: 400;\">Si considera que hay un problema con la forma en que <\/span><b>KAMAR HOTELS S.L. <\/b><span style=\"font-weight: 400;\">est\u00e1 tratando sus datos, puede dirigir sus reclamaciones a la autoridad de protecci\u00f3n de datos que corresponda, siendo la Agencia Espa\u00f1ola de Protecci\u00f3n de Datos la indicada en el caso de territorio espa\u00f1ol.<\/span><\/p>\n<p><span style=\"font-weight: 400;\">Cualquier modificaci\u00f3n por su parte en los datos de car\u00e1cter personal, deber\u00e1 ser puesta en conocimiento por parte del titular de los mismos al responsable de tratamiento de datos.<\/span><\/p>\n<p><b>KAMAR HOTELS S.L. <\/b><span style=\"font-weight: 400;\">se reserva el derecho de modificar su pol\u00edtica de privacidad o condiciones de uso por motivos de adaptaci\u00f3n a la legislaci\u00f3n vigente. Se recomienda al usuario de este sitio web la revisi\u00f3n peri\u00f3dica de esta p\u00e1gina, ya que el uso de este sitio web por parte del usuario se entender\u00e1 como aceptaci\u00f3n de la pol\u00edtica de privacidad. Aseguramos la absoluta confidencialidad y privacidad de los datos personales recogidos. Se han adoptado las medidas de seguridad con el fin de evitar la alteraci\u00f3n, p\u00e9rdida, tratamiento o acceso no autorizado. Sin embargo, <\/span><b>KAMAR HOTELS S.L. <\/b><span style=\"font-weight: 400;\">no ser\u00e1 responsable de las incidencias que puedan surgir en torno a datos personales cuando estas se deriven, o bien de un ataque o acceso no autorizado a los sistemas de tal forma que resulte imposible detectarlo o impedirlo aun adopt\u00e1ndose las medidas seg\u00fan el estado de la tecnolog\u00eda actual.<\/span><\/p>\n","protected":false},"excerpt":{"rendered":"<p>AVISO LEGAL RESPONSABLE: KAMAR HOTELS S.L. CIF: B67715821 DIRECCI\u00d3N: Markiegi 6, 20820 DEBA, GIPUZKOA TELEFONO: 943190067 EMAIL: info@hiruhinak-hotel.com &nbsp; OBJETO KAMAR HOTELS S.L. responsable del sitio web, pone a disposici\u00f3n de los usuarios el presente documento con el que pretende dar cumplimiento a las obligaciones dispuestas en la Ley 34\/2002, de Servicios de la Sociedad [&hellip;]<\/p>\n","protected":false},"author":12,"featured_media":0,"parent":0,"menu_order":13,"comment_status":"closed","ping_status":"closed","template":"template-default-4.php","meta":{"footnotes":""},"yoast_head":"<!-- This site is optimized with the Yoast SEO plugin v22.3 - https:\/\/yoast.com\/wordpress\/plugins\/seo\/ -->\n<title>Politique de confidentialit\u00e9 - Hiru Uhinak<\/title>\n<meta name=\"description\" content=\"AVISO LEGAL  RESPONSABLE: KAMAR HOTELS S.L.  CIF: B67715821  DIRECCI\u00d3N: Markiegi 6, 20820 DEBA, GIPUZKOA  TELEFONO: 943190067  EMAIL: info@hiruhinak-hotel.com  &nbsp;  OBJETO  KAMAR HOTELS S.L. responsable del sitio web, pone a disposici\u00f3n de los usuarios el presente documento con el que pretende dar cumplimiento a las obligaciones dispuestas en la Ley 34\/2002, de Servicios de la Sociedad de la Informaci\u00f3n y del Comercio Electr\u00f3nico (LSSI-CE), as\u00ed como informar a todos los usuarios respecto a cu\u00e1les son las condiciones de uso del mismo.  Toda persona que acceda al sitio Web asume el papel de usuario, comprometi\u00e9ndose a la observancia y cumplimiento riguroso de las disposiciones aqu\u00ed dispuestas, as\u00ed como a cualesquiera otras disposiciones legales que fueran de aplicaci\u00f3n.  KAMAR HOTELS S.L\" \/>\n<meta name=\"robots\" content=\"index, follow, max-snippet:-1, max-image-preview:large, max-video-preview:-1\" \/>\n<link rel=\"canonical\" href=\"https:\/\/www.hiruhinak-hotel.com\/fr\/politique-de-confidentialite\/\" \/>\n<meta property=\"og:locale\" content=\"fr_FR\" \/>\n<meta property=\"og:type\" content=\"article\" \/>\n<meta property=\"og:title\" content=\"Politique de confidentialit\u00e9 - Hiru Uhinak\" \/>\n<meta property=\"og:description\" content=\"AVISO LEGAL  RESPONSABLE: KAMAR HOTELS S.L.  CIF: B67715821  DIRECCI\u00d3N: Markiegi 6, 20820 DEBA, GIPUZKOA  TELEFONO: 943190067  EMAIL: info@hiruhinak-hotel.com  &nbsp;  OBJETO  KAMAR HOTELS S.L. responsable del sitio web, pone a disposici\u00f3n de los usuarios el presente documento con el que pretende dar cumplimiento a las obligaciones dispuestas en la Ley 34\/2002, de Servicios de la Sociedad de la Informaci\u00f3n y del Comercio Electr\u00f3nico (LSSI-CE), as\u00ed como informar a todos los usuarios respecto a cu\u00e1les son las condiciones de uso del mismo.  Toda persona que acceda al sitio Web asume el papel de usuario, comprometi\u00e9ndose a la observancia y cumplimiento riguroso de las disposiciones aqu\u00ed dispuestas, as\u00ed como a cualesquiera otras disposiciones legales que fueran de aplicaci\u00f3n.  KAMAR HOTELS S.L\" \/>\n<meta property=\"og:url\" content=\"https:\/\/www.hiruhinak-hotel.com\/fr\/politique-de-confidentialite\/\" \/>\n<meta property=\"og:site_name\" content=\"Hiru Uhinak\" \/>\n<meta property=\"article:modified_time\" content=\"2025-08-28T13:58:51+00:00\" \/>\n<meta property=\"og:image\" content=\"https:\/\/www.hiruhinak-hotel.com\/wp-content\/uploads\/sites\/147\/2025\/01\/Imagen-sl.jpg\" \/>\n\t<meta property=\"og:image:width\" content=\"1200\" \/>\n\t<meta property=\"og:image:height\" content=\"798\" \/>\n\t<meta property=\"og:image:type\" content=\"image\/jpeg\" \/>\n<meta name=\"twitter:card\" content=\"summary_large_image\" \/>\n<meta name=\"twitter:label1\" content=\"Dur\u00e9e de lecture estim\u00e9e\" \/>\n\t<meta name=\"twitter:data1\" content=\"5 minutes\" \/>\n<script type=\"application\/ld+json\" class=\"yoast-schema-graph\">{\"@context\":\"https:\/\/schema.org\",\"@graph\":[{\"@type\":\"WebPage\",\"@id\":\"https:\/\/www.hiruhinak-hotel.com\/fr\/politique-de-confidentialite\/\",\"url\":\"https:\/\/www.hiruhinak-hotel.com\/fr\/politique-de-confidentialite\/\",\"name\":\"Politique de confidentialit\u00e9 - Hiru Uhinak\",\"isPartOf\":{\"@id\":\"https:\/\/www.hiruhinak-hotel.com\/fr\/#website\"},\"datePublished\":\"2024-05-31T11:25:22+00:00\",\"dateModified\":\"2025-08-28T13:58:51+00:00\",\"description\":\"AVISO LEGAL RESPONSABLE: KAMAR HOTELS S.L. CIF: B67715821 DIRECCI\u00d3N: Markiegi 6, 20820 DEBA, GIPUZKOA TELEFONO: 943190067 EMAIL: info@hiruhinak-hotel.com &nbsp; OBJETO KAMAR HOTELS S.L. responsable del sitio web, pone a disposici\u00f3n de los usuarios el presente documento con el que pretende dar cumplimiento a las obligaciones dispuestas en la Ley 34\/2002, de Servicios de la Sociedad de la Informaci\u00f3n y del Comercio Electr\u00f3nico (LSSI-CE), as\u00ed como informar a todos los usuarios respecto a cu\u00e1les son las condiciones de uso del mismo. Toda persona que acceda al sitio Web asume el papel de usuario, comprometi\u00e9ndose a la observancia y cumplimiento riguroso de las disposiciones aqu\u00ed dispuestas, as\u00ed como a cualesquiera otras disposiciones legales que fueran de aplicaci\u00f3n. KAMAR HOTELS S.L\",\"breadcrumb\":{\"@id\":\"https:\/\/www.hiruhinak-hotel.com\/fr\/politique-de-confidentialite\/#breadcrumb\"},\"inLanguage\":\"fr-FR\",\"potentialAction\":[{\"@type\":\"ReadAction\",\"target\":[\"https:\/\/www.hiruhinak-hotel.com\/fr\/politique-de-confidentialite\/\"]}]},{\"@type\":\"BreadcrumbList\",\"@id\":\"https:\/\/www.hiruhinak-hotel.com\/fr\/politique-de-confidentialite\/#breadcrumb\",\"itemListElement\":[{\"@type\":\"ListItem\",\"position\":1,\"name\":\"Home\",\"item\":\"https:\/\/www.hiruhinak-hotel.com\/fr\/\"},{\"@type\":\"ListItem\",\"position\":2,\"name\":\"Politique de confidentialit\u00e9\"}]},{\"@type\":\"WebSite\",\"@id\":\"https:\/\/www.hiruhinak-hotel.com\/fr\/#website\",\"url\":\"https:\/\/www.hiruhinak-hotel.com\/fr\/\",\"name\":\"Hiru Uhinak\",\"description\":\"Un hotel boutique sostenible en Deba, donde el mar, la monta\u00f1a y la historia se entrelazan con autenticidad\",\"publisher\":{\"@id\":\"https:\/\/www.hiruhinak-hotel.com\/fr\/#organization\"},\"alternateName\":\"Hiru Uhinak\",\"potentialAction\":[{\"@type\":\"SearchAction\",\"target\":{\"@type\":\"EntryPoint\",\"urlTemplate\":\"https:\/\/www.hiruhinak-hotel.com\/fr\/?s={search_term_string}\"},\"query-input\":\"required name=search_term_string\"}],\"inLanguage\":\"fr-FR\"},{\"@type\":\"Organization\",\"@id\":\"https:\/\/www.hiruhinak-hotel.com\/fr\/#organization\",\"name\":\"Hiru Uhinak\",\"alternateName\":\"Hiru Uhinak\",\"url\":\"https:\/\/www.hiruhinak-hotel.com\/fr\/\",\"logo\":{\"@type\":\"ImageObject\",\"inLanguage\":\"fr-FR\",\"@id\":\"https:\/\/www.hiruhinak-hotel.com\/fr\/#\/schema\/logo\/image\/\",\"url\":\"https:\/\/www.hiruhinak-hotel.com\/wp-content\/uploads\/sites\/147\/2025\/06\/Logo-Hiru-Uhinakv2.png\",\"contentUrl\":\"https:\/\/www.hiruhinak-hotel.com\/wp-content\/uploads\/sites\/147\/2025\/06\/Logo-Hiru-Uhinakv2.png\",\"width\":160,\"height\":97,\"caption\":\"Hiru Uhinak\"},\"image\":{\"@id\":\"https:\/\/www.hiruhinak-hotel.com\/fr\/#\/schema\/logo\/image\/\"}}]}<\/script>\n<!-- \/ Yoast SEO plugin. -->","yoast_head_json":{"title":"Politique de confidentialit\u00e9 - Hiru Uhinak","description":"AVISO LEGAL  RESPONSABLE: KAMAR HOTELS S.L.  CIF: B67715821  DIRECCI\u00d3N: Markiegi 6, 20820 DEBA, GIPUZKOA  TELEFONO: 943190067  EMAIL: info@hiruhinak-hotel.com  &nbsp;  OBJETO  KAMAR HOTELS S.L. responsable del sitio web, pone a disposici\u00f3n de los usuarios el presente documento con el que pretende dar cumplimiento a las obligaciones dispuestas en la Ley 34\/2002, de Servicios de la Sociedad de la Informaci\u00f3n y del Comercio Electr\u00f3nico (LSSI-CE), as\u00ed como informar a todos los usuarios respecto a cu\u00e1les son las condiciones de uso del mismo.  Toda persona que acceda al sitio Web asume el papel de usuario, comprometi\u00e9ndose a la observancia y cumplimiento riguroso de las disposiciones aqu\u00ed dispuestas, as\u00ed como a cualesquiera otras disposiciones legales que fueran de aplicaci\u00f3n.  KAMAR HOTELS S.L","robots":{"index":"index","follow":"follow","max-snippet":"max-snippet:-1","max-image-preview":"max-image-preview:large","max-video-preview":"max-video-preview:-1"},"canonical":"https:\/\/www.hiruhinak-hotel.com\/fr\/politique-de-confidentialite\/","og_locale":"fr_FR","og_type":"article","og_title":"Politique de confidentialit\u00e9 - Hiru Uhinak","og_description":"AVISO LEGAL  RESPONSABLE: KAMAR HOTELS S.L.  CIF: B67715821  DIRECCI\u00d3N: Markiegi 6, 20820 DEBA, GIPUZKOA  TELEFONO: 943190067  EMAIL: info@hiruhinak-hotel.com  &nbsp;  OBJETO  KAMAR HOTELS S.L. responsable del sitio web, pone a disposici\u00f3n de los usuarios el presente documento con el que pretende dar cumplimiento a las obligaciones dispuestas en la Ley 34\/2002, de Servicios de la Sociedad de la Informaci\u00f3n y del Comercio Electr\u00f3nico (LSSI-CE), as\u00ed como informar a todos los usuarios respecto a cu\u00e1les son las condiciones de uso del mismo.  Toda persona que acceda al sitio Web asume el papel de usuario, comprometi\u00e9ndose a la observancia y cumplimiento riguroso de las disposiciones aqu\u00ed dispuestas, as\u00ed como a cualesquiera otras disposiciones legales que fueran de aplicaci\u00f3n.  KAMAR HOTELS S.L","og_url":"https:\/\/www.hiruhinak-hotel.com\/fr\/politique-de-confidentialite\/","og_site_name":"Hiru Uhinak","article_modified_time":"2025-08-28T13:58:51+00:00","og_image":[{"width":1200,"height":798,"url":"https:\/\/www.hiruhinak-hotel.com\/wp-content\/uploads\/sites\/147\/2025\/01\/Imagen-sl.jpg","type":"image\/jpeg"}],"twitter_card":"summary_large_image","twitter_misc":{"Dur\u00e9e de lecture estim\u00e9e":"5 minutes"},"schema":{"@context":"https:\/\/schema.org","@graph":[{"@type":"WebPage","@id":"https:\/\/www.hiruhinak-hotel.com\/fr\/politique-de-confidentialite\/","url":"https:\/\/www.hiruhinak-hotel.com\/fr\/politique-de-confidentialite\/","name":"Politique de confidentialit\u00e9 - Hiru Uhinak","isPartOf":{"@id":"https:\/\/www.hiruhinak-hotel.com\/fr\/#website"},"datePublished":"2024-05-31T11:25:22+00:00","dateModified":"2025-08-28T13:58:51+00:00","description":"AVISO LEGAL RESPONSABLE: KAMAR HOTELS S.L. CIF: B67715821 DIRECCI\u00d3N: Markiegi 6, 20820 DEBA, GIPUZKOA TELEFONO: 943190067 EMAIL: info@hiruhinak-hotel.com &nbsp; OBJETO KAMAR HOTELS S.L. responsable del sitio web, pone a disposici\u00f3n de los usuarios el presente documento con el que pretende dar cumplimiento a las obligaciones dispuestas en la Ley 34\/2002, de Servicios de la Sociedad de la Informaci\u00f3n y del Comercio Electr\u00f3nico (LSSI-CE), as\u00ed como informar a todos los usuarios respecto a cu\u00e1les son las condiciones de uso del mismo. Toda persona que acceda al sitio Web asume el papel de usuario, comprometi\u00e9ndose a la observancia y cumplimiento riguroso de las disposiciones aqu\u00ed dispuestas, as\u00ed como a cualesquiera otras disposiciones legales que fueran de aplicaci\u00f3n. KAMAR HOTELS S.L","breadcrumb":{"@id":"https:\/\/www.hiruhinak-hotel.com\/fr\/politique-de-confidentialite\/#breadcrumb"},"inLanguage":"fr-FR","potentialAction":[{"@type":"ReadAction","target":["https:\/\/www.hiruhinak-hotel.com\/fr\/politique-de-confidentialite\/"]}]},{"@type":"BreadcrumbList","@id":"https:\/\/www.hiruhinak-hotel.com\/fr\/politique-de-confidentialite\/#breadcrumb","itemListElement":[{"@type":"ListItem","position":1,"name":"Home","item":"https:\/\/www.hiruhinak-hotel.com\/fr\/"},{"@type":"ListItem","position":2,"name":"Politique de confidentialit\u00e9"}]},{"@type":"WebSite","@id":"https:\/\/www.hiruhinak-hotel.com\/fr\/#website","url":"https:\/\/www.hiruhinak-hotel.com\/fr\/","name":"Hiru Uhinak","description":"Un hotel boutique sostenible en Deba, donde el mar, la monta\u00f1a y la historia se entrelazan con autenticidad","publisher":{"@id":"https:\/\/www.hiruhinak-hotel.com\/fr\/#organization"},"alternateName":"Hiru Uhinak","potentialAction":[{"@type":"SearchAction","target":{"@type":"EntryPoint","urlTemplate":"https:\/\/www.hiruhinak-hotel.com\/fr\/?s={search_term_string}"},"query-input":"required name=search_term_string"}],"inLanguage":"fr-FR"},{"@type":"Organization","@id":"https:\/\/www.hiruhinak-hotel.com\/fr\/#organization","name":"Hiru Uhinak","alternateName":"Hiru Uhinak","url":"https:\/\/www.hiruhinak-hotel.com\/fr\/","logo":{"@type":"ImageObject","inLanguage":"fr-FR","@id":"https:\/\/www.hiruhinak-hotel.com\/fr\/#\/schema\/logo\/image\/","url":"https:\/\/www.hiruhinak-hotel.com\/wp-content\/uploads\/sites\/147\/2025\/06\/Logo-Hiru-Uhinakv2.png","contentUrl":"https:\/\/www.hiruhinak-hotel.com\/wp-content\/uploads\/sites\/147\/2025\/06\/Logo-Hiru-Uhinakv2.png","width":160,"height":97,"caption":"Hiru Uhinak"},"image":{"@id":"https:\/\/www.hiruhinak-hotel.com\/fr\/#\/schema\/logo\/image\/"}}]}},"acf":[],"_links":{"self":[{"href":"https:\/\/www.hiruhinak-hotel.com\/fr\/wp-json\/wp\/v2\/pages\/18"}],"collection":[{"href":"https:\/\/www.hiruhinak-hotel.com\/fr\/wp-json\/wp\/v2\/pages"}],"about":[{"href":"https:\/\/www.hiruhinak-hotel.com\/fr\/wp-json\/wp\/v2\/types\/page"}],"author":[{"embeddable":true,"href":"https:\/\/www.hiruhinak-hotel.com\/fr\/wp-json\/wp\/v2\/users\/12"}],"replies":[{"embeddable":true,"href":"https:\/\/www.hiruhinak-hotel.com\/fr\/wp-json\/wp\/v2\/comments?post=18"}],"version-history":[{"count":0,"href":"https:\/\/www.hiruhinak-hotel.com\/fr\/wp-json\/wp\/v2\/pages\/18\/revisions"}],"wp:attachment":[{"href":"https:\/\/www.hiruhinak-hotel.com\/fr\/wp-json\/wp\/v2\/media?parent=18"}],"curies":[{"name":"wp","href":"https:\/\/api.w.org\/{rel}","templated":true}]}}