{"id":457,"date":"2025-05-08T09:53:00","date_gmt":"2025-05-08T09:53:00","guid":{"rendered":"https:\/\/www.hiruhinak-hotel.com\/surf-en-la-costa-vasca\/"},"modified":"2025-08-27T08:39:28","modified_gmt":"2025-08-27T08:39:28","slug":"surf-sur-la-cote-basque","status":"publish","type":"page","link":"https:\/\/www.hiruhinak-hotel.com\/fr\/zone-environnante\/surf-sur-la-cote-basque\/","title":{"rendered":"Surf sur la C\u00f4te Basque"},"content":{"rendered":"<p>Situ\u00e9 \u00e0 quelques pas des plages l\u00e9gendaires de la C\u00f4te Basque, l&rsquo;h\u00f4tel Hiru Uhinak est votre porte d&rsquo;entr\u00e9e vers l&rsquo;un des meilleurs spots de surf d&rsquo;Europe. Avec des vagues adapt\u00e9es \u00e0 tous les niveaux, des d\u00e9butants aux plus exp\u00e9riment\u00e9s, chaque journ\u00e9e pass\u00e9e \u00e0 Hiru Uhinak est une aventure passionnante sur l&rsquo;eau.<\/p>\n","protected":false},"excerpt":{"rendered":"<p>Situ\u00e9 \u00e0 quelques pas des plages l\u00e9gendaires de la C\u00f4te Basque, l&rsquo;h\u00f4tel Hiru Uhinak est votre porte d&rsquo;entr\u00e9e vers l&rsquo;un des meilleurs spots de surf d&rsquo;Europe. Avec des vagues adapt\u00e9es \u00e0 tous les niveaux, des d\u00e9butants aux plus exp\u00e9riment\u00e9s, chaque journ\u00e9e pass\u00e9e \u00e0 Hiru Uhinak est une aventure passionnante sur l&rsquo;eau.<\/p>\n","protected":false},"author":12,"featured_media":0,"parent":466,"menu_order":2,"comment_status":"closed","ping_status":"closed","template":"template-single-poi.php","meta":{"footnotes":""},"yoast_head":"<!-- This site is optimized with the Yoast SEO plugin v22.3 - https:\/\/yoast.com\/wordpress\/plugins\/seo\/ -->\n<title>Surf sur la C\u00f4te Basque - Plages \u00e0 proximit\u00e9 de l&#039;h\u00f4tel. | Hotel Hiru Uhinak<\/title>\n<meta name=\"description\" content=\"&quot;De somptueuses plages de surf vous attendent au Pays Basque. S\u00e9journez \u00e0 l&#039;h\u00f4tel Hiru Uhinak pour vivre une aventure unique sur la cr\u00eate de la vague.&quot;\" \/>\n<meta name=\"robots\" content=\"index, follow, max-snippet:-1, max-image-preview:large, max-video-preview:-1\" \/>\n<link rel=\"canonical\" href=\"https:\/\/www.hiruhinak-hotel.com\/fr\/zone-environnante\/surf-sur-la-cote-basque\/\" \/>\n<meta property=\"og:locale\" content=\"fr_FR\" \/>\n<meta property=\"og:type\" content=\"article\" \/>\n<meta property=\"og:title\" content=\"Surf sur la C\u00f4te Basque - Plages \u00e0 proximit\u00e9 de l&#039;h\u00f4tel. | Hotel Hiru Uhinak\" \/>\n<meta property=\"og:description\" content=\"&quot;De somptueuses plages de surf vous attendent au Pays Basque. S\u00e9journez \u00e0 l&#039;h\u00f4tel Hiru Uhinak pour vivre une aventure unique sur la cr\u00eate de la vague.&quot;\" \/>\n<meta property=\"og:url\" content=\"https:\/\/www.hiruhinak-hotel.com\/fr\/zone-environnante\/surf-sur-la-cote-basque\/\" \/>\n<meta property=\"og:site_name\" content=\"Hiru Uhinak\" \/>\n<meta property=\"article:modified_time\" content=\"2025-08-27T08:39:28+00:00\" \/>\n<meta property=\"og:image\" content=\"https:\/\/www.hiruhinak-hotel.com\/wp-content\/uploads\/sites\/147\/2025\/01\/Imagen-sl.jpg\" \/>\n\t<meta property=\"og:image:width\" content=\"1200\" \/>\n\t<meta property=\"og:image:height\" content=\"798\" \/>\n\t<meta property=\"og:image:type\" content=\"image\/jpeg\" \/>\n<meta name=\"twitter:card\" content=\"summary_large_image\" \/>\n<meta name=\"twitter:label1\" content=\"Dur\u00e9e de lecture estim\u00e9e\" \/>\n\t<meta name=\"twitter:data1\" content=\"1 minute\" \/>\n<script type=\"application\/ld+json\" class=\"yoast-schema-graph\">{\"@context\":\"https:\/\/schema.org\",\"@graph\":[{\"@type\":\"WebPage\",\"@id\":\"https:\/\/www.hiruhinak-hotel.com\/fr\/zone-environnante\/surf-sur-la-cote-basque\/\",\"url\":\"https:\/\/www.hiruhinak-hotel.com\/fr\/zone-environnante\/surf-sur-la-cote-basque\/\",\"name\":\"Surf sur la C\u00f4te Basque - Plages \u00e0 proximit\u00e9 de l'h\u00f4tel. | Hotel Hiru Uhinak\",\"isPartOf\":{\"@id\":\"https:\/\/www.hiruhinak-hotel.com\/fr\/#website\"},\"datePublished\":\"2025-05-08T09:53:00+00:00\",\"dateModified\":\"2025-08-27T08:39:28+00:00\",\"description\":\"\\\"De somptueuses plages de surf vous attendent au Pays Basque. S\u00e9journez \u00e0 l'h\u00f4tel Hiru Uhinak pour vivre une aventure unique sur la cr\u00eate de la vague.\\\"\",\"breadcrumb\":{\"@id\":\"https:\/\/www.hiruhinak-hotel.com\/fr\/zone-environnante\/surf-sur-la-cote-basque\/#breadcrumb\"},\"inLanguage\":\"fr-FR\",\"potentialAction\":[{\"@type\":\"ReadAction\",\"target\":[\"https:\/\/www.hiruhinak-hotel.com\/fr\/zone-environnante\/surf-sur-la-cote-basque\/\"]}]},{\"@type\":\"BreadcrumbList\",\"@id\":\"https:\/\/www.hiruhinak-hotel.com\/fr\/zone-environnante\/surf-sur-la-cote-basque\/#breadcrumb\",\"itemListElement\":[{\"@type\":\"ListItem\",\"position\":1,\"name\":\"Home\",\"item\":\"https:\/\/www.hiruhinak-hotel.com\/fr\/\"},{\"@type\":\"ListItem\",\"position\":2,\"name\":\"Zone environnante\",\"item\":\"https:\/\/www.hiruhinak-hotel.com\/fr\/zone-environnante\/\"},{\"@type\":\"ListItem\",\"position\":3,\"name\":\"Surf sur la C\u00f4te Basque\"}]},{\"@type\":\"WebSite\",\"@id\":\"https:\/\/www.hiruhinak-hotel.com\/fr\/#website\",\"url\":\"https:\/\/www.hiruhinak-hotel.com\/fr\/\",\"name\":\"Hiru Uhinak\",\"description\":\"Un hotel boutique sostenible en Deba, donde el mar, la monta\u00f1a y la historia se entrelazan con autenticidad\",\"publisher\":{\"@id\":\"https:\/\/www.hiruhinak-hotel.com\/fr\/#organization\"},\"alternateName\":\"Hiru Uhinak\",\"potentialAction\":[{\"@type\":\"SearchAction\",\"target\":{\"@type\":\"EntryPoint\",\"urlTemplate\":\"https:\/\/www.hiruhinak-hotel.com\/fr\/?s={search_term_string}\"},\"query-input\":\"required name=search_term_string\"}],\"inLanguage\":\"fr-FR\"},{\"@type\":\"Organization\",\"@id\":\"https:\/\/www.hiruhinak-hotel.com\/fr\/#organization\",\"name\":\"Hiru Uhinak\",\"alternateName\":\"Hiru Uhinak\",\"url\":\"https:\/\/www.hiruhinak-hotel.com\/fr\/\",\"logo\":{\"@type\":\"ImageObject\",\"inLanguage\":\"fr-FR\",\"@id\":\"https:\/\/www.hiruhinak-hotel.com\/fr\/#\/schema\/logo\/image\/\",\"url\":\"https:\/\/www.hiruhinak-hotel.com\/wp-content\/uploads\/sites\/147\/2025\/06\/Logo-Hiru-Uhinakv2.png\",\"contentUrl\":\"https:\/\/www.hiruhinak-hotel.com\/wp-content\/uploads\/sites\/147\/2025\/06\/Logo-Hiru-Uhinakv2.png\",\"width\":160,\"height\":97,\"caption\":\"Hiru Uhinak\"},\"image\":{\"@id\":\"https:\/\/www.hiruhinak-hotel.com\/fr\/#\/schema\/logo\/image\/\"}}]}<\/script>\n<!-- \/ Yoast SEO plugin. -->","yoast_head_json":{"title":"Surf sur la C\u00f4te Basque - Plages \u00e0 proximit\u00e9 de l'h\u00f4tel. | Hotel Hiru Uhinak","description":"\"De somptueuses plages de surf vous attendent au Pays Basque. S\u00e9journez \u00e0 l'h\u00f4tel Hiru Uhinak pour vivre une aventure unique sur la cr\u00eate de la vague.\"","robots":{"index":"index","follow":"follow","max-snippet":"max-snippet:-1","max-image-preview":"max-image-preview:large","max-video-preview":"max-video-preview:-1"},"canonical":"https:\/\/www.hiruhinak-hotel.com\/fr\/zone-environnante\/surf-sur-la-cote-basque\/","og_locale":"fr_FR","og_type":"article","og_title":"Surf sur la C\u00f4te Basque - Plages \u00e0 proximit\u00e9 de l'h\u00f4tel. | Hotel Hiru Uhinak","og_description":"\"De somptueuses plages de surf vous attendent au Pays Basque. S\u00e9journez \u00e0 l'h\u00f4tel Hiru Uhinak pour vivre une aventure unique sur la cr\u00eate de la vague.\"","og_url":"https:\/\/www.hiruhinak-hotel.com\/fr\/zone-environnante\/surf-sur-la-cote-basque\/","og_site_name":"Hiru Uhinak","article_modified_time":"2025-08-27T08:39:28+00:00","og_image":[{"width":1200,"height":798,"url":"https:\/\/www.hiruhinak-hotel.com\/wp-content\/uploads\/sites\/147\/2025\/01\/Imagen-sl.jpg","type":"image\/jpeg"}],"twitter_card":"summary_large_image","twitter_misc":{"Dur\u00e9e de lecture estim\u00e9e":"1 minute"},"schema":{"@context":"https:\/\/schema.org","@graph":[{"@type":"WebPage","@id":"https:\/\/www.hiruhinak-hotel.com\/fr\/zone-environnante\/surf-sur-la-cote-basque\/","url":"https:\/\/www.hiruhinak-hotel.com\/fr\/zone-environnante\/surf-sur-la-cote-basque\/","name":"Surf sur la C\u00f4te Basque - Plages \u00e0 proximit\u00e9 de l'h\u00f4tel. | Hotel Hiru Uhinak","isPartOf":{"@id":"https:\/\/www.hiruhinak-hotel.com\/fr\/#website"},"datePublished":"2025-05-08T09:53:00+00:00","dateModified":"2025-08-27T08:39:28+00:00","description":"\"De somptueuses plages de surf vous attendent au Pays Basque. S\u00e9journez \u00e0 l'h\u00f4tel Hiru Uhinak pour vivre une aventure unique sur la cr\u00eate de la vague.\"","breadcrumb":{"@id":"https:\/\/www.hiruhinak-hotel.com\/fr\/zone-environnante\/surf-sur-la-cote-basque\/#breadcrumb"},"inLanguage":"fr-FR","potentialAction":[{"@type":"ReadAction","target":["https:\/\/www.hiruhinak-hotel.com\/fr\/zone-environnante\/surf-sur-la-cote-basque\/"]}]},{"@type":"BreadcrumbList","@id":"https:\/\/www.hiruhinak-hotel.com\/fr\/zone-environnante\/surf-sur-la-cote-basque\/#breadcrumb","itemListElement":[{"@type":"ListItem","position":1,"name":"Home","item":"https:\/\/www.hiruhinak-hotel.com\/fr\/"},{"@type":"ListItem","position":2,"name":"Zone environnante","item":"https:\/\/www.hiruhinak-hotel.com\/fr\/zone-environnante\/"},{"@type":"ListItem","position":3,"name":"Surf sur la C\u00f4te Basque"}]},{"@type":"WebSite","@id":"https:\/\/www.hiruhinak-hotel.com\/fr\/#website","url":"https:\/\/www.hiruhinak-hotel.com\/fr\/","name":"Hiru Uhinak","description":"Un hotel boutique sostenible en Deba, donde el mar, la monta\u00f1a y la historia se entrelazan con autenticidad","publisher":{"@id":"https:\/\/www.hiruhinak-hotel.com\/fr\/#organization"},"alternateName":"Hiru Uhinak","potentialAction":[{"@type":"SearchAction","target":{"@type":"EntryPoint","urlTemplate":"https:\/\/www.hiruhinak-hotel.com\/fr\/?s={search_term_string}"},"query-input":"required name=search_term_string"}],"inLanguage":"fr-FR"},{"@type":"Organization","@id":"https:\/\/www.hiruhinak-hotel.com\/fr\/#organization","name":"Hiru Uhinak","alternateName":"Hiru Uhinak","url":"https:\/\/www.hiruhinak-hotel.com\/fr\/","logo":{"@type":"ImageObject","inLanguage":"fr-FR","@id":"https:\/\/www.hiruhinak-hotel.com\/fr\/#\/schema\/logo\/image\/","url":"https:\/\/www.hiruhinak-hotel.com\/wp-content\/uploads\/sites\/147\/2025\/06\/Logo-Hiru-Uhinakv2.png","contentUrl":"https:\/\/www.hiruhinak-hotel.com\/wp-content\/uploads\/sites\/147\/2025\/06\/Logo-Hiru-Uhinakv2.png","width":160,"height":97,"caption":"Hiru Uhinak"},"image":{"@id":"https:\/\/www.hiruhinak-hotel.com\/fr\/#\/schema\/logo\/image\/"}}]}},"acf":[],"_links":{"self":[{"href":"https:\/\/www.hiruhinak-hotel.com\/fr\/wp-json\/wp\/v2\/pages\/457"}],"collection":[{"href":"https:\/\/www.hiruhinak-hotel.com\/fr\/wp-json\/wp\/v2\/pages"}],"about":[{"href":"https:\/\/www.hiruhinak-hotel.com\/fr\/wp-json\/wp\/v2\/types\/page"}],"author":[{"embeddable":true,"href":"https:\/\/www.hiruhinak-hotel.com\/fr\/wp-json\/wp\/v2\/users\/12"}],"replies":[{"embeddable":true,"href":"https:\/\/www.hiruhinak-hotel.com\/fr\/wp-json\/wp\/v2\/comments?post=457"}],"version-history":[{"count":0,"href":"https:\/\/www.hiruhinak-hotel.com\/fr\/wp-json\/wp\/v2\/pages\/457\/revisions"}],"up":[{"embeddable":true,"href":"https:\/\/www.hiruhinak-hotel.com\/fr\/wp-json\/wp\/v2\/pages\/466"}],"wp:attachment":[{"href":"https:\/\/www.hiruhinak-hotel.com\/fr\/wp-json\/wp\/v2\/media?parent=457"}],"curies":[{"name":"wp","href":"https:\/\/api.w.org\/{rel}","templated":true}]}}