{"id":460,"date":"2025-05-08T09:27:10","date_gmt":"2025-05-08T09:27:10","guid":{"rendered":"https:\/\/www.hiruhinak-hotel.com\/geoparque-de-la-costa-vasca\/"},"modified":"2025-08-27T08:27:23","modified_gmt":"2025-08-27T08:27:23","slug":"geoparc-de-la-cote-basque","status":"publish","type":"page","link":"https:\/\/www.hiruhinak-hotel.com\/fr\/zone-environnante\/geoparc-de-la-cote-basque\/","title":{"rendered":"G\u00e9oparc de la C\u00f4te Basque"},"content":{"rendered":"<p>Situ\u00e9 entre les villes c\u00f4ti\u00e8res de Mutriku, Deba et Zumaia, ce site est une merveille g\u00e9ologique inscrite au patrimoine mondial de l&rsquo;UNESCO. C\u00e9l\u00e8bre pour ses spectaculaires flyschs, des formations rocheuses uniques, ce lieu raconte une histoire vieille de 60 millions d&rsquo;ann\u00e9es.<\/p>\n","protected":false},"excerpt":{"rendered":"<p>Situ\u00e9 entre les villes c\u00f4ti\u00e8res de Mutriku, Deba et Zumaia, ce site est une merveille g\u00e9ologique inscrite au patrimoine mondial de l&rsquo;UNESCO. C\u00e9l\u00e8bre pour ses spectaculaires flyschs, des formations rocheuses uniques, ce lieu raconte une histoire vieille de 60 millions d&rsquo;ann\u00e9es.<\/p>\n","protected":false},"author":12,"featured_media":0,"parent":466,"menu_order":1,"comment_status":"closed","ping_status":"closed","template":"template-single-poi.php","meta":{"footnotes":""},"yoast_head":"<!-- This site is optimized with the Yoast SEO plugin v22.3 - https:\/\/yoast.com\/wordpress\/plugins\/seo\/ -->\n<title>G\u00e9oparc de la C\u00f4te Basque - Falaises de Flysch | H\u00f4tel Hiru Uhinak<\/title>\n<meta name=\"description\" content=\"D\u00e9couvrez l&#039;\u00e9co-h\u00f4tel Hiru Uhinak, nich\u00e9 au c\u0153ur du G\u00e9oparc, et explorez la c\u00f4te basque espagnole et ses falaises de flysch uniques.\" \/>\n<meta name=\"robots\" content=\"index, follow, max-snippet:-1, max-image-preview:large, max-video-preview:-1\" \/>\n<link rel=\"canonical\" href=\"https:\/\/www.hiruhinak-hotel.com\/fr\/zone-environnante\/geoparc-de-la-cote-basque\/\" \/>\n<meta property=\"og:locale\" content=\"fr_FR\" \/>\n<meta property=\"og:type\" content=\"article\" \/>\n<meta property=\"og:title\" content=\"G\u00e9oparc de la C\u00f4te Basque - Falaises de Flysch | H\u00f4tel Hiru Uhinak\" \/>\n<meta property=\"og:description\" content=\"D\u00e9couvrez l&#039;\u00e9co-h\u00f4tel Hiru Uhinak, nich\u00e9 au c\u0153ur du G\u00e9oparc, et explorez la c\u00f4te basque espagnole et ses falaises de flysch uniques.\" \/>\n<meta property=\"og:url\" content=\"https:\/\/www.hiruhinak-hotel.com\/fr\/zone-environnante\/geoparc-de-la-cote-basque\/\" \/>\n<meta property=\"og:site_name\" content=\"Hiru Uhinak\" \/>\n<meta property=\"article:modified_time\" content=\"2025-08-27T08:27:23+00:00\" \/>\n<meta property=\"og:image\" content=\"https:\/\/www.hiruhinak-hotel.com\/wp-content\/uploads\/sites\/147\/2025\/01\/Imagen-sl.jpg\" \/>\n\t<meta property=\"og:image:width\" content=\"1200\" \/>\n\t<meta property=\"og:image:height\" content=\"798\" \/>\n\t<meta property=\"og:image:type\" content=\"image\/jpeg\" \/>\n<meta name=\"twitter:card\" content=\"summary_large_image\" \/>\n<meta name=\"twitter:label1\" content=\"Dur\u00e9e de lecture estim\u00e9e\" \/>\n\t<meta name=\"twitter:data1\" content=\"1 minute\" \/>\n<script type=\"application\/ld+json\" class=\"yoast-schema-graph\">{\"@context\":\"https:\/\/schema.org\",\"@graph\":[{\"@type\":\"WebPage\",\"@id\":\"https:\/\/www.hiruhinak-hotel.com\/fr\/zone-environnante\/geoparc-de-la-cote-basque\/\",\"url\":\"https:\/\/www.hiruhinak-hotel.com\/fr\/zone-environnante\/geoparc-de-la-cote-basque\/\",\"name\":\"G\u00e9oparc de la C\u00f4te Basque - Falaises de Flysch | H\u00f4tel Hiru Uhinak\",\"isPartOf\":{\"@id\":\"https:\/\/www.hiruhinak-hotel.com\/fr\/#website\"},\"datePublished\":\"2025-05-08T09:27:10+00:00\",\"dateModified\":\"2025-08-27T08:27:23+00:00\",\"description\":\"D\u00e9couvrez l'\u00e9co-h\u00f4tel Hiru Uhinak, nich\u00e9 au c\u0153ur du G\u00e9oparc, et explorez la c\u00f4te basque espagnole et ses falaises de flysch uniques.\",\"breadcrumb\":{\"@id\":\"https:\/\/www.hiruhinak-hotel.com\/fr\/zone-environnante\/geoparc-de-la-cote-basque\/#breadcrumb\"},\"inLanguage\":\"fr-FR\",\"potentialAction\":[{\"@type\":\"ReadAction\",\"target\":[\"https:\/\/www.hiruhinak-hotel.com\/fr\/zone-environnante\/geoparc-de-la-cote-basque\/\"]}]},{\"@type\":\"BreadcrumbList\",\"@id\":\"https:\/\/www.hiruhinak-hotel.com\/fr\/zone-environnante\/geoparc-de-la-cote-basque\/#breadcrumb\",\"itemListElement\":[{\"@type\":\"ListItem\",\"position\":1,\"name\":\"Home\",\"item\":\"https:\/\/www.hiruhinak-hotel.com\/fr\/\"},{\"@type\":\"ListItem\",\"position\":2,\"name\":\"Zone environnante\",\"item\":\"https:\/\/www.hiruhinak-hotel.com\/fr\/zone-environnante\/\"},{\"@type\":\"ListItem\",\"position\":3,\"name\":\"G\u00e9oparc de la C\u00f4te Basque\"}]},{\"@type\":\"WebSite\",\"@id\":\"https:\/\/www.hiruhinak-hotel.com\/fr\/#website\",\"url\":\"https:\/\/www.hiruhinak-hotel.com\/fr\/\",\"name\":\"Hiru Uhinak\",\"description\":\"Un hotel boutique sostenible en Deba, donde el mar, la monta\u00f1a y la historia se entrelazan con autenticidad\",\"publisher\":{\"@id\":\"https:\/\/www.hiruhinak-hotel.com\/fr\/#organization\"},\"alternateName\":\"Hiru Uhinak\",\"potentialAction\":[{\"@type\":\"SearchAction\",\"target\":{\"@type\":\"EntryPoint\",\"urlTemplate\":\"https:\/\/www.hiruhinak-hotel.com\/fr\/?s={search_term_string}\"},\"query-input\":\"required name=search_term_string\"}],\"inLanguage\":\"fr-FR\"},{\"@type\":\"Organization\",\"@id\":\"https:\/\/www.hiruhinak-hotel.com\/fr\/#organization\",\"name\":\"Hiru Uhinak\",\"alternateName\":\"Hiru Uhinak\",\"url\":\"https:\/\/www.hiruhinak-hotel.com\/fr\/\",\"logo\":{\"@type\":\"ImageObject\",\"inLanguage\":\"fr-FR\",\"@id\":\"https:\/\/www.hiruhinak-hotel.com\/fr\/#\/schema\/logo\/image\/\",\"url\":\"https:\/\/www.hiruhinak-hotel.com\/wp-content\/uploads\/sites\/147\/2025\/06\/Logo-Hiru-Uhinakv2.png\",\"contentUrl\":\"https:\/\/www.hiruhinak-hotel.com\/wp-content\/uploads\/sites\/147\/2025\/06\/Logo-Hiru-Uhinakv2.png\",\"width\":160,\"height\":97,\"caption\":\"Hiru Uhinak\"},\"image\":{\"@id\":\"https:\/\/www.hiruhinak-hotel.com\/fr\/#\/schema\/logo\/image\/\"}}]}<\/script>\n<!-- \/ Yoast SEO plugin. -->","yoast_head_json":{"title":"G\u00e9oparc de la C\u00f4te Basque - Falaises de Flysch | H\u00f4tel Hiru Uhinak","description":"D\u00e9couvrez l'\u00e9co-h\u00f4tel Hiru Uhinak, nich\u00e9 au c\u0153ur du G\u00e9oparc, et explorez la c\u00f4te basque espagnole et ses falaises de flysch uniques.","robots":{"index":"index","follow":"follow","max-snippet":"max-snippet:-1","max-image-preview":"max-image-preview:large","max-video-preview":"max-video-preview:-1"},"canonical":"https:\/\/www.hiruhinak-hotel.com\/fr\/zone-environnante\/geoparc-de-la-cote-basque\/","og_locale":"fr_FR","og_type":"article","og_title":"G\u00e9oparc de la C\u00f4te Basque - Falaises de Flysch | H\u00f4tel Hiru Uhinak","og_description":"D\u00e9couvrez l'\u00e9co-h\u00f4tel Hiru Uhinak, nich\u00e9 au c\u0153ur du G\u00e9oparc, et explorez la c\u00f4te basque espagnole et ses falaises de flysch uniques.","og_url":"https:\/\/www.hiruhinak-hotel.com\/fr\/zone-environnante\/geoparc-de-la-cote-basque\/","og_site_name":"Hiru Uhinak","article_modified_time":"2025-08-27T08:27:23+00:00","og_image":[{"width":1200,"height":798,"url":"https:\/\/www.hiruhinak-hotel.com\/wp-content\/uploads\/sites\/147\/2025\/01\/Imagen-sl.jpg","type":"image\/jpeg"}],"twitter_card":"summary_large_image","twitter_misc":{"Dur\u00e9e de lecture estim\u00e9e":"1 minute"},"schema":{"@context":"https:\/\/schema.org","@graph":[{"@type":"WebPage","@id":"https:\/\/www.hiruhinak-hotel.com\/fr\/zone-environnante\/geoparc-de-la-cote-basque\/","url":"https:\/\/www.hiruhinak-hotel.com\/fr\/zone-environnante\/geoparc-de-la-cote-basque\/","name":"G\u00e9oparc de la C\u00f4te Basque - Falaises de Flysch | H\u00f4tel Hiru Uhinak","isPartOf":{"@id":"https:\/\/www.hiruhinak-hotel.com\/fr\/#website"},"datePublished":"2025-05-08T09:27:10+00:00","dateModified":"2025-08-27T08:27:23+00:00","description":"D\u00e9couvrez l'\u00e9co-h\u00f4tel Hiru Uhinak, nich\u00e9 au c\u0153ur du G\u00e9oparc, et explorez la c\u00f4te basque espagnole et ses falaises de flysch uniques.","breadcrumb":{"@id":"https:\/\/www.hiruhinak-hotel.com\/fr\/zone-environnante\/geoparc-de-la-cote-basque\/#breadcrumb"},"inLanguage":"fr-FR","potentialAction":[{"@type":"ReadAction","target":["https:\/\/www.hiruhinak-hotel.com\/fr\/zone-environnante\/geoparc-de-la-cote-basque\/"]}]},{"@type":"BreadcrumbList","@id":"https:\/\/www.hiruhinak-hotel.com\/fr\/zone-environnante\/geoparc-de-la-cote-basque\/#breadcrumb","itemListElement":[{"@type":"ListItem","position":1,"name":"Home","item":"https:\/\/www.hiruhinak-hotel.com\/fr\/"},{"@type":"ListItem","position":2,"name":"Zone environnante","item":"https:\/\/www.hiruhinak-hotel.com\/fr\/zone-environnante\/"},{"@type":"ListItem","position":3,"name":"G\u00e9oparc de la C\u00f4te Basque"}]},{"@type":"WebSite","@id":"https:\/\/www.hiruhinak-hotel.com\/fr\/#website","url":"https:\/\/www.hiruhinak-hotel.com\/fr\/","name":"Hiru Uhinak","description":"Un hotel boutique sostenible en Deba, donde el mar, la monta\u00f1a y la historia se entrelazan con autenticidad","publisher":{"@id":"https:\/\/www.hiruhinak-hotel.com\/fr\/#organization"},"alternateName":"Hiru Uhinak","potentialAction":[{"@type":"SearchAction","target":{"@type":"EntryPoint","urlTemplate":"https:\/\/www.hiruhinak-hotel.com\/fr\/?s={search_term_string}"},"query-input":"required name=search_term_string"}],"inLanguage":"fr-FR"},{"@type":"Organization","@id":"https:\/\/www.hiruhinak-hotel.com\/fr\/#organization","name":"Hiru Uhinak","alternateName":"Hiru Uhinak","url":"https:\/\/www.hiruhinak-hotel.com\/fr\/","logo":{"@type":"ImageObject","inLanguage":"fr-FR","@id":"https:\/\/www.hiruhinak-hotel.com\/fr\/#\/schema\/logo\/image\/","url":"https:\/\/www.hiruhinak-hotel.com\/wp-content\/uploads\/sites\/147\/2025\/06\/Logo-Hiru-Uhinakv2.png","contentUrl":"https:\/\/www.hiruhinak-hotel.com\/wp-content\/uploads\/sites\/147\/2025\/06\/Logo-Hiru-Uhinakv2.png","width":160,"height":97,"caption":"Hiru Uhinak"},"image":{"@id":"https:\/\/www.hiruhinak-hotel.com\/fr\/#\/schema\/logo\/image\/"}}]}},"acf":[],"_links":{"self":[{"href":"https:\/\/www.hiruhinak-hotel.com\/fr\/wp-json\/wp\/v2\/pages\/460"}],"collection":[{"href":"https:\/\/www.hiruhinak-hotel.com\/fr\/wp-json\/wp\/v2\/pages"}],"about":[{"href":"https:\/\/www.hiruhinak-hotel.com\/fr\/wp-json\/wp\/v2\/types\/page"}],"author":[{"embeddable":true,"href":"https:\/\/www.hiruhinak-hotel.com\/fr\/wp-json\/wp\/v2\/users\/12"}],"replies":[{"embeddable":true,"href":"https:\/\/www.hiruhinak-hotel.com\/fr\/wp-json\/wp\/v2\/comments?post=460"}],"version-history":[{"count":0,"href":"https:\/\/www.hiruhinak-hotel.com\/fr\/wp-json\/wp\/v2\/pages\/460\/revisions"}],"up":[{"embeddable":true,"href":"https:\/\/www.hiruhinak-hotel.com\/fr\/wp-json\/wp\/v2\/pages\/466"}],"wp:attachment":[{"href":"https:\/\/www.hiruhinak-hotel.com\/fr\/wp-json\/wp\/v2\/media?parent=460"}],"curies":[{"name":"wp","href":"https:\/\/api.w.org\/{rel}","templated":true}]}}