{"id":48,"date":"2024-05-27T12:58:09","date_gmt":"2024-05-27T12:58:09","guid":{"rendered":"https:\/\/hiru-uhinak.ms2.decms.eu\/?page_id=48"},"modified":"2026-02-19T08:06:51","modified_gmt":"2026-02-19T08:06:51","slug":"sample-page","status":"publish","type":"page","link":"https:\/\/www.hiruhinak-hotel.com\/fr\/","title":{"rendered":"Hiru Uhinak"},"content":{"rendered":"<p><span data-sheets-root=\"1\">Hiru Uhinak est un r\u00eave familial. Un retour aux sources. <\/span><\/p>\n<p><span data-sheets-root=\"1\">La brise marine, le bruit des vagues et l&rsquo;\u00e9treinte de la nature. <\/span><\/p>\n<p><span data-sheets-root=\"1\">C&rsquo;est l&rsquo;histoire d&rsquo;un b\u00e2timent qui a une \u00e2me, o\u00f9 chaque tuile, chaque tissu et chaque recoin raconte une histoire. <\/span><\/p>\n<p><span data-sheets-root=\"1\">Un espace sans pr\u00e9tention con\u00e7u pour vous permettre de vous reposer et de vous sentir comme chez vous. Ici, nous prenons soin de vous pour que vous puissiez prendre soin de vous.<\/span><\/p>\n","protected":false},"excerpt":{"rendered":"<p>Hiru Uhinak est un r\u00eave familial. Un retour aux sources. La brise marine, le bruit des vagues et l&rsquo;\u00e9treinte de la nature. C&rsquo;est l&rsquo;histoire d&rsquo;un b\u00e2timent qui a une \u00e2me, o\u00f9 chaque tuile, chaque tissu et chaque recoin raconte une histoire. Un espace sans pr\u00e9tention con\u00e7u pour vous permettre de vous reposer et de vous [&hellip;]<\/p>\n","protected":false},"author":12,"featured_media":0,"parent":0,"menu_order":0,"comment_status":"closed","ping_status":"closed","template":"","meta":{"footnotes":""},"class_list":["post-48","page","type-page","status-publish","hentry"],"yoast_head":"<!-- This site is optimized with the Yoast SEO plugin v27.3 - https:\/\/yoast.com\/product\/yoast-seo-wordpress\/ -->\n<title>Hiru Uhinak, boutique h\u00f4tel \u00e0 Deba, votre refuge face \u00e0 la mer | Hiru Uhinak<\/title>\n<meta name=\"description\" content=\"D\u00e9couvrez l&#039;Hiru Uhinak, un h\u00f4tel de charme avec une \u00e2me, situ\u00e9 sur la c\u00f4te basque. Un refuge chaleureux et accueillant o\u00f9 la mer, la nature et la tradition se conjuguent pour vous offrir un s\u00e9jour inoubliable. R\u00e9servez d\u00e8s maintenant\u00a0!\" \/>\n<meta name=\"robots\" content=\"index, follow, max-snippet:-1, max-image-preview:large, max-video-preview:-1\" \/>\n<link rel=\"canonical\" href=\"https:\/\/www.hiruhinak-hotel.com\/fr\/\" \/>\n<meta property=\"og:locale\" content=\"fr_FR\" \/>\n<meta property=\"og:type\" content=\"article\" \/>\n<meta property=\"og:title\" content=\"Hiru Uhinak, boutique h\u00f4tel \u00e0 Deba, votre refuge face \u00e0 la mer | Hiru Uhinak\" \/>\n<meta property=\"og:description\" content=\"D\u00e9couvrez l&#039;Hiru Uhinak, un h\u00f4tel de charme avec une \u00e2me, situ\u00e9 sur la c\u00f4te basque. Un refuge chaleureux et accueillant o\u00f9 la mer, la nature et la tradition se conjuguent pour vous offrir un s\u00e9jour inoubliable. R\u00e9servez d\u00e8s maintenant\u00a0!\" \/>\n<meta property=\"og:url\" content=\"https:\/\/www.hiruhinak-hotel.com\/fr\/\" \/>\n<meta property=\"og:site_name\" content=\"Hiru Uhinak\" \/>\n<meta property=\"article:modified_time\" content=\"2026-02-19T08:06:51+00:00\" \/>\n<meta property=\"og:image\" content=\"https:\/\/www.hiruhinak-hotel.com\/wp-content\/uploads\/sites\/147\/2025\/01\/Imagen-sl.jpg\" \/>\n\t<meta property=\"og:image:width\" content=\"1200\" \/>\n\t<meta property=\"og:image:height\" content=\"798\" \/>\n\t<meta property=\"og:image:type\" content=\"image\/jpeg\" \/>\n<meta name=\"twitter:card\" content=\"summary_large_image\" \/>\n<meta name=\"twitter:label1\" content=\"Dur\u00e9e de lecture estim\u00e9e\" \/>\n\t<meta name=\"twitter:data1\" content=\"1 minute\" \/>\n<script type=\"application\/ld+json\" class=\"yoast-schema-graph\">{\"@context\":\"https:\\\/\\\/schema.org\",\"@graph\":[{\"@type\":\"WebPage\",\"@id\":\"https:\\\/\\\/www.hiruhinak-hotel.com\\\/fr\\\/\",\"url\":\"https:\\\/\\\/www.hiruhinak-hotel.com\\\/fr\\\/\",\"name\":\"Hiru Uhinak, boutique h\u00f4tel \u00e0 Deba, votre refuge face \u00e0 la mer | Hiru Uhinak\",\"isPartOf\":{\"@id\":\"https:\\\/\\\/www.hiruhinak-hotel.com\\\/fr\\\/#website\"},\"datePublished\":\"2024-05-27T12:58:09+00:00\",\"dateModified\":\"2026-02-19T08:06:51+00:00\",\"description\":\"D\u00e9couvrez l'Hiru Uhinak, un h\u00f4tel de charme avec une \u00e2me, situ\u00e9 sur la c\u00f4te basque. Un refuge chaleureux et accueillant o\u00f9 la mer, la nature et la tradition se conjuguent pour vous offrir un s\u00e9jour inoubliable. R\u00e9servez d\u00e8s maintenant\u00a0!\",\"breadcrumb\":{\"@id\":\"https:\\\/\\\/www.hiruhinak-hotel.com\\\/fr\\\/#breadcrumb\"},\"inLanguage\":\"fr-FR\",\"potentialAction\":[{\"@type\":\"ReadAction\",\"target\":[\"https:\\\/\\\/www.hiruhinak-hotel.com\\\/fr\\\/\"]}]},{\"@type\":\"BreadcrumbList\",\"@id\":\"https:\\\/\\\/www.hiruhinak-hotel.com\\\/fr\\\/#breadcrumb\",\"itemListElement\":[{\"@type\":\"ListItem\",\"position\":1,\"name\":\"Home\",\"item\":\"https:\\\/\\\/www.hiruhinak-hotel.com\\\/fr\\\/\"},{\"@type\":\"ListItem\",\"position\":2,\"name\":\"Hiru Uhinak\"}]},{\"@type\":\"WebSite\",\"@id\":\"https:\\\/\\\/www.hiruhinak-hotel.com\\\/fr\\\/#website\",\"url\":\"https:\\\/\\\/www.hiruhinak-hotel.com\\\/fr\\\/\",\"name\":\"Hiru Uhinak\",\"description\":\"Un hotel boutique sostenible en Deba, donde el mar, la monta\u00f1a y la historia se entrelazan con autenticidad\",\"publisher\":{\"@id\":\"https:\\\/\\\/www.hiruhinak-hotel.com\\\/fr\\\/#organization\"},\"alternateName\":\"Hiru Uhinak\",\"potentialAction\":[{\"@type\":\"SearchAction\",\"target\":{\"@type\":\"EntryPoint\",\"urlTemplate\":\"https:\\\/\\\/www.hiruhinak-hotel.com\\\/fr\\\/?s={search_term_string}\"},\"query-input\":{\"@type\":\"PropertyValueSpecification\",\"valueRequired\":true,\"valueName\":\"search_term_string\"}}],\"inLanguage\":\"fr-FR\"},{\"@type\":\"Organization\",\"@id\":\"https:\\\/\\\/www.hiruhinak-hotel.com\\\/fr\\\/#organization\",\"name\":\"Hiru Uhinak\",\"alternateName\":\"Hiru Uhinak\",\"url\":\"https:\\\/\\\/www.hiruhinak-hotel.com\\\/fr\\\/\",\"logo\":{\"@type\":\"ImageObject\",\"inLanguage\":\"fr-FR\",\"@id\":\"https:\\\/\\\/www.hiruhinak-hotel.com\\\/fr\\\/#\\\/schema\\\/logo\\\/image\\\/\",\"url\":\"https:\\\/\\\/www.hiruhinak-hotel.com\\\/wp-content\\\/uploads\\\/sites\\\/147\\\/2025\\\/06\\\/Logo-Hiru-Uhinakv2.png\",\"contentUrl\":\"https:\\\/\\\/www.hiruhinak-hotel.com\\\/wp-content\\\/uploads\\\/sites\\\/147\\\/2025\\\/06\\\/Logo-Hiru-Uhinakv2.png\",\"width\":160,\"height\":97,\"caption\":\"Hiru Uhinak\"},\"image\":{\"@id\":\"https:\\\/\\\/www.hiruhinak-hotel.com\\\/fr\\\/#\\\/schema\\\/logo\\\/image\\\/\"}}]}<\/script>\n<!-- \/ Yoast SEO plugin. -->","yoast_head_json":{"title":"Hiru Uhinak, boutique h\u00f4tel \u00e0 Deba, votre refuge face \u00e0 la mer | Hiru Uhinak","description":"D\u00e9couvrez l'Hiru Uhinak, un h\u00f4tel de charme avec une \u00e2me, situ\u00e9 sur la c\u00f4te basque. Un refuge chaleureux et accueillant o\u00f9 la mer, la nature et la tradition se conjuguent pour vous offrir un s\u00e9jour inoubliable. R\u00e9servez d\u00e8s maintenant\u00a0!","robots":{"index":"index","follow":"follow","max-snippet":"max-snippet:-1","max-image-preview":"max-image-preview:large","max-video-preview":"max-video-preview:-1"},"canonical":"https:\/\/www.hiruhinak-hotel.com\/fr\/","og_locale":"fr_FR","og_type":"article","og_title":"Hiru Uhinak, boutique h\u00f4tel \u00e0 Deba, votre refuge face \u00e0 la mer | Hiru Uhinak","og_description":"D\u00e9couvrez l'Hiru Uhinak, un h\u00f4tel de charme avec une \u00e2me, situ\u00e9 sur la c\u00f4te basque. Un refuge chaleureux et accueillant o\u00f9 la mer, la nature et la tradition se conjuguent pour vous offrir un s\u00e9jour inoubliable. R\u00e9servez d\u00e8s maintenant\u00a0!","og_url":"https:\/\/www.hiruhinak-hotel.com\/fr\/","og_site_name":"Hiru Uhinak","article_modified_time":"2026-02-19T08:06:51+00:00","og_image":[{"width":1200,"height":798,"url":"https:\/\/www.hiruhinak-hotel.com\/wp-content\/uploads\/sites\/147\/2025\/01\/Imagen-sl.jpg","type":"image\/jpeg"}],"twitter_card":"summary_large_image","twitter_misc":{"Dur\u00e9e de lecture estim\u00e9e":"1 minute"},"schema":{"@context":"https:\/\/schema.org","@graph":[{"@type":"WebPage","@id":"https:\/\/www.hiruhinak-hotel.com\/fr\/","url":"https:\/\/www.hiruhinak-hotel.com\/fr\/","name":"Hiru Uhinak, boutique h\u00f4tel \u00e0 Deba, votre refuge face \u00e0 la mer | Hiru Uhinak","isPartOf":{"@id":"https:\/\/www.hiruhinak-hotel.com\/fr\/#website"},"datePublished":"2024-05-27T12:58:09+00:00","dateModified":"2026-02-19T08:06:51+00:00","description":"D\u00e9couvrez l'Hiru Uhinak, un h\u00f4tel de charme avec une \u00e2me, situ\u00e9 sur la c\u00f4te basque. Un refuge chaleureux et accueillant o\u00f9 la mer, la nature et la tradition se conjuguent pour vous offrir un s\u00e9jour inoubliable. R\u00e9servez d\u00e8s maintenant\u00a0!","breadcrumb":{"@id":"https:\/\/www.hiruhinak-hotel.com\/fr\/#breadcrumb"},"inLanguage":"fr-FR","potentialAction":[{"@type":"ReadAction","target":["https:\/\/www.hiruhinak-hotel.com\/fr\/"]}]},{"@type":"BreadcrumbList","@id":"https:\/\/www.hiruhinak-hotel.com\/fr\/#breadcrumb","itemListElement":[{"@type":"ListItem","position":1,"name":"Home","item":"https:\/\/www.hiruhinak-hotel.com\/fr\/"},{"@type":"ListItem","position":2,"name":"Hiru Uhinak"}]},{"@type":"WebSite","@id":"https:\/\/www.hiruhinak-hotel.com\/fr\/#website","url":"https:\/\/www.hiruhinak-hotel.com\/fr\/","name":"Hiru Uhinak","description":"Un hotel boutique sostenible en Deba, donde el mar, la monta\u00f1a y la historia se entrelazan con autenticidad","publisher":{"@id":"https:\/\/www.hiruhinak-hotel.com\/fr\/#organization"},"alternateName":"Hiru Uhinak","potentialAction":[{"@type":"SearchAction","target":{"@type":"EntryPoint","urlTemplate":"https:\/\/www.hiruhinak-hotel.com\/fr\/?s={search_term_string}"},"query-input":{"@type":"PropertyValueSpecification","valueRequired":true,"valueName":"search_term_string"}}],"inLanguage":"fr-FR"},{"@type":"Organization","@id":"https:\/\/www.hiruhinak-hotel.com\/fr\/#organization","name":"Hiru Uhinak","alternateName":"Hiru Uhinak","url":"https:\/\/www.hiruhinak-hotel.com\/fr\/","logo":{"@type":"ImageObject","inLanguage":"fr-FR","@id":"https:\/\/www.hiruhinak-hotel.com\/fr\/#\/schema\/logo\/image\/","url":"https:\/\/www.hiruhinak-hotel.com\/wp-content\/uploads\/sites\/147\/2025\/06\/Logo-Hiru-Uhinakv2.png","contentUrl":"https:\/\/www.hiruhinak-hotel.com\/wp-content\/uploads\/sites\/147\/2025\/06\/Logo-Hiru-Uhinakv2.png","width":160,"height":97,"caption":"Hiru Uhinak"},"image":{"@id":"https:\/\/www.hiruhinak-hotel.com\/fr\/#\/schema\/logo\/image\/"}}]}},"acf":[],"_links":{"self":[{"href":"https:\/\/www.hiruhinak-hotel.com\/fr\/wp-json\/wp\/v2\/pages\/48","targetHints":{"allow":["GET"]}}],"collection":[{"href":"https:\/\/www.hiruhinak-hotel.com\/fr\/wp-json\/wp\/v2\/pages"}],"about":[{"href":"https:\/\/www.hiruhinak-hotel.com\/fr\/wp-json\/wp\/v2\/types\/page"}],"author":[{"embeddable":true,"href":"https:\/\/www.hiruhinak-hotel.com\/fr\/wp-json\/wp\/v2\/users\/12"}],"replies":[{"embeddable":true,"href":"https:\/\/www.hiruhinak-hotel.com\/fr\/wp-json\/wp\/v2\/comments?post=48"}],"version-history":[{"count":0,"href":"https:\/\/www.hiruhinak-hotel.com\/fr\/wp-json\/wp\/v2\/pages\/48\/revisions"}],"wp:attachment":[{"href":"https:\/\/www.hiruhinak-hotel.com\/fr\/wp-json\/wp\/v2\/media?parent=48"}],"curies":[{"name":"wp","href":"https:\/\/api.w.org\/{rel}","templated":true}]}}