{"id":481,"date":"2025-05-09T14:35:21","date_gmt":"2025-05-09T14:35:21","guid":{"rendered":"https:\/\/www.hiruhinak-hotel.com\/nuestro-compromiso-con-la-rse\/"},"modified":"2025-08-27T09:49:43","modified_gmt":"2025-08-27T09:49:43","slug":"notre-engagement-en-matiere-de-rse","status":"publish","type":"page","link":"https:\/\/www.hiruhinak-hotel.com\/fr\/notre-engagement-en-matiere-de-rse\/","title":{"rendered":"Notre engagement en mati\u00e8re de RSE"},"content":{"rendered":"<p>L&rsquo;h\u00f4tel Hiru Uhinak vise \u00e0 devenir un mod\u00e8le d&rsquo;hospitalit\u00e9 \u00e9cologique. Bas\u00e9 sur les principes du d\u00e9veloppement durable et de l&rsquo;\u00e9co-citoyennet\u00e9, cet \u00e9tablissement offre bien plus qu&rsquo;un simple s\u00e9jour.<\/p>\n<p>En tant que concept h\u00f4telier engag\u00e9, Hiru Uhinak participe \u00e0 une action visant \u00e0 r\u00e9duire son empreinte environnementale locale.<\/p>\n","protected":false},"excerpt":{"rendered":"<p>L&rsquo;h\u00f4tel Hiru Uhinak vise \u00e0 devenir un mod\u00e8le d&rsquo;hospitalit\u00e9 \u00e9cologique. Bas\u00e9 sur les principes du d\u00e9veloppement durable et de l&rsquo;\u00e9co-citoyennet\u00e9, cet \u00e9tablissement offre bien plus qu&rsquo;un simple s\u00e9jour. En tant que concept h\u00f4telier engag\u00e9, Hiru Uhinak participe \u00e0 une action visant \u00e0 r\u00e9duire son empreinte environnementale locale.<\/p>\n","protected":false},"author":12,"featured_media":0,"parent":0,"menu_order":11,"comment_status":"closed","ping_status":"closed","template":"template-rooms-2.php","meta":{"footnotes":""},"yoast_head":"<!-- This site is optimized with the Yoast SEO plugin v22.3 - https:\/\/yoast.com\/wordpress\/plugins\/seo\/ -->\n<title>Concept d&#039;h\u00f4tel \u00e9cologique - Deba - Pays Basque - Hiru Uhinak<\/title>\n<meta name=\"description\" content=\"D\u00e9couvrez la vie paisible de l&#039;h\u00f4tel \u00e9cologique Hiru Uhinak, \u00e0 Deba. Chambres, studios, spa, restaurant : tout est r\u00e9uni pour un s\u00e9jour en pleine nature.\" \/>\n<meta name=\"robots\" content=\"index, follow, max-snippet:-1, max-image-preview:large, max-video-preview:-1\" \/>\n<link rel=\"canonical\" href=\"https:\/\/www.hiruhinak-hotel.com\/fr\/notre-engagement-en-matiere-de-rse\/\" \/>\n<meta property=\"og:locale\" content=\"fr_FR\" \/>\n<meta property=\"og:type\" content=\"article\" \/>\n<meta property=\"og:title\" content=\"Concept d&#039;h\u00f4tel \u00e9cologique - Deba - Pays Basque - Hiru Uhinak\" \/>\n<meta property=\"og:description\" content=\"D\u00e9couvrez la vie paisible de l&#039;h\u00f4tel \u00e9cologique Hiru Uhinak, \u00e0 Deba. Chambres, studios, spa, restaurant : tout est r\u00e9uni pour un s\u00e9jour en pleine nature.\" \/>\n<meta property=\"og:url\" content=\"https:\/\/www.hiruhinak-hotel.com\/fr\/notre-engagement-en-matiere-de-rse\/\" \/>\n<meta property=\"og:site_name\" content=\"Hiru Uhinak\" \/>\n<meta property=\"article:modified_time\" content=\"2025-08-27T09:49:43+00:00\" \/>\n<meta property=\"og:image\" content=\"https:\/\/www.hiruhinak-hotel.com\/wp-content\/uploads\/sites\/147\/2025\/01\/Imagen-sl.jpg\" \/>\n\t<meta property=\"og:image:width\" content=\"1200\" \/>\n\t<meta property=\"og:image:height\" content=\"798\" \/>\n\t<meta property=\"og:image:type\" content=\"image\/jpeg\" \/>\n<meta name=\"twitter:card\" content=\"summary_large_image\" \/>\n<meta name=\"twitter:label1\" content=\"Dur\u00e9e de lecture estim\u00e9e\" \/>\n\t<meta name=\"twitter:data1\" content=\"1 minute\" \/>\n<script type=\"application\/ld+json\" class=\"yoast-schema-graph\">{\"@context\":\"https:\/\/schema.org\",\"@graph\":[{\"@type\":\"WebPage\",\"@id\":\"https:\/\/www.hiruhinak-hotel.com\/fr\/notre-engagement-en-matiere-de-rse\/\",\"url\":\"https:\/\/www.hiruhinak-hotel.com\/fr\/notre-engagement-en-matiere-de-rse\/\",\"name\":\"Concept d'h\u00f4tel \u00e9cologique - Deba - Pays Basque - Hiru Uhinak\",\"isPartOf\":{\"@id\":\"https:\/\/www.hiruhinak-hotel.com\/fr\/#website\"},\"datePublished\":\"2025-05-09T14:35:21+00:00\",\"dateModified\":\"2025-08-27T09:49:43+00:00\",\"description\":\"D\u00e9couvrez la vie paisible de l'h\u00f4tel \u00e9cologique Hiru Uhinak, \u00e0 Deba. Chambres, studios, spa, restaurant : tout est r\u00e9uni pour un s\u00e9jour en pleine nature.\",\"breadcrumb\":{\"@id\":\"https:\/\/www.hiruhinak-hotel.com\/fr\/notre-engagement-en-matiere-de-rse\/#breadcrumb\"},\"inLanguage\":\"fr-FR\",\"potentialAction\":[{\"@type\":\"ReadAction\",\"target\":[\"https:\/\/www.hiruhinak-hotel.com\/fr\/notre-engagement-en-matiere-de-rse\/\"]}]},{\"@type\":\"BreadcrumbList\",\"@id\":\"https:\/\/www.hiruhinak-hotel.com\/fr\/notre-engagement-en-matiere-de-rse\/#breadcrumb\",\"itemListElement\":[{\"@type\":\"ListItem\",\"position\":1,\"name\":\"Home\",\"item\":\"https:\/\/www.hiruhinak-hotel.com\/fr\/\"},{\"@type\":\"ListItem\",\"position\":2,\"name\":\"Notre engagement en mati\u00e8re de RSE\"}]},{\"@type\":\"WebSite\",\"@id\":\"https:\/\/www.hiruhinak-hotel.com\/fr\/#website\",\"url\":\"https:\/\/www.hiruhinak-hotel.com\/fr\/\",\"name\":\"Hiru Uhinak\",\"description\":\"Un hotel boutique sostenible en Deba, donde el mar, la monta\u00f1a y la historia se entrelazan con autenticidad\",\"publisher\":{\"@id\":\"https:\/\/www.hiruhinak-hotel.com\/fr\/#organization\"},\"alternateName\":\"Hiru Uhinak\",\"potentialAction\":[{\"@type\":\"SearchAction\",\"target\":{\"@type\":\"EntryPoint\",\"urlTemplate\":\"https:\/\/www.hiruhinak-hotel.com\/fr\/?s={search_term_string}\"},\"query-input\":\"required name=search_term_string\"}],\"inLanguage\":\"fr-FR\"},{\"@type\":\"Organization\",\"@id\":\"https:\/\/www.hiruhinak-hotel.com\/fr\/#organization\",\"name\":\"Hiru Uhinak\",\"alternateName\":\"Hiru Uhinak\",\"url\":\"https:\/\/www.hiruhinak-hotel.com\/fr\/\",\"logo\":{\"@type\":\"ImageObject\",\"inLanguage\":\"fr-FR\",\"@id\":\"https:\/\/www.hiruhinak-hotel.com\/fr\/#\/schema\/logo\/image\/\",\"url\":\"https:\/\/www.hiruhinak-hotel.com\/wp-content\/uploads\/sites\/147\/2025\/06\/Logo-Hiru-Uhinakv2.png\",\"contentUrl\":\"https:\/\/www.hiruhinak-hotel.com\/wp-content\/uploads\/sites\/147\/2025\/06\/Logo-Hiru-Uhinakv2.png\",\"width\":160,\"height\":97,\"caption\":\"Hiru Uhinak\"},\"image\":{\"@id\":\"https:\/\/www.hiruhinak-hotel.com\/fr\/#\/schema\/logo\/image\/\"}}]}<\/script>\n<!-- \/ Yoast SEO plugin. -->","yoast_head_json":{"title":"Concept d'h\u00f4tel \u00e9cologique - Deba - Pays Basque - Hiru Uhinak","description":"D\u00e9couvrez la vie paisible de l'h\u00f4tel \u00e9cologique Hiru Uhinak, \u00e0 Deba. Chambres, studios, spa, restaurant : tout est r\u00e9uni pour un s\u00e9jour en pleine nature.","robots":{"index":"index","follow":"follow","max-snippet":"max-snippet:-1","max-image-preview":"max-image-preview:large","max-video-preview":"max-video-preview:-1"},"canonical":"https:\/\/www.hiruhinak-hotel.com\/fr\/notre-engagement-en-matiere-de-rse\/","og_locale":"fr_FR","og_type":"article","og_title":"Concept d'h\u00f4tel \u00e9cologique - Deba - Pays Basque - Hiru Uhinak","og_description":"D\u00e9couvrez la vie paisible de l'h\u00f4tel \u00e9cologique Hiru Uhinak, \u00e0 Deba. Chambres, studios, spa, restaurant : tout est r\u00e9uni pour un s\u00e9jour en pleine nature.","og_url":"https:\/\/www.hiruhinak-hotel.com\/fr\/notre-engagement-en-matiere-de-rse\/","og_site_name":"Hiru Uhinak","article_modified_time":"2025-08-27T09:49:43+00:00","og_image":[{"width":1200,"height":798,"url":"https:\/\/www.hiruhinak-hotel.com\/wp-content\/uploads\/sites\/147\/2025\/01\/Imagen-sl.jpg","type":"image\/jpeg"}],"twitter_card":"summary_large_image","twitter_misc":{"Dur\u00e9e de lecture estim\u00e9e":"1 minute"},"schema":{"@context":"https:\/\/schema.org","@graph":[{"@type":"WebPage","@id":"https:\/\/www.hiruhinak-hotel.com\/fr\/notre-engagement-en-matiere-de-rse\/","url":"https:\/\/www.hiruhinak-hotel.com\/fr\/notre-engagement-en-matiere-de-rse\/","name":"Concept d'h\u00f4tel \u00e9cologique - Deba - Pays Basque - Hiru Uhinak","isPartOf":{"@id":"https:\/\/www.hiruhinak-hotel.com\/fr\/#website"},"datePublished":"2025-05-09T14:35:21+00:00","dateModified":"2025-08-27T09:49:43+00:00","description":"D\u00e9couvrez la vie paisible de l'h\u00f4tel \u00e9cologique Hiru Uhinak, \u00e0 Deba. Chambres, studios, spa, restaurant : tout est r\u00e9uni pour un s\u00e9jour en pleine nature.","breadcrumb":{"@id":"https:\/\/www.hiruhinak-hotel.com\/fr\/notre-engagement-en-matiere-de-rse\/#breadcrumb"},"inLanguage":"fr-FR","potentialAction":[{"@type":"ReadAction","target":["https:\/\/www.hiruhinak-hotel.com\/fr\/notre-engagement-en-matiere-de-rse\/"]}]},{"@type":"BreadcrumbList","@id":"https:\/\/www.hiruhinak-hotel.com\/fr\/notre-engagement-en-matiere-de-rse\/#breadcrumb","itemListElement":[{"@type":"ListItem","position":1,"name":"Home","item":"https:\/\/www.hiruhinak-hotel.com\/fr\/"},{"@type":"ListItem","position":2,"name":"Notre engagement en mati\u00e8re de RSE"}]},{"@type":"WebSite","@id":"https:\/\/www.hiruhinak-hotel.com\/fr\/#website","url":"https:\/\/www.hiruhinak-hotel.com\/fr\/","name":"Hiru Uhinak","description":"Un hotel boutique sostenible en Deba, donde el mar, la monta\u00f1a y la historia se entrelazan con autenticidad","publisher":{"@id":"https:\/\/www.hiruhinak-hotel.com\/fr\/#organization"},"alternateName":"Hiru Uhinak","potentialAction":[{"@type":"SearchAction","target":{"@type":"EntryPoint","urlTemplate":"https:\/\/www.hiruhinak-hotel.com\/fr\/?s={search_term_string}"},"query-input":"required name=search_term_string"}],"inLanguage":"fr-FR"},{"@type":"Organization","@id":"https:\/\/www.hiruhinak-hotel.com\/fr\/#organization","name":"Hiru Uhinak","alternateName":"Hiru Uhinak","url":"https:\/\/www.hiruhinak-hotel.com\/fr\/","logo":{"@type":"ImageObject","inLanguage":"fr-FR","@id":"https:\/\/www.hiruhinak-hotel.com\/fr\/#\/schema\/logo\/image\/","url":"https:\/\/www.hiruhinak-hotel.com\/wp-content\/uploads\/sites\/147\/2025\/06\/Logo-Hiru-Uhinakv2.png","contentUrl":"https:\/\/www.hiruhinak-hotel.com\/wp-content\/uploads\/sites\/147\/2025\/06\/Logo-Hiru-Uhinakv2.png","width":160,"height":97,"caption":"Hiru Uhinak"},"image":{"@id":"https:\/\/www.hiruhinak-hotel.com\/fr\/#\/schema\/logo\/image\/"}}]}},"acf":[],"_links":{"self":[{"href":"https:\/\/www.hiruhinak-hotel.com\/fr\/wp-json\/wp\/v2\/pages\/481"}],"collection":[{"href":"https:\/\/www.hiruhinak-hotel.com\/fr\/wp-json\/wp\/v2\/pages"}],"about":[{"href":"https:\/\/www.hiruhinak-hotel.com\/fr\/wp-json\/wp\/v2\/types\/page"}],"author":[{"embeddable":true,"href":"https:\/\/www.hiruhinak-hotel.com\/fr\/wp-json\/wp\/v2\/users\/12"}],"replies":[{"embeddable":true,"href":"https:\/\/www.hiruhinak-hotel.com\/fr\/wp-json\/wp\/v2\/comments?post=481"}],"version-history":[{"count":0,"href":"https:\/\/www.hiruhinak-hotel.com\/fr\/wp-json\/wp\/v2\/pages\/481\/revisions"}],"wp:attachment":[{"href":"https:\/\/www.hiruhinak-hotel.com\/fr\/wp-json\/wp\/v2\/media?parent=481"}],"curies":[{"name":"wp","href":"https:\/\/api.w.org\/{rel}","templated":true}]}}