{"id":484,"date":"2025-05-09T13:57:21","date_gmt":"2025-05-09T13:57:21","guid":{"rendered":"https:\/\/www.hiruhinak-hotel.com\/compromiso-con-el-geoparque\/"},"modified":"2025-08-26T12:19:19","modified_gmt":"2025-08-26T12:19:19","slug":"engagement-envers-le-geoparc","status":"publish","type":"page","link":"https:\/\/www.hiruhinak-hotel.com\/fr\/nos-services\/engagement-envers-le-geoparc\/","title":{"rendered":"Engagement envers le G\u00e9oparc"},"content":{"rendered":"<p>Chez Hiru Uhinak, nous croyons en un tourisme responsable et durable. C&rsquo;est la raison pour laquelle nous faisons partie du r\u00e9seau des entit\u00e9s collaboratrices du <strong>G\u00e9oparc de la C\u00f4te basque de l&rsquo;UNESCO<\/strong>.<\/p>\n<p>Cette reconnaissance confirme notre engagement en faveur de la qualit\u00e9, de la pr\u00e9servation du territoire et de la promotion d&rsquo;un tourisme durable dans les municipalit\u00e9s de <strong>Deba, Mutriku et Zumaia.<\/strong><\/p>\n","protected":false},"excerpt":{"rendered":"<p>Chez Hiru Uhinak, nous croyons en un tourisme responsable et durable. C&rsquo;est la raison pour laquelle nous faisons partie du r\u00e9seau des entit\u00e9s collaboratrices du G\u00e9oparc de la C\u00f4te basque de l&rsquo;UNESCO. Cette reconnaissance confirme notre engagement en faveur de la qualit\u00e9, de la pr\u00e9servation du territoire et de la promotion d&rsquo;un tourisme durable dans [&hellip;]<\/p>\n","protected":false},"author":12,"featured_media":0,"parent":499,"menu_order":8,"comment_status":"closed","ping_status":"closed","template":"template-single-service.php","meta":{"footnotes":""},"yoast_head":"<!-- This site is optimized with the Yoast SEO plugin v22.3 - https:\/\/yoast.com\/wordpress\/plugins\/seo\/ -->\n<title>H\u00f4tel durable dans le g\u00e9oparc de la c\u00f4te basque | Hiru Uhinak<\/title>\n<meta name=\"description\" content=\"D\u00e9couvrez l&#039;Hiru Uhinak, un h\u00f4tel durable situ\u00e9 dans le g\u00e9oparc de la c\u00f4te basque. Un h\u00e9bergement engag\u00e9 dans le tourisme responsable et la pr\u00e9servation du territoire. R\u00e9servez votre s\u00e9jour !\" \/>\n<meta name=\"robots\" content=\"index, follow, max-snippet:-1, max-image-preview:large, max-video-preview:-1\" \/>\n<link rel=\"canonical\" href=\"https:\/\/www.hiruhinak-hotel.com\/fr\/nos-services\/engagement-envers-le-geoparc\/\" \/>\n<meta property=\"og:locale\" content=\"fr_FR\" \/>\n<meta property=\"og:type\" content=\"article\" \/>\n<meta property=\"og:title\" content=\"H\u00f4tel durable dans le g\u00e9oparc de la c\u00f4te basque | Hiru Uhinak\" \/>\n<meta property=\"og:description\" content=\"D\u00e9couvrez l&#039;Hiru Uhinak, un h\u00f4tel durable situ\u00e9 dans le g\u00e9oparc de la c\u00f4te basque. Un h\u00e9bergement engag\u00e9 dans le tourisme responsable et la pr\u00e9servation du territoire. R\u00e9servez votre s\u00e9jour !\" \/>\n<meta property=\"og:url\" content=\"https:\/\/www.hiruhinak-hotel.com\/fr\/nos-services\/engagement-envers-le-geoparc\/\" \/>\n<meta property=\"og:site_name\" content=\"Hiru Uhinak\" \/>\n<meta property=\"article:modified_time\" content=\"2025-08-26T12:19:19+00:00\" \/>\n<meta property=\"og:image\" content=\"https:\/\/www.hiruhinak-hotel.com\/wp-content\/uploads\/sites\/147\/2025\/01\/Imagen-sl.jpg\" \/>\n\t<meta property=\"og:image:width\" content=\"1200\" \/>\n\t<meta property=\"og:image:height\" content=\"798\" \/>\n\t<meta property=\"og:image:type\" content=\"image\/jpeg\" \/>\n<meta name=\"twitter:card\" content=\"summary_large_image\" \/>\n<meta name=\"twitter:label1\" content=\"Dur\u00e9e de lecture estim\u00e9e\" \/>\n\t<meta name=\"twitter:data1\" content=\"1 minute\" \/>\n<script type=\"application\/ld+json\" class=\"yoast-schema-graph\">{\"@context\":\"https:\/\/schema.org\",\"@graph\":[{\"@type\":\"WebPage\",\"@id\":\"https:\/\/www.hiruhinak-hotel.com\/fr\/nos-services\/engagement-envers-le-geoparc\/\",\"url\":\"https:\/\/www.hiruhinak-hotel.com\/fr\/nos-services\/engagement-envers-le-geoparc\/\",\"name\":\"H\u00f4tel durable dans le g\u00e9oparc de la c\u00f4te basque | Hiru Uhinak\",\"isPartOf\":{\"@id\":\"https:\/\/www.hiruhinak-hotel.com\/fr\/#website\"},\"datePublished\":\"2025-05-09T13:57:21+00:00\",\"dateModified\":\"2025-08-26T12:19:19+00:00\",\"description\":\"D\u00e9couvrez l'Hiru Uhinak, un h\u00f4tel durable situ\u00e9 dans le g\u00e9oparc de la c\u00f4te basque. Un h\u00e9bergement engag\u00e9 dans le tourisme responsable et la pr\u00e9servation du territoire. R\u00e9servez votre s\u00e9jour !\",\"breadcrumb\":{\"@id\":\"https:\/\/www.hiruhinak-hotel.com\/fr\/nos-services\/engagement-envers-le-geoparc\/#breadcrumb\"},\"inLanguage\":\"fr-FR\",\"potentialAction\":[{\"@type\":\"ReadAction\",\"target\":[\"https:\/\/www.hiruhinak-hotel.com\/fr\/nos-services\/engagement-envers-le-geoparc\/\"]}]},{\"@type\":\"BreadcrumbList\",\"@id\":\"https:\/\/www.hiruhinak-hotel.com\/fr\/nos-services\/engagement-envers-le-geoparc\/#breadcrumb\",\"itemListElement\":[{\"@type\":\"ListItem\",\"position\":1,\"name\":\"Home\",\"item\":\"https:\/\/www.hiruhinak-hotel.com\/fr\/\"},{\"@type\":\"ListItem\",\"position\":2,\"name\":\"Nos Services\",\"item\":\"https:\/\/www.hiruhinak-hotel.com\/fr\/nos-services\/\"},{\"@type\":\"ListItem\",\"position\":3,\"name\":\"Engagement envers le G\u00e9oparc\"}]},{\"@type\":\"WebSite\",\"@id\":\"https:\/\/www.hiruhinak-hotel.com\/fr\/#website\",\"url\":\"https:\/\/www.hiruhinak-hotel.com\/fr\/\",\"name\":\"Hiru Uhinak\",\"description\":\"Un hotel boutique sostenible en Deba, donde el mar, la monta\u00f1a y la historia se entrelazan con autenticidad\",\"publisher\":{\"@id\":\"https:\/\/www.hiruhinak-hotel.com\/fr\/#organization\"},\"alternateName\":\"Hiru Uhinak\",\"potentialAction\":[{\"@type\":\"SearchAction\",\"target\":{\"@type\":\"EntryPoint\",\"urlTemplate\":\"https:\/\/www.hiruhinak-hotel.com\/fr\/?s={search_term_string}\"},\"query-input\":\"required name=search_term_string\"}],\"inLanguage\":\"fr-FR\"},{\"@type\":\"Organization\",\"@id\":\"https:\/\/www.hiruhinak-hotel.com\/fr\/#organization\",\"name\":\"Hiru Uhinak\",\"alternateName\":\"Hiru Uhinak\",\"url\":\"https:\/\/www.hiruhinak-hotel.com\/fr\/\",\"logo\":{\"@type\":\"ImageObject\",\"inLanguage\":\"fr-FR\",\"@id\":\"https:\/\/www.hiruhinak-hotel.com\/fr\/#\/schema\/logo\/image\/\",\"url\":\"https:\/\/www.hiruhinak-hotel.com\/wp-content\/uploads\/sites\/147\/2025\/06\/Logo-Hiru-Uhinakv2.png\",\"contentUrl\":\"https:\/\/www.hiruhinak-hotel.com\/wp-content\/uploads\/sites\/147\/2025\/06\/Logo-Hiru-Uhinakv2.png\",\"width\":160,\"height\":97,\"caption\":\"Hiru Uhinak\"},\"image\":{\"@id\":\"https:\/\/www.hiruhinak-hotel.com\/fr\/#\/schema\/logo\/image\/\"}}]}<\/script>\n<!-- \/ Yoast SEO plugin. -->","yoast_head_json":{"title":"H\u00f4tel durable dans le g\u00e9oparc de la c\u00f4te basque | Hiru Uhinak","description":"D\u00e9couvrez l'Hiru Uhinak, un h\u00f4tel durable situ\u00e9 dans le g\u00e9oparc de la c\u00f4te basque. Un h\u00e9bergement engag\u00e9 dans le tourisme responsable et la pr\u00e9servation du territoire. R\u00e9servez votre s\u00e9jour !","robots":{"index":"index","follow":"follow","max-snippet":"max-snippet:-1","max-image-preview":"max-image-preview:large","max-video-preview":"max-video-preview:-1"},"canonical":"https:\/\/www.hiruhinak-hotel.com\/fr\/nos-services\/engagement-envers-le-geoparc\/","og_locale":"fr_FR","og_type":"article","og_title":"H\u00f4tel durable dans le g\u00e9oparc de la c\u00f4te basque | Hiru Uhinak","og_description":"D\u00e9couvrez l'Hiru Uhinak, un h\u00f4tel durable situ\u00e9 dans le g\u00e9oparc de la c\u00f4te basque. Un h\u00e9bergement engag\u00e9 dans le tourisme responsable et la pr\u00e9servation du territoire. R\u00e9servez votre s\u00e9jour !","og_url":"https:\/\/www.hiruhinak-hotel.com\/fr\/nos-services\/engagement-envers-le-geoparc\/","og_site_name":"Hiru Uhinak","article_modified_time":"2025-08-26T12:19:19+00:00","og_image":[{"width":1200,"height":798,"url":"https:\/\/www.hiruhinak-hotel.com\/wp-content\/uploads\/sites\/147\/2025\/01\/Imagen-sl.jpg","type":"image\/jpeg"}],"twitter_card":"summary_large_image","twitter_misc":{"Dur\u00e9e de lecture estim\u00e9e":"1 minute"},"schema":{"@context":"https:\/\/schema.org","@graph":[{"@type":"WebPage","@id":"https:\/\/www.hiruhinak-hotel.com\/fr\/nos-services\/engagement-envers-le-geoparc\/","url":"https:\/\/www.hiruhinak-hotel.com\/fr\/nos-services\/engagement-envers-le-geoparc\/","name":"H\u00f4tel durable dans le g\u00e9oparc de la c\u00f4te basque | Hiru Uhinak","isPartOf":{"@id":"https:\/\/www.hiruhinak-hotel.com\/fr\/#website"},"datePublished":"2025-05-09T13:57:21+00:00","dateModified":"2025-08-26T12:19:19+00:00","description":"D\u00e9couvrez l'Hiru Uhinak, un h\u00f4tel durable situ\u00e9 dans le g\u00e9oparc de la c\u00f4te basque. Un h\u00e9bergement engag\u00e9 dans le tourisme responsable et la pr\u00e9servation du territoire. R\u00e9servez votre s\u00e9jour !","breadcrumb":{"@id":"https:\/\/www.hiruhinak-hotel.com\/fr\/nos-services\/engagement-envers-le-geoparc\/#breadcrumb"},"inLanguage":"fr-FR","potentialAction":[{"@type":"ReadAction","target":["https:\/\/www.hiruhinak-hotel.com\/fr\/nos-services\/engagement-envers-le-geoparc\/"]}]},{"@type":"BreadcrumbList","@id":"https:\/\/www.hiruhinak-hotel.com\/fr\/nos-services\/engagement-envers-le-geoparc\/#breadcrumb","itemListElement":[{"@type":"ListItem","position":1,"name":"Home","item":"https:\/\/www.hiruhinak-hotel.com\/fr\/"},{"@type":"ListItem","position":2,"name":"Nos Services","item":"https:\/\/www.hiruhinak-hotel.com\/fr\/nos-services\/"},{"@type":"ListItem","position":3,"name":"Engagement envers le G\u00e9oparc"}]},{"@type":"WebSite","@id":"https:\/\/www.hiruhinak-hotel.com\/fr\/#website","url":"https:\/\/www.hiruhinak-hotel.com\/fr\/","name":"Hiru Uhinak","description":"Un hotel boutique sostenible en Deba, donde el mar, la monta\u00f1a y la historia se entrelazan con autenticidad","publisher":{"@id":"https:\/\/www.hiruhinak-hotel.com\/fr\/#organization"},"alternateName":"Hiru Uhinak","potentialAction":[{"@type":"SearchAction","target":{"@type":"EntryPoint","urlTemplate":"https:\/\/www.hiruhinak-hotel.com\/fr\/?s={search_term_string}"},"query-input":"required name=search_term_string"}],"inLanguage":"fr-FR"},{"@type":"Organization","@id":"https:\/\/www.hiruhinak-hotel.com\/fr\/#organization","name":"Hiru Uhinak","alternateName":"Hiru Uhinak","url":"https:\/\/www.hiruhinak-hotel.com\/fr\/","logo":{"@type":"ImageObject","inLanguage":"fr-FR","@id":"https:\/\/www.hiruhinak-hotel.com\/fr\/#\/schema\/logo\/image\/","url":"https:\/\/www.hiruhinak-hotel.com\/wp-content\/uploads\/sites\/147\/2025\/06\/Logo-Hiru-Uhinakv2.png","contentUrl":"https:\/\/www.hiruhinak-hotel.com\/wp-content\/uploads\/sites\/147\/2025\/06\/Logo-Hiru-Uhinakv2.png","width":160,"height":97,"caption":"Hiru Uhinak"},"image":{"@id":"https:\/\/www.hiruhinak-hotel.com\/fr\/#\/schema\/logo\/image\/"}}]}},"acf":[],"_links":{"self":[{"href":"https:\/\/www.hiruhinak-hotel.com\/fr\/wp-json\/wp\/v2\/pages\/484"}],"collection":[{"href":"https:\/\/www.hiruhinak-hotel.com\/fr\/wp-json\/wp\/v2\/pages"}],"about":[{"href":"https:\/\/www.hiruhinak-hotel.com\/fr\/wp-json\/wp\/v2\/types\/page"}],"author":[{"embeddable":true,"href":"https:\/\/www.hiruhinak-hotel.com\/fr\/wp-json\/wp\/v2\/users\/12"}],"replies":[{"embeddable":true,"href":"https:\/\/www.hiruhinak-hotel.com\/fr\/wp-json\/wp\/v2\/comments?post=484"}],"version-history":[{"count":0,"href":"https:\/\/www.hiruhinak-hotel.com\/fr\/wp-json\/wp\/v2\/pages\/484\/revisions"}],"up":[{"embeddable":true,"href":"https:\/\/www.hiruhinak-hotel.com\/fr\/wp-json\/wp\/v2\/pages\/499"}],"wp:attachment":[{"href":"https:\/\/www.hiruhinak-hotel.com\/fr\/wp-json\/wp\/v2\/media?parent=484"}],"curies":[{"name":"wp","href":"https:\/\/api.w.org\/{rel}","templated":true}]}}