{"id":499,"date":"2025-05-07T08:06:01","date_gmt":"2025-05-07T08:06:01","guid":{"rendered":"https:\/\/www.hiruhinak-hotel.com\/nuestros-servicios\/"},"modified":"2025-08-27T09:44:54","modified_gmt":"2025-08-27T09:44:54","slug":"nos-services","status":"publish","type":"page","link":"https:\/\/www.hiruhinak-hotel.com\/fr\/nos-services\/","title":{"rendered":"Nos Services"},"content":{"rendered":"<p>\u00c0 Hiru Uhinak, nous avons pens\u00e9 chaque d\u00e9tail pour vous offrir un s\u00e9jour inoubliable alliant confort, bien-\u00eatre et connexion authentique avec l&rsquo;environnement. Notre h\u00f4tel n&rsquo;est pas seulement un havre de paix, c&rsquo;est aussi un lieu o\u00f9 chaque service a \u00e9t\u00e9 pens\u00e9 pour vous offrir une exp\u00e9rience compl\u00e8te et sur mesure.<\/p>\n","protected":false},"excerpt":{"rendered":"<p>\u00c0 Hiru Uhinak, nous avons pens\u00e9 chaque d\u00e9tail pour vous offrir un s\u00e9jour inoubliable alliant confort, bien-\u00eatre et connexion authentique avec l&rsquo;environnement. Notre h\u00f4tel n&rsquo;est pas seulement un havre de paix, c&rsquo;est aussi un lieu o\u00f9 chaque service a \u00e9t\u00e9 pens\u00e9 pour vous offrir une exp\u00e9rience compl\u00e8te et sur mesure.<\/p>\n","protected":false},"author":12,"featured_media":0,"parent":0,"menu_order":5,"comment_status":"closed","ping_status":"closed","template":"template-default-2.php","meta":{"footnotes":""},"class_list":["post-499","page","type-page","status-publish","hentry"],"yoast_head":"<!-- This site is optimized with the Yoast SEO plugin v27.3 - https:\/\/yoast.com\/product\/yoast-seo-wordpress\/ -->\n<title>Des services exclusifs pour un s\u00e9jour parfait | Hiru Uhinak<\/title>\n<meta name=\"description\" content=\"D\u00e9couvrez tous les services de l&#039;Hiru Uhinak : gastronomie, bien-\u00eatre, activit\u00e9s personnalis\u00e9es et exp\u00e9riences uniques sur la c\u00f4te basque. Vivez un s\u00e9jour inoubliable !\" \/>\n<meta name=\"robots\" content=\"index, follow, max-snippet:-1, max-image-preview:large, max-video-preview:-1\" \/>\n<link rel=\"canonical\" href=\"https:\/\/www.hiruhinak-hotel.com\/fr\/nos-services\/\" \/>\n<meta property=\"og:locale\" content=\"fr_FR\" \/>\n<meta property=\"og:type\" content=\"article\" \/>\n<meta property=\"og:title\" content=\"Des services exclusifs pour un s\u00e9jour parfait | Hiru Uhinak\" \/>\n<meta property=\"og:description\" content=\"D\u00e9couvrez tous les services de l&#039;Hiru Uhinak : gastronomie, bien-\u00eatre, activit\u00e9s personnalis\u00e9es et exp\u00e9riences uniques sur la c\u00f4te basque. Vivez un s\u00e9jour inoubliable !\" \/>\n<meta property=\"og:url\" content=\"https:\/\/www.hiruhinak-hotel.com\/fr\/nos-services\/\" \/>\n<meta property=\"og:site_name\" content=\"Hiru Uhinak\" \/>\n<meta property=\"article:modified_time\" content=\"2025-08-27T09:44:54+00:00\" \/>\n<meta property=\"og:image\" content=\"https:\/\/www.hiruhinak-hotel.com\/wp-content\/uploads\/sites\/147\/2025\/01\/Imagen-sl.jpg\" \/>\n\t<meta property=\"og:image:width\" content=\"1200\" \/>\n\t<meta property=\"og:image:height\" content=\"798\" \/>\n\t<meta property=\"og:image:type\" content=\"image\/jpeg\" \/>\n<meta name=\"twitter:card\" content=\"summary_large_image\" \/>\n<meta name=\"twitter:label1\" content=\"Dur\u00e9e de lecture estim\u00e9e\" \/>\n\t<meta name=\"twitter:data1\" content=\"1 minute\" \/>\n<script type=\"application\/ld+json\" class=\"yoast-schema-graph\">{\"@context\":\"https:\\\/\\\/schema.org\",\"@graph\":[{\"@type\":\"WebPage\",\"@id\":\"https:\\\/\\\/www.hiruhinak-hotel.com\\\/fr\\\/nos-services\\\/\",\"url\":\"https:\\\/\\\/www.hiruhinak-hotel.com\\\/fr\\\/nos-services\\\/\",\"name\":\"Des services exclusifs pour un s\u00e9jour parfait | Hiru Uhinak\",\"isPartOf\":{\"@id\":\"https:\\\/\\\/www.hiruhinak-hotel.com\\\/fr\\\/#website\"},\"datePublished\":\"2025-05-07T08:06:01+00:00\",\"dateModified\":\"2025-08-27T09:44:54+00:00\",\"description\":\"D\u00e9couvrez tous les services de l'Hiru Uhinak : gastronomie, bien-\u00eatre, activit\u00e9s personnalis\u00e9es et exp\u00e9riences uniques sur la c\u00f4te basque. Vivez un s\u00e9jour inoubliable !\",\"breadcrumb\":{\"@id\":\"https:\\\/\\\/www.hiruhinak-hotel.com\\\/fr\\\/nos-services\\\/#breadcrumb\"},\"inLanguage\":\"fr-FR\",\"potentialAction\":[{\"@type\":\"ReadAction\",\"target\":[\"https:\\\/\\\/www.hiruhinak-hotel.com\\\/fr\\\/nos-services\\\/\"]}]},{\"@type\":\"BreadcrumbList\",\"@id\":\"https:\\\/\\\/www.hiruhinak-hotel.com\\\/fr\\\/nos-services\\\/#breadcrumb\",\"itemListElement\":[{\"@type\":\"ListItem\",\"position\":1,\"name\":\"Home\",\"item\":\"https:\\\/\\\/www.hiruhinak-hotel.com\\\/fr\\\/\"},{\"@type\":\"ListItem\",\"position\":2,\"name\":\"Nos Services\"}]},{\"@type\":\"WebSite\",\"@id\":\"https:\\\/\\\/www.hiruhinak-hotel.com\\\/fr\\\/#website\",\"url\":\"https:\\\/\\\/www.hiruhinak-hotel.com\\\/fr\\\/\",\"name\":\"Hiru Uhinak\",\"description\":\"Un hotel boutique sostenible en Deba, donde el mar, la monta\u00f1a y la historia se entrelazan con autenticidad\",\"publisher\":{\"@id\":\"https:\\\/\\\/www.hiruhinak-hotel.com\\\/fr\\\/#organization\"},\"alternateName\":\"Hiru Uhinak\",\"potentialAction\":[{\"@type\":\"SearchAction\",\"target\":{\"@type\":\"EntryPoint\",\"urlTemplate\":\"https:\\\/\\\/www.hiruhinak-hotel.com\\\/fr\\\/?s={search_term_string}\"},\"query-input\":{\"@type\":\"PropertyValueSpecification\",\"valueRequired\":true,\"valueName\":\"search_term_string\"}}],\"inLanguage\":\"fr-FR\"},{\"@type\":\"Organization\",\"@id\":\"https:\\\/\\\/www.hiruhinak-hotel.com\\\/fr\\\/#organization\",\"name\":\"Hiru Uhinak\",\"alternateName\":\"Hiru Uhinak\",\"url\":\"https:\\\/\\\/www.hiruhinak-hotel.com\\\/fr\\\/\",\"logo\":{\"@type\":\"ImageObject\",\"inLanguage\":\"fr-FR\",\"@id\":\"https:\\\/\\\/www.hiruhinak-hotel.com\\\/fr\\\/#\\\/schema\\\/logo\\\/image\\\/\",\"url\":\"https:\\\/\\\/www.hiruhinak-hotel.com\\\/wp-content\\\/uploads\\\/sites\\\/147\\\/2025\\\/06\\\/Logo-Hiru-Uhinakv2.png\",\"contentUrl\":\"https:\\\/\\\/www.hiruhinak-hotel.com\\\/wp-content\\\/uploads\\\/sites\\\/147\\\/2025\\\/06\\\/Logo-Hiru-Uhinakv2.png\",\"width\":160,\"height\":97,\"caption\":\"Hiru Uhinak\"},\"image\":{\"@id\":\"https:\\\/\\\/www.hiruhinak-hotel.com\\\/fr\\\/#\\\/schema\\\/logo\\\/image\\\/\"}}]}<\/script>\n<!-- \/ Yoast SEO plugin. -->","yoast_head_json":{"title":"Des services exclusifs pour un s\u00e9jour parfait | Hiru Uhinak","description":"D\u00e9couvrez tous les services de l'Hiru Uhinak : gastronomie, bien-\u00eatre, activit\u00e9s personnalis\u00e9es et exp\u00e9riences uniques sur la c\u00f4te basque. Vivez un s\u00e9jour inoubliable !","robots":{"index":"index","follow":"follow","max-snippet":"max-snippet:-1","max-image-preview":"max-image-preview:large","max-video-preview":"max-video-preview:-1"},"canonical":"https:\/\/www.hiruhinak-hotel.com\/fr\/nos-services\/","og_locale":"fr_FR","og_type":"article","og_title":"Des services exclusifs pour un s\u00e9jour parfait | Hiru Uhinak","og_description":"D\u00e9couvrez tous les services de l'Hiru Uhinak : gastronomie, bien-\u00eatre, activit\u00e9s personnalis\u00e9es et exp\u00e9riences uniques sur la c\u00f4te basque. Vivez un s\u00e9jour inoubliable !","og_url":"https:\/\/www.hiruhinak-hotel.com\/fr\/nos-services\/","og_site_name":"Hiru Uhinak","article_modified_time":"2025-08-27T09:44:54+00:00","og_image":[{"width":1200,"height":798,"url":"https:\/\/www.hiruhinak-hotel.com\/wp-content\/uploads\/sites\/147\/2025\/01\/Imagen-sl.jpg","type":"image\/jpeg"}],"twitter_card":"summary_large_image","twitter_misc":{"Dur\u00e9e de lecture estim\u00e9e":"1 minute"},"schema":{"@context":"https:\/\/schema.org","@graph":[{"@type":"WebPage","@id":"https:\/\/www.hiruhinak-hotel.com\/fr\/nos-services\/","url":"https:\/\/www.hiruhinak-hotel.com\/fr\/nos-services\/","name":"Des services exclusifs pour un s\u00e9jour parfait | Hiru Uhinak","isPartOf":{"@id":"https:\/\/www.hiruhinak-hotel.com\/fr\/#website"},"datePublished":"2025-05-07T08:06:01+00:00","dateModified":"2025-08-27T09:44:54+00:00","description":"D\u00e9couvrez tous les services de l'Hiru Uhinak : gastronomie, bien-\u00eatre, activit\u00e9s personnalis\u00e9es et exp\u00e9riences uniques sur la c\u00f4te basque. Vivez un s\u00e9jour inoubliable !","breadcrumb":{"@id":"https:\/\/www.hiruhinak-hotel.com\/fr\/nos-services\/#breadcrumb"},"inLanguage":"fr-FR","potentialAction":[{"@type":"ReadAction","target":["https:\/\/www.hiruhinak-hotel.com\/fr\/nos-services\/"]}]},{"@type":"BreadcrumbList","@id":"https:\/\/www.hiruhinak-hotel.com\/fr\/nos-services\/#breadcrumb","itemListElement":[{"@type":"ListItem","position":1,"name":"Home","item":"https:\/\/www.hiruhinak-hotel.com\/fr\/"},{"@type":"ListItem","position":2,"name":"Nos Services"}]},{"@type":"WebSite","@id":"https:\/\/www.hiruhinak-hotel.com\/fr\/#website","url":"https:\/\/www.hiruhinak-hotel.com\/fr\/","name":"Hiru Uhinak","description":"Un hotel boutique sostenible en Deba, donde el mar, la monta\u00f1a y la historia se entrelazan con autenticidad","publisher":{"@id":"https:\/\/www.hiruhinak-hotel.com\/fr\/#organization"},"alternateName":"Hiru Uhinak","potentialAction":[{"@type":"SearchAction","target":{"@type":"EntryPoint","urlTemplate":"https:\/\/www.hiruhinak-hotel.com\/fr\/?s={search_term_string}"},"query-input":{"@type":"PropertyValueSpecification","valueRequired":true,"valueName":"search_term_string"}}],"inLanguage":"fr-FR"},{"@type":"Organization","@id":"https:\/\/www.hiruhinak-hotel.com\/fr\/#organization","name":"Hiru Uhinak","alternateName":"Hiru Uhinak","url":"https:\/\/www.hiruhinak-hotel.com\/fr\/","logo":{"@type":"ImageObject","inLanguage":"fr-FR","@id":"https:\/\/www.hiruhinak-hotel.com\/fr\/#\/schema\/logo\/image\/","url":"https:\/\/www.hiruhinak-hotel.com\/wp-content\/uploads\/sites\/147\/2025\/06\/Logo-Hiru-Uhinakv2.png","contentUrl":"https:\/\/www.hiruhinak-hotel.com\/wp-content\/uploads\/sites\/147\/2025\/06\/Logo-Hiru-Uhinakv2.png","width":160,"height":97,"caption":"Hiru Uhinak"},"image":{"@id":"https:\/\/www.hiruhinak-hotel.com\/fr\/#\/schema\/logo\/image\/"}}]}},"acf":[],"_links":{"self":[{"href":"https:\/\/www.hiruhinak-hotel.com\/fr\/wp-json\/wp\/v2\/pages\/499","targetHints":{"allow":["GET"]}}],"collection":[{"href":"https:\/\/www.hiruhinak-hotel.com\/fr\/wp-json\/wp\/v2\/pages"}],"about":[{"href":"https:\/\/www.hiruhinak-hotel.com\/fr\/wp-json\/wp\/v2\/types\/page"}],"author":[{"embeddable":true,"href":"https:\/\/www.hiruhinak-hotel.com\/fr\/wp-json\/wp\/v2\/users\/12"}],"replies":[{"embeddable":true,"href":"https:\/\/www.hiruhinak-hotel.com\/fr\/wp-json\/wp\/v2\/comments?post=499"}],"version-history":[{"count":0,"href":"https:\/\/www.hiruhinak-hotel.com\/fr\/wp-json\/wp\/v2\/pages\/499\/revisions"}],"wp:attachment":[{"href":"https:\/\/www.hiruhinak-hotel.com\/fr\/wp-json\/wp\/v2\/media?parent=499"}],"curies":[{"name":"wp","href":"https:\/\/api.w.org\/{rel}","templated":true}]}}