{"id":51,"date":"2024-09-02T09:50:44","date_gmt":"2024-09-02T09:50:44","guid":{"rendered":"https:\/\/hiru-uhinak.ms2.decms.eu\/?page_id=51"},"modified":"2025-01-31T11:03:29","modified_gmt":"2025-01-31T11:03:29","slug":"page-de-pre-ouverture","status":"publish","type":"page","link":"https:\/\/www.hiruhinak-hotel.com\/fr\/page-de-pre-ouverture\/","title":{"rendered":"Page de pr\u00e9-ouverture"},"content":{"rendered":"<p style=\"text-align: center;\">Parce que le Pays Basque espagnol est beau, qu\u2019il est fier et qu\u2019il m\u00e9rite d\u2019\u00eatre d\u00e9couvert, un concept unique a vu le jour \u00e0 Deba. La t\u00eate dans les montagnes et les pieds dans l\u2019oc\u00e9an, l\u2019h\u00f4tel \u00e9cologique et r\u00e9g\u00e9n\u00e9rateur Hiru Uhinak met \u00e0 la disposition des amoureux de la nature un \u00e9crin de paix unique en son genre.<\/p>\n<p style=\"text-align: center;\"><strong>Hiru Uhinak, un concept qui se vit<\/strong><\/p>\n<p style=\"text-align: center;\">En parfaite harmonie avec son environnement, Hiru Uhinak est le fruit d\u2019un r\u00eave et d\u2019une passion : celui de proposer aux voyageurs le confort d\u2019une vie au c\u0153ur de la nature, tout en participant activement \u00e0 l\u2019\u00e9conomie locale.<\/p>\n","protected":false},"excerpt":{"rendered":"<p>Parce que le Pays Basque espagnol est beau, qu\u2019il est fier et qu\u2019il m\u00e9rite d\u2019\u00eatre d\u00e9couvert, un concept unique a vu le jour \u00e0 Deba. La t\u00eate dans les montagnes et les pieds dans l\u2019oc\u00e9an, l\u2019h\u00f4tel \u00e9cologique et r\u00e9g\u00e9n\u00e9rateur Hiru Uhinak met \u00e0 la disposition des amoureux de la nature un \u00e9crin de paix unique [&hellip;]<\/p>\n","protected":false},"author":12,"featured_media":0,"parent":0,"menu_order":1,"comment_status":"closed","ping_status":"closed","template":"template-landing-page.php","meta":{"footnotes":""},"class_list":["post-51","page","type-page","status-publish","hentry"],"yoast_head":"<!-- This site is optimized with the Yoast SEO plugin v27.3 - https:\/\/yoast.com\/product\/yoast-seo-wordpress\/ -->\n<title>H\u00f4tel r\u00e9g\u00e9n\u00e9ratif \u00e0 Deba - Pays basque - Espagne | Hiru Uhinak<\/title>\n<meta name=\"description\" content=\"D\u00e9couvrez la douceur de vivre de l&#039;h\u00f4tel 4**** Hiru Uhinak \u00e0 Deba sur la c\u00f4te basque espagnole. Chambres, studios, Spa, restaurant, id\u00e9al pour un s\u00e9jour nature\" \/>\n<meta name=\"robots\" content=\"index, follow, max-snippet:-1, max-image-preview:large, max-video-preview:-1\" \/>\n<link rel=\"canonical\" href=\"https:\/\/www.hiruhinak-hotel.com\/fr\/page-de-pre-ouverture\/\" \/>\n<meta property=\"og:locale\" content=\"fr_FR\" \/>\n<meta property=\"og:type\" content=\"article\" \/>\n<meta property=\"og:title\" content=\"H\u00f4tel r\u00e9g\u00e9n\u00e9ratif \u00e0 Deba - Pays basque - Espagne | Hiru Uhinak\" \/>\n<meta property=\"og:description\" content=\"D\u00e9couvrez la douceur de vivre de l&#039;h\u00f4tel 4**** Hiru Uhinak \u00e0 Deba sur la c\u00f4te basque espagnole. Chambres, studios, Spa, restaurant, id\u00e9al pour un s\u00e9jour nature\" \/>\n<meta property=\"og:url\" content=\"https:\/\/www.hiruhinak-hotel.com\/fr\/page-de-pre-ouverture\/\" \/>\n<meta property=\"og:site_name\" content=\"Hiru Uhinak\" \/>\n<meta property=\"article:modified_time\" content=\"2025-01-31T11:03:29+00:00\" \/>\n<meta property=\"og:image\" content=\"https:\/\/www.hiruhinak-hotel.com\/wp-content\/uploads\/sites\/147\/2025\/01\/Imagen-sl.jpg\" \/>\n\t<meta property=\"og:image:width\" content=\"1200\" \/>\n\t<meta property=\"og:image:height\" content=\"798\" \/>\n\t<meta property=\"og:image:type\" content=\"image\/jpeg\" \/>\n<meta name=\"twitter:card\" content=\"summary_large_image\" \/>\n<meta name=\"twitter:label1\" content=\"Dur\u00e9e de lecture estim\u00e9e\" \/>\n\t<meta name=\"twitter:data1\" content=\"1 minute\" \/>\n<script type=\"application\/ld+json\" class=\"yoast-schema-graph\">{\"@context\":\"https:\\\/\\\/schema.org\",\"@graph\":[{\"@type\":\"WebPage\",\"@id\":\"https:\\\/\\\/www.hiruhinak-hotel.com\\\/fr\\\/page-de-pre-ouverture\\\/\",\"url\":\"https:\\\/\\\/www.hiruhinak-hotel.com\\\/fr\\\/page-de-pre-ouverture\\\/\",\"name\":\"H\u00f4tel r\u00e9g\u00e9n\u00e9ratif \u00e0 Deba - Pays basque - Espagne | Hiru Uhinak\",\"isPartOf\":{\"@id\":\"https:\\\/\\\/www.hiruhinak-hotel.com\\\/fr\\\/#website\"},\"datePublished\":\"2024-09-02T09:50:44+00:00\",\"dateModified\":\"2025-01-31T11:03:29+00:00\",\"description\":\"D\u00e9couvrez la douceur de vivre de l'h\u00f4tel 4**** Hiru Uhinak \u00e0 Deba sur la c\u00f4te basque espagnole. Chambres, studios, Spa, restaurant, id\u00e9al pour un s\u00e9jour nature\",\"breadcrumb\":{\"@id\":\"https:\\\/\\\/www.hiruhinak-hotel.com\\\/fr\\\/page-de-pre-ouverture\\\/#breadcrumb\"},\"inLanguage\":\"fr-FR\",\"potentialAction\":[{\"@type\":\"ReadAction\",\"target\":[\"https:\\\/\\\/www.hiruhinak-hotel.com\\\/fr\\\/page-de-pre-ouverture\\\/\"]}]},{\"@type\":\"BreadcrumbList\",\"@id\":\"https:\\\/\\\/www.hiruhinak-hotel.com\\\/fr\\\/page-de-pre-ouverture\\\/#breadcrumb\",\"itemListElement\":[{\"@type\":\"ListItem\",\"position\":1,\"name\":\"Home\",\"item\":\"https:\\\/\\\/www.hiruhinak-hotel.com\\\/fr\\\/\"},{\"@type\":\"ListItem\",\"position\":2,\"name\":\"Page de pr\u00e9-ouverture\"}]},{\"@type\":\"WebSite\",\"@id\":\"https:\\\/\\\/www.hiruhinak-hotel.com\\\/fr\\\/#website\",\"url\":\"https:\\\/\\\/www.hiruhinak-hotel.com\\\/fr\\\/\",\"name\":\"Hiru Uhinak\",\"description\":\"Un hotel boutique sostenible en Deba, donde el mar, la monta\u00f1a y la historia se entrelazan con autenticidad\",\"publisher\":{\"@id\":\"https:\\\/\\\/www.hiruhinak-hotel.com\\\/fr\\\/#organization\"},\"alternateName\":\"Hiru Uhinak\",\"potentialAction\":[{\"@type\":\"SearchAction\",\"target\":{\"@type\":\"EntryPoint\",\"urlTemplate\":\"https:\\\/\\\/www.hiruhinak-hotel.com\\\/fr\\\/?s={search_term_string}\"},\"query-input\":{\"@type\":\"PropertyValueSpecification\",\"valueRequired\":true,\"valueName\":\"search_term_string\"}}],\"inLanguage\":\"fr-FR\"},{\"@type\":\"Organization\",\"@id\":\"https:\\\/\\\/www.hiruhinak-hotel.com\\\/fr\\\/#organization\",\"name\":\"Hiru Uhinak\",\"alternateName\":\"Hiru Uhinak\",\"url\":\"https:\\\/\\\/www.hiruhinak-hotel.com\\\/fr\\\/\",\"logo\":{\"@type\":\"ImageObject\",\"inLanguage\":\"fr-FR\",\"@id\":\"https:\\\/\\\/www.hiruhinak-hotel.com\\\/fr\\\/#\\\/schema\\\/logo\\\/image\\\/\",\"url\":\"https:\\\/\\\/www.hiruhinak-hotel.com\\\/wp-content\\\/uploads\\\/sites\\\/147\\\/2025\\\/06\\\/Logo-Hiru-Uhinakv2.png\",\"contentUrl\":\"https:\\\/\\\/www.hiruhinak-hotel.com\\\/wp-content\\\/uploads\\\/sites\\\/147\\\/2025\\\/06\\\/Logo-Hiru-Uhinakv2.png\",\"width\":160,\"height\":97,\"caption\":\"Hiru Uhinak\"},\"image\":{\"@id\":\"https:\\\/\\\/www.hiruhinak-hotel.com\\\/fr\\\/#\\\/schema\\\/logo\\\/image\\\/\"}}]}<\/script>\n<!-- \/ Yoast SEO plugin. -->","yoast_head_json":{"title":"H\u00f4tel r\u00e9g\u00e9n\u00e9ratif \u00e0 Deba - Pays basque - Espagne | Hiru Uhinak","description":"D\u00e9couvrez la douceur de vivre de l'h\u00f4tel 4**** Hiru Uhinak \u00e0 Deba sur la c\u00f4te basque espagnole. Chambres, studios, Spa, restaurant, id\u00e9al pour un s\u00e9jour nature","robots":{"index":"index","follow":"follow","max-snippet":"max-snippet:-1","max-image-preview":"max-image-preview:large","max-video-preview":"max-video-preview:-1"},"canonical":"https:\/\/www.hiruhinak-hotel.com\/fr\/page-de-pre-ouverture\/","og_locale":"fr_FR","og_type":"article","og_title":"H\u00f4tel r\u00e9g\u00e9n\u00e9ratif \u00e0 Deba - Pays basque - Espagne | Hiru Uhinak","og_description":"D\u00e9couvrez la douceur de vivre de l'h\u00f4tel 4**** Hiru Uhinak \u00e0 Deba sur la c\u00f4te basque espagnole. Chambres, studios, Spa, restaurant, id\u00e9al pour un s\u00e9jour nature","og_url":"https:\/\/www.hiruhinak-hotel.com\/fr\/page-de-pre-ouverture\/","og_site_name":"Hiru Uhinak","article_modified_time":"2025-01-31T11:03:29+00:00","og_image":[{"width":1200,"height":798,"url":"https:\/\/www.hiruhinak-hotel.com\/wp-content\/uploads\/sites\/147\/2025\/01\/Imagen-sl.jpg","type":"image\/jpeg"}],"twitter_card":"summary_large_image","twitter_misc":{"Dur\u00e9e de lecture estim\u00e9e":"1 minute"},"schema":{"@context":"https:\/\/schema.org","@graph":[{"@type":"WebPage","@id":"https:\/\/www.hiruhinak-hotel.com\/fr\/page-de-pre-ouverture\/","url":"https:\/\/www.hiruhinak-hotel.com\/fr\/page-de-pre-ouverture\/","name":"H\u00f4tel r\u00e9g\u00e9n\u00e9ratif \u00e0 Deba - Pays basque - Espagne | Hiru Uhinak","isPartOf":{"@id":"https:\/\/www.hiruhinak-hotel.com\/fr\/#website"},"datePublished":"2024-09-02T09:50:44+00:00","dateModified":"2025-01-31T11:03:29+00:00","description":"D\u00e9couvrez la douceur de vivre de l'h\u00f4tel 4**** Hiru Uhinak \u00e0 Deba sur la c\u00f4te basque espagnole. Chambres, studios, Spa, restaurant, id\u00e9al pour un s\u00e9jour nature","breadcrumb":{"@id":"https:\/\/www.hiruhinak-hotel.com\/fr\/page-de-pre-ouverture\/#breadcrumb"},"inLanguage":"fr-FR","potentialAction":[{"@type":"ReadAction","target":["https:\/\/www.hiruhinak-hotel.com\/fr\/page-de-pre-ouverture\/"]}]},{"@type":"BreadcrumbList","@id":"https:\/\/www.hiruhinak-hotel.com\/fr\/page-de-pre-ouverture\/#breadcrumb","itemListElement":[{"@type":"ListItem","position":1,"name":"Home","item":"https:\/\/www.hiruhinak-hotel.com\/fr\/"},{"@type":"ListItem","position":2,"name":"Page de pr\u00e9-ouverture"}]},{"@type":"WebSite","@id":"https:\/\/www.hiruhinak-hotel.com\/fr\/#website","url":"https:\/\/www.hiruhinak-hotel.com\/fr\/","name":"Hiru Uhinak","description":"Un hotel boutique sostenible en Deba, donde el mar, la monta\u00f1a y la historia se entrelazan con autenticidad","publisher":{"@id":"https:\/\/www.hiruhinak-hotel.com\/fr\/#organization"},"alternateName":"Hiru Uhinak","potentialAction":[{"@type":"SearchAction","target":{"@type":"EntryPoint","urlTemplate":"https:\/\/www.hiruhinak-hotel.com\/fr\/?s={search_term_string}"},"query-input":{"@type":"PropertyValueSpecification","valueRequired":true,"valueName":"search_term_string"}}],"inLanguage":"fr-FR"},{"@type":"Organization","@id":"https:\/\/www.hiruhinak-hotel.com\/fr\/#organization","name":"Hiru Uhinak","alternateName":"Hiru Uhinak","url":"https:\/\/www.hiruhinak-hotel.com\/fr\/","logo":{"@type":"ImageObject","inLanguage":"fr-FR","@id":"https:\/\/www.hiruhinak-hotel.com\/fr\/#\/schema\/logo\/image\/","url":"https:\/\/www.hiruhinak-hotel.com\/wp-content\/uploads\/sites\/147\/2025\/06\/Logo-Hiru-Uhinakv2.png","contentUrl":"https:\/\/www.hiruhinak-hotel.com\/wp-content\/uploads\/sites\/147\/2025\/06\/Logo-Hiru-Uhinakv2.png","width":160,"height":97,"caption":"Hiru Uhinak"},"image":{"@id":"https:\/\/www.hiruhinak-hotel.com\/fr\/#\/schema\/logo\/image\/"}}]}},"acf":[],"_links":{"self":[{"href":"https:\/\/www.hiruhinak-hotel.com\/fr\/wp-json\/wp\/v2\/pages\/51","targetHints":{"allow":["GET"]}}],"collection":[{"href":"https:\/\/www.hiruhinak-hotel.com\/fr\/wp-json\/wp\/v2\/pages"}],"about":[{"href":"https:\/\/www.hiruhinak-hotel.com\/fr\/wp-json\/wp\/v2\/types\/page"}],"author":[{"embeddable":true,"href":"https:\/\/www.hiruhinak-hotel.com\/fr\/wp-json\/wp\/v2\/users\/12"}],"replies":[{"embeddable":true,"href":"https:\/\/www.hiruhinak-hotel.com\/fr\/wp-json\/wp\/v2\/comments?post=51"}],"version-history":[{"count":0,"href":"https:\/\/www.hiruhinak-hotel.com\/fr\/wp-json\/wp\/v2\/pages\/51\/revisions"}],"wp:attachment":[{"href":"https:\/\/www.hiruhinak-hotel.com\/fr\/wp-json\/wp\/v2\/media?parent=51"}],"curies":[{"name":"wp","href":"https:\/\/api.w.org\/{rel}","templated":true}]}}