{"id":511,"date":"2025-04-24T13:13:16","date_gmt":"2025-04-24T13:13:16","guid":{"rendered":"https:\/\/www.hiruhinak-hotel.com\/habitaciones-premium-atico-con-vistas-al-mar\/"},"modified":"2025-10-13T14:04:13","modified_gmt":"2025-10-13T14:04:13","slug":"chambres-premium-mansardees-avec-vue-sur-la-mer","status":"publish","type":"page","link":"https:\/\/www.hiruhinak-hotel.com\/fr\/chambres-et-studios\/chambres-premium-mansardees-avec-vue-sur-la-mer\/","title":{"rendered":"Chambres Premium Mansard\u00e9es avec vue sur la mer"},"content":{"rendered":"<p><span data-sheets-root=\"1\">Situ\u00e9es au dernier \u00e9tage de l&rsquo;h\u00f4tel, nos deux chambres Premium Mansard\u00e9es de 35 m\u00b2 offrent une exp\u00e9rience exclusive avec une vue imprenable sur la c\u00f4te basque. <\/span><\/p>\n<p><span data-sheets-root=\"1\">Sa grande terrasse priv\u00e9e est l&rsquo;endroit id\u00e9al pour profiter du soleil de Deba dans un cadre intime et raffin\u00e9.<br \/>\n<\/span><\/p>\n","protected":false},"excerpt":{"rendered":"<p>Situ\u00e9es au dernier \u00e9tage de l&rsquo;h\u00f4tel, nos deux chambres Premium Mansard\u00e9es de 35 m\u00b2 offrent une exp\u00e9rience exclusive avec une vue imprenable sur la c\u00f4te basque. Sa grande terrasse priv\u00e9e est l&rsquo;endroit id\u00e9al pour profiter du soleil de Deba dans un cadre intime et raffin\u00e9.<\/p>\n","protected":false},"author":12,"featured_media":0,"parent":547,"menu_order":5,"comment_status":"closed","ping_status":"closed","template":"template-single-room.php","meta":{"footnotes":""},"yoast_head":"<!-- This site is optimized with the Yoast SEO plugin v22.3 - https:\/\/yoast.com\/wordpress\/plugins\/seo\/ -->\n<title>Chambre Premium Mansard\u00e9e | Hiru Uhinak, exclusivit\u00e9 avec vue sur la mer, est un autre exemple de cette excellence<\/title>\n<meta name=\"description\" content=\"D\u00e9couvrez l&#039;exclusivit\u00e9 de nos chambres Premium Mansard\u00e9es avec terrasse priv\u00e9e et vue panoramique \u00e0 Hiru Uhinak R\u00e9servez votre s\u00e9jour de r\u00eave !\" \/>\n<meta name=\"robots\" content=\"index, follow, max-snippet:-1, max-image-preview:large, max-video-preview:-1\" \/>\n<link rel=\"canonical\" href=\"https:\/\/www.hiruhinak-hotel.com\/fr\/chambres-et-studios\/chambres-premium-mansardees-avec-vue-sur-la-mer\/\" \/>\n<meta property=\"og:locale\" content=\"fr_FR\" \/>\n<meta property=\"og:type\" content=\"article\" \/>\n<meta property=\"og:title\" content=\"Chambre Premium Mansard\u00e9e | Hiru Uhinak, exclusivit\u00e9 avec vue sur la mer, est un autre exemple de cette excellence\" \/>\n<meta property=\"og:description\" content=\"D\u00e9couvrez l&#039;exclusivit\u00e9 de nos chambres Premium Mansard\u00e9es avec terrasse priv\u00e9e et vue panoramique \u00e0 Hiru Uhinak R\u00e9servez votre s\u00e9jour de r\u00eave !\" \/>\n<meta property=\"og:url\" content=\"https:\/\/www.hiruhinak-hotel.com\/fr\/chambres-et-studios\/chambres-premium-mansardees-avec-vue-sur-la-mer\/\" \/>\n<meta property=\"og:site_name\" content=\"Hiru Uhinak\" \/>\n<meta property=\"article:modified_time\" content=\"2025-10-13T14:04:13+00:00\" \/>\n<meta property=\"og:image\" content=\"https:\/\/www.hiruhinak-hotel.com\/wp-content\/uploads\/sites\/147\/2025\/01\/Imagen-sl.jpg\" \/>\n\t<meta property=\"og:image:width\" content=\"1200\" \/>\n\t<meta property=\"og:image:height\" content=\"798\" \/>\n\t<meta property=\"og:image:type\" content=\"image\/jpeg\" \/>\n<meta name=\"twitter:card\" content=\"summary_large_image\" \/>\n<meta name=\"twitter:label1\" content=\"Dur\u00e9e de lecture estim\u00e9e\" \/>\n\t<meta name=\"twitter:data1\" content=\"1 minute\" \/>\n<script type=\"application\/ld+json\" class=\"yoast-schema-graph\">{\"@context\":\"https:\/\/schema.org\",\"@graph\":[{\"@type\":\"WebPage\",\"@id\":\"https:\/\/www.hiruhinak-hotel.com\/fr\/chambres-et-studios\/chambres-premium-mansardees-avec-vue-sur-la-mer\/\",\"url\":\"https:\/\/www.hiruhinak-hotel.com\/fr\/chambres-et-studios\/chambres-premium-mansardees-avec-vue-sur-la-mer\/\",\"name\":\"Chambre Premium Mansard\u00e9e | Hiru Uhinak, exclusivit\u00e9 avec vue sur la mer, est un autre exemple de cette excellence\",\"isPartOf\":{\"@id\":\"https:\/\/www.hiruhinak-hotel.com\/fr\/#website\"},\"datePublished\":\"2025-04-24T13:13:16+00:00\",\"dateModified\":\"2025-10-13T14:04:13+00:00\",\"description\":\"D\u00e9couvrez l'exclusivit\u00e9 de nos chambres Premium Mansard\u00e9es avec terrasse priv\u00e9e et vue panoramique \u00e0 Hiru Uhinak R\u00e9servez votre s\u00e9jour de r\u00eave !\",\"breadcrumb\":{\"@id\":\"https:\/\/www.hiruhinak-hotel.com\/fr\/chambres-et-studios\/chambres-premium-mansardees-avec-vue-sur-la-mer\/#breadcrumb\"},\"inLanguage\":\"fr-FR\",\"potentialAction\":[{\"@type\":\"ReadAction\",\"target\":[\"https:\/\/www.hiruhinak-hotel.com\/fr\/chambres-et-studios\/chambres-premium-mansardees-avec-vue-sur-la-mer\/\"]}]},{\"@type\":\"BreadcrumbList\",\"@id\":\"https:\/\/www.hiruhinak-hotel.com\/fr\/chambres-et-studios\/chambres-premium-mansardees-avec-vue-sur-la-mer\/#breadcrumb\",\"itemListElement\":[{\"@type\":\"ListItem\",\"position\":1,\"name\":\"Home\",\"item\":\"https:\/\/www.hiruhinak-hotel.com\/fr\/\"},{\"@type\":\"ListItem\",\"position\":2,\"name\":\"Chambres et studios\",\"item\":\"https:\/\/www.hiruhinak-hotel.com\/fr\/chambres-et-studios\/\"},{\"@type\":\"ListItem\",\"position\":3,\"name\":\"Chambres Premium Mansard\u00e9es avec vue sur la mer\"}]},{\"@type\":\"WebSite\",\"@id\":\"https:\/\/www.hiruhinak-hotel.com\/fr\/#website\",\"url\":\"https:\/\/www.hiruhinak-hotel.com\/fr\/\",\"name\":\"Hiru Uhinak\",\"description\":\"Un hotel boutique sostenible en Deba, donde el mar, la monta\u00f1a y la historia se entrelazan con autenticidad\",\"publisher\":{\"@id\":\"https:\/\/www.hiruhinak-hotel.com\/fr\/#organization\"},\"alternateName\":\"Hiru Uhinak\",\"potentialAction\":[{\"@type\":\"SearchAction\",\"target\":{\"@type\":\"EntryPoint\",\"urlTemplate\":\"https:\/\/www.hiruhinak-hotel.com\/fr\/?s={search_term_string}\"},\"query-input\":\"required name=search_term_string\"}],\"inLanguage\":\"fr-FR\"},{\"@type\":\"Organization\",\"@id\":\"https:\/\/www.hiruhinak-hotel.com\/fr\/#organization\",\"name\":\"Hiru Uhinak\",\"alternateName\":\"Hiru Uhinak\",\"url\":\"https:\/\/www.hiruhinak-hotel.com\/fr\/\",\"logo\":{\"@type\":\"ImageObject\",\"inLanguage\":\"fr-FR\",\"@id\":\"https:\/\/www.hiruhinak-hotel.com\/fr\/#\/schema\/logo\/image\/\",\"url\":\"https:\/\/www.hiruhinak-hotel.com\/wp-content\/uploads\/sites\/147\/2025\/06\/Logo-Hiru-Uhinakv2.png\",\"contentUrl\":\"https:\/\/www.hiruhinak-hotel.com\/wp-content\/uploads\/sites\/147\/2025\/06\/Logo-Hiru-Uhinakv2.png\",\"width\":160,\"height\":97,\"caption\":\"Hiru Uhinak\"},\"image\":{\"@id\":\"https:\/\/www.hiruhinak-hotel.com\/fr\/#\/schema\/logo\/image\/\"}}]}<\/script>\n<!-- \/ Yoast SEO plugin. -->","yoast_head_json":{"title":"Chambre Premium Mansard\u00e9e | Hiru Uhinak, exclusivit\u00e9 avec vue sur la mer, est un autre exemple de cette excellence","description":"D\u00e9couvrez l'exclusivit\u00e9 de nos chambres Premium Mansard\u00e9es avec terrasse priv\u00e9e et vue panoramique \u00e0 Hiru Uhinak R\u00e9servez votre s\u00e9jour de r\u00eave !","robots":{"index":"index","follow":"follow","max-snippet":"max-snippet:-1","max-image-preview":"max-image-preview:large","max-video-preview":"max-video-preview:-1"},"canonical":"https:\/\/www.hiruhinak-hotel.com\/fr\/chambres-et-studios\/chambres-premium-mansardees-avec-vue-sur-la-mer\/","og_locale":"fr_FR","og_type":"article","og_title":"Chambre Premium Mansard\u00e9e | Hiru Uhinak, exclusivit\u00e9 avec vue sur la mer, est un autre exemple de cette excellence","og_description":"D\u00e9couvrez l'exclusivit\u00e9 de nos chambres Premium Mansard\u00e9es avec terrasse priv\u00e9e et vue panoramique \u00e0 Hiru Uhinak R\u00e9servez votre s\u00e9jour de r\u00eave !","og_url":"https:\/\/www.hiruhinak-hotel.com\/fr\/chambres-et-studios\/chambres-premium-mansardees-avec-vue-sur-la-mer\/","og_site_name":"Hiru Uhinak","article_modified_time":"2025-10-13T14:04:13+00:00","og_image":[{"width":1200,"height":798,"url":"https:\/\/www.hiruhinak-hotel.com\/wp-content\/uploads\/sites\/147\/2025\/01\/Imagen-sl.jpg","type":"image\/jpeg"}],"twitter_card":"summary_large_image","twitter_misc":{"Dur\u00e9e de lecture estim\u00e9e":"1 minute"},"schema":{"@context":"https:\/\/schema.org","@graph":[{"@type":"WebPage","@id":"https:\/\/www.hiruhinak-hotel.com\/fr\/chambres-et-studios\/chambres-premium-mansardees-avec-vue-sur-la-mer\/","url":"https:\/\/www.hiruhinak-hotel.com\/fr\/chambres-et-studios\/chambres-premium-mansardees-avec-vue-sur-la-mer\/","name":"Chambre Premium Mansard\u00e9e | Hiru Uhinak, exclusivit\u00e9 avec vue sur la mer, est un autre exemple de cette excellence","isPartOf":{"@id":"https:\/\/www.hiruhinak-hotel.com\/fr\/#website"},"datePublished":"2025-04-24T13:13:16+00:00","dateModified":"2025-10-13T14:04:13+00:00","description":"D\u00e9couvrez l'exclusivit\u00e9 de nos chambres Premium Mansard\u00e9es avec terrasse priv\u00e9e et vue panoramique \u00e0 Hiru Uhinak R\u00e9servez votre s\u00e9jour de r\u00eave !","breadcrumb":{"@id":"https:\/\/www.hiruhinak-hotel.com\/fr\/chambres-et-studios\/chambres-premium-mansardees-avec-vue-sur-la-mer\/#breadcrumb"},"inLanguage":"fr-FR","potentialAction":[{"@type":"ReadAction","target":["https:\/\/www.hiruhinak-hotel.com\/fr\/chambres-et-studios\/chambres-premium-mansardees-avec-vue-sur-la-mer\/"]}]},{"@type":"BreadcrumbList","@id":"https:\/\/www.hiruhinak-hotel.com\/fr\/chambres-et-studios\/chambres-premium-mansardees-avec-vue-sur-la-mer\/#breadcrumb","itemListElement":[{"@type":"ListItem","position":1,"name":"Home","item":"https:\/\/www.hiruhinak-hotel.com\/fr\/"},{"@type":"ListItem","position":2,"name":"Chambres et studios","item":"https:\/\/www.hiruhinak-hotel.com\/fr\/chambres-et-studios\/"},{"@type":"ListItem","position":3,"name":"Chambres Premium Mansard\u00e9es avec vue sur la mer"}]},{"@type":"WebSite","@id":"https:\/\/www.hiruhinak-hotel.com\/fr\/#website","url":"https:\/\/www.hiruhinak-hotel.com\/fr\/","name":"Hiru Uhinak","description":"Un hotel boutique sostenible en Deba, donde el mar, la monta\u00f1a y la historia se entrelazan con autenticidad","publisher":{"@id":"https:\/\/www.hiruhinak-hotel.com\/fr\/#organization"},"alternateName":"Hiru Uhinak","potentialAction":[{"@type":"SearchAction","target":{"@type":"EntryPoint","urlTemplate":"https:\/\/www.hiruhinak-hotel.com\/fr\/?s={search_term_string}"},"query-input":"required name=search_term_string"}],"inLanguage":"fr-FR"},{"@type":"Organization","@id":"https:\/\/www.hiruhinak-hotel.com\/fr\/#organization","name":"Hiru Uhinak","alternateName":"Hiru Uhinak","url":"https:\/\/www.hiruhinak-hotel.com\/fr\/","logo":{"@type":"ImageObject","inLanguage":"fr-FR","@id":"https:\/\/www.hiruhinak-hotel.com\/fr\/#\/schema\/logo\/image\/","url":"https:\/\/www.hiruhinak-hotel.com\/wp-content\/uploads\/sites\/147\/2025\/06\/Logo-Hiru-Uhinakv2.png","contentUrl":"https:\/\/www.hiruhinak-hotel.com\/wp-content\/uploads\/sites\/147\/2025\/06\/Logo-Hiru-Uhinakv2.png","width":160,"height":97,"caption":"Hiru Uhinak"},"image":{"@id":"https:\/\/www.hiruhinak-hotel.com\/fr\/#\/schema\/logo\/image\/"}}]}},"acf":[],"_links":{"self":[{"href":"https:\/\/www.hiruhinak-hotel.com\/fr\/wp-json\/wp\/v2\/pages\/511"}],"collection":[{"href":"https:\/\/www.hiruhinak-hotel.com\/fr\/wp-json\/wp\/v2\/pages"}],"about":[{"href":"https:\/\/www.hiruhinak-hotel.com\/fr\/wp-json\/wp\/v2\/types\/page"}],"author":[{"embeddable":true,"href":"https:\/\/www.hiruhinak-hotel.com\/fr\/wp-json\/wp\/v2\/users\/12"}],"replies":[{"embeddable":true,"href":"https:\/\/www.hiruhinak-hotel.com\/fr\/wp-json\/wp\/v2\/comments?post=511"}],"version-history":[{"count":0,"href":"https:\/\/www.hiruhinak-hotel.com\/fr\/wp-json\/wp\/v2\/pages\/511\/revisions"}],"up":[{"embeddable":true,"href":"https:\/\/www.hiruhinak-hotel.com\/fr\/wp-json\/wp\/v2\/pages\/547"}],"wp:attachment":[{"href":"https:\/\/www.hiruhinak-hotel.com\/fr\/wp-json\/wp\/v2\/media?parent=511"}],"curies":[{"name":"wp","href":"https:\/\/api.w.org\/{rel}","templated":true}]}}