{"id":520,"date":"2025-04-24T12:21:32","date_gmt":"2025-04-24T12:21:32","guid":{"rendered":"https:\/\/www.hiruhinak-hotel.com\/habitaciones-dobles-confort\/"},"modified":"2025-08-27T09:42:34","modified_gmt":"2025-08-27T09:42:34","slug":"chambres-doubles-confort","status":"publish","type":"page","link":"https:\/\/www.hiruhinak-hotel.com\/fr\/chambres-et-studios\/chambres-doubles-confort\/","title":{"rendered":"Chambres Doubles Confort"},"content":{"rendered":"<p><span data-sheets-root=\"1\">Nos huit chambres doubles Confort de 25 m\u00b2 ont \u00e9t\u00e9 con\u00e7ues pour vous offrir un s\u00e9jour relaxant dans une atmosph\u00e8re sereine. <\/span><\/p>\n<p><span data-sheets-root=\"1\">Un espace douillet qui vous enveloppe de tranquillit\u00e9 et de simplicit\u00e9, parfait pour ceux qui recherchent un havre de paix<\/span><\/p>\n<p>&nbsp;<\/p>\n","protected":false},"excerpt":{"rendered":"<p>Nos huit chambres doubles Confort de 25 m\u00b2 ont \u00e9t\u00e9 con\u00e7ues pour vous offrir un s\u00e9jour relaxant dans une atmosph\u00e8re sereine. Un espace douillet qui vous enveloppe de tranquillit\u00e9 et de simplicit\u00e9, parfait pour ceux qui recherchent un havre de paix &nbsp;<\/p>\n","protected":false},"author":12,"featured_media":0,"parent":547,"menu_order":2,"comment_status":"closed","ping_status":"closed","template":"template-single-room.php","meta":{"footnotes":""},"yoast_head":"<!-- This site is optimized with the Yoast SEO plugin v22.3 - https:\/\/yoast.com\/wordpress\/plugins\/seo\/ -->\n<title>Chambre double confort | S\u00e9jour relaxant \u00e0 Hiru Uhinak.<\/title>\n<meta name=\"description\" content=\"Profitez de la tranquillit\u00e9 et du confort de la chambre double Confort \u00e0 l&#039;Hiru Uhinak, un refuge situ\u00e9 sur la c\u00f4te basque. R\u00e9servez votre s\u00e9jour !\" \/>\n<meta name=\"robots\" content=\"index, follow, max-snippet:-1, max-image-preview:large, max-video-preview:-1\" \/>\n<link rel=\"canonical\" href=\"https:\/\/www.hiruhinak-hotel.com\/fr\/chambres-et-studios\/chambres-doubles-confort\/\" \/>\n<meta property=\"og:locale\" content=\"fr_FR\" \/>\n<meta property=\"og:type\" content=\"article\" \/>\n<meta property=\"og:title\" content=\"Chambre double confort | S\u00e9jour relaxant \u00e0 Hiru Uhinak.\" \/>\n<meta property=\"og:description\" content=\"Profitez de la tranquillit\u00e9 et du confort de la chambre double Confort \u00e0 l&#039;Hiru Uhinak, un refuge situ\u00e9 sur la c\u00f4te basque. R\u00e9servez votre s\u00e9jour !\" \/>\n<meta property=\"og:url\" content=\"https:\/\/www.hiruhinak-hotel.com\/fr\/chambres-et-studios\/chambres-doubles-confort\/\" \/>\n<meta property=\"og:site_name\" content=\"Hiru Uhinak\" \/>\n<meta property=\"article:modified_time\" content=\"2025-08-27T09:42:34+00:00\" \/>\n<meta property=\"og:image\" content=\"https:\/\/www.hiruhinak-hotel.com\/wp-content\/uploads\/sites\/147\/2025\/01\/Imagen-sl.jpg\" \/>\n\t<meta property=\"og:image:width\" content=\"1200\" \/>\n\t<meta property=\"og:image:height\" content=\"798\" \/>\n\t<meta property=\"og:image:type\" content=\"image\/jpeg\" \/>\n<meta name=\"twitter:card\" content=\"summary_large_image\" \/>\n<meta name=\"twitter:label1\" content=\"Dur\u00e9e de lecture estim\u00e9e\" \/>\n\t<meta name=\"twitter:data1\" content=\"1 minute\" \/>\n<script type=\"application\/ld+json\" class=\"yoast-schema-graph\">{\"@context\":\"https:\/\/schema.org\",\"@graph\":[{\"@type\":\"WebPage\",\"@id\":\"https:\/\/www.hiruhinak-hotel.com\/fr\/chambres-et-studios\/chambres-doubles-confort\/\",\"url\":\"https:\/\/www.hiruhinak-hotel.com\/fr\/chambres-et-studios\/chambres-doubles-confort\/\",\"name\":\"Chambre double confort | S\u00e9jour relaxant \u00e0 Hiru Uhinak.\",\"isPartOf\":{\"@id\":\"https:\/\/www.hiruhinak-hotel.com\/fr\/#website\"},\"datePublished\":\"2025-04-24T12:21:32+00:00\",\"dateModified\":\"2025-08-27T09:42:34+00:00\",\"description\":\"Profitez de la tranquillit\u00e9 et du confort de la chambre double Confort \u00e0 l'Hiru Uhinak, un refuge situ\u00e9 sur la c\u00f4te basque. R\u00e9servez votre s\u00e9jour !\",\"breadcrumb\":{\"@id\":\"https:\/\/www.hiruhinak-hotel.com\/fr\/chambres-et-studios\/chambres-doubles-confort\/#breadcrumb\"},\"inLanguage\":\"fr-FR\",\"potentialAction\":[{\"@type\":\"ReadAction\",\"target\":[\"https:\/\/www.hiruhinak-hotel.com\/fr\/chambres-et-studios\/chambres-doubles-confort\/\"]}]},{\"@type\":\"BreadcrumbList\",\"@id\":\"https:\/\/www.hiruhinak-hotel.com\/fr\/chambres-et-studios\/chambres-doubles-confort\/#breadcrumb\",\"itemListElement\":[{\"@type\":\"ListItem\",\"position\":1,\"name\":\"Home\",\"item\":\"https:\/\/www.hiruhinak-hotel.com\/fr\/\"},{\"@type\":\"ListItem\",\"position\":2,\"name\":\"Chambres et studios\",\"item\":\"https:\/\/www.hiruhinak-hotel.com\/fr\/chambres-et-studios\/\"},{\"@type\":\"ListItem\",\"position\":3,\"name\":\"Chambres Doubles Confort\"}]},{\"@type\":\"WebSite\",\"@id\":\"https:\/\/www.hiruhinak-hotel.com\/fr\/#website\",\"url\":\"https:\/\/www.hiruhinak-hotel.com\/fr\/\",\"name\":\"Hiru Uhinak\",\"description\":\"Un hotel boutique sostenible en Deba, donde el mar, la monta\u00f1a y la historia se entrelazan con autenticidad\",\"publisher\":{\"@id\":\"https:\/\/www.hiruhinak-hotel.com\/fr\/#organization\"},\"alternateName\":\"Hiru Uhinak\",\"potentialAction\":[{\"@type\":\"SearchAction\",\"target\":{\"@type\":\"EntryPoint\",\"urlTemplate\":\"https:\/\/www.hiruhinak-hotel.com\/fr\/?s={search_term_string}\"},\"query-input\":\"required name=search_term_string\"}],\"inLanguage\":\"fr-FR\"},{\"@type\":\"Organization\",\"@id\":\"https:\/\/www.hiruhinak-hotel.com\/fr\/#organization\",\"name\":\"Hiru Uhinak\",\"alternateName\":\"Hiru Uhinak\",\"url\":\"https:\/\/www.hiruhinak-hotel.com\/fr\/\",\"logo\":{\"@type\":\"ImageObject\",\"inLanguage\":\"fr-FR\",\"@id\":\"https:\/\/www.hiruhinak-hotel.com\/fr\/#\/schema\/logo\/image\/\",\"url\":\"https:\/\/www.hiruhinak-hotel.com\/wp-content\/uploads\/sites\/147\/2025\/06\/Logo-Hiru-Uhinakv2.png\",\"contentUrl\":\"https:\/\/www.hiruhinak-hotel.com\/wp-content\/uploads\/sites\/147\/2025\/06\/Logo-Hiru-Uhinakv2.png\",\"width\":160,\"height\":97,\"caption\":\"Hiru Uhinak\"},\"image\":{\"@id\":\"https:\/\/www.hiruhinak-hotel.com\/fr\/#\/schema\/logo\/image\/\"}}]}<\/script>\n<!-- \/ Yoast SEO plugin. -->","yoast_head_json":{"title":"Chambre double confort | S\u00e9jour relaxant \u00e0 Hiru Uhinak.","description":"Profitez de la tranquillit\u00e9 et du confort de la chambre double Confort \u00e0 l'Hiru Uhinak, un refuge situ\u00e9 sur la c\u00f4te basque. R\u00e9servez votre s\u00e9jour !","robots":{"index":"index","follow":"follow","max-snippet":"max-snippet:-1","max-image-preview":"max-image-preview:large","max-video-preview":"max-video-preview:-1"},"canonical":"https:\/\/www.hiruhinak-hotel.com\/fr\/chambres-et-studios\/chambres-doubles-confort\/","og_locale":"fr_FR","og_type":"article","og_title":"Chambre double confort | S\u00e9jour relaxant \u00e0 Hiru Uhinak.","og_description":"Profitez de la tranquillit\u00e9 et du confort de la chambre double Confort \u00e0 l'Hiru Uhinak, un refuge situ\u00e9 sur la c\u00f4te basque. R\u00e9servez votre s\u00e9jour !","og_url":"https:\/\/www.hiruhinak-hotel.com\/fr\/chambres-et-studios\/chambres-doubles-confort\/","og_site_name":"Hiru Uhinak","article_modified_time":"2025-08-27T09:42:34+00:00","og_image":[{"width":1200,"height":798,"url":"https:\/\/www.hiruhinak-hotel.com\/wp-content\/uploads\/sites\/147\/2025\/01\/Imagen-sl.jpg","type":"image\/jpeg"}],"twitter_card":"summary_large_image","twitter_misc":{"Dur\u00e9e de lecture estim\u00e9e":"1 minute"},"schema":{"@context":"https:\/\/schema.org","@graph":[{"@type":"WebPage","@id":"https:\/\/www.hiruhinak-hotel.com\/fr\/chambres-et-studios\/chambres-doubles-confort\/","url":"https:\/\/www.hiruhinak-hotel.com\/fr\/chambres-et-studios\/chambres-doubles-confort\/","name":"Chambre double confort | S\u00e9jour relaxant \u00e0 Hiru Uhinak.","isPartOf":{"@id":"https:\/\/www.hiruhinak-hotel.com\/fr\/#website"},"datePublished":"2025-04-24T12:21:32+00:00","dateModified":"2025-08-27T09:42:34+00:00","description":"Profitez de la tranquillit\u00e9 et du confort de la chambre double Confort \u00e0 l'Hiru Uhinak, un refuge situ\u00e9 sur la c\u00f4te basque. R\u00e9servez votre s\u00e9jour !","breadcrumb":{"@id":"https:\/\/www.hiruhinak-hotel.com\/fr\/chambres-et-studios\/chambres-doubles-confort\/#breadcrumb"},"inLanguage":"fr-FR","potentialAction":[{"@type":"ReadAction","target":["https:\/\/www.hiruhinak-hotel.com\/fr\/chambres-et-studios\/chambres-doubles-confort\/"]}]},{"@type":"BreadcrumbList","@id":"https:\/\/www.hiruhinak-hotel.com\/fr\/chambres-et-studios\/chambres-doubles-confort\/#breadcrumb","itemListElement":[{"@type":"ListItem","position":1,"name":"Home","item":"https:\/\/www.hiruhinak-hotel.com\/fr\/"},{"@type":"ListItem","position":2,"name":"Chambres et studios","item":"https:\/\/www.hiruhinak-hotel.com\/fr\/chambres-et-studios\/"},{"@type":"ListItem","position":3,"name":"Chambres Doubles Confort"}]},{"@type":"WebSite","@id":"https:\/\/www.hiruhinak-hotel.com\/fr\/#website","url":"https:\/\/www.hiruhinak-hotel.com\/fr\/","name":"Hiru Uhinak","description":"Un hotel boutique sostenible en Deba, donde el mar, la monta\u00f1a y la historia se entrelazan con autenticidad","publisher":{"@id":"https:\/\/www.hiruhinak-hotel.com\/fr\/#organization"},"alternateName":"Hiru Uhinak","potentialAction":[{"@type":"SearchAction","target":{"@type":"EntryPoint","urlTemplate":"https:\/\/www.hiruhinak-hotel.com\/fr\/?s={search_term_string}"},"query-input":"required name=search_term_string"}],"inLanguage":"fr-FR"},{"@type":"Organization","@id":"https:\/\/www.hiruhinak-hotel.com\/fr\/#organization","name":"Hiru Uhinak","alternateName":"Hiru Uhinak","url":"https:\/\/www.hiruhinak-hotel.com\/fr\/","logo":{"@type":"ImageObject","inLanguage":"fr-FR","@id":"https:\/\/www.hiruhinak-hotel.com\/fr\/#\/schema\/logo\/image\/","url":"https:\/\/www.hiruhinak-hotel.com\/wp-content\/uploads\/sites\/147\/2025\/06\/Logo-Hiru-Uhinakv2.png","contentUrl":"https:\/\/www.hiruhinak-hotel.com\/wp-content\/uploads\/sites\/147\/2025\/06\/Logo-Hiru-Uhinakv2.png","width":160,"height":97,"caption":"Hiru Uhinak"},"image":{"@id":"https:\/\/www.hiruhinak-hotel.com\/fr\/#\/schema\/logo\/image\/"}}]}},"acf":[],"_links":{"self":[{"href":"https:\/\/www.hiruhinak-hotel.com\/fr\/wp-json\/wp\/v2\/pages\/520"}],"collection":[{"href":"https:\/\/www.hiruhinak-hotel.com\/fr\/wp-json\/wp\/v2\/pages"}],"about":[{"href":"https:\/\/www.hiruhinak-hotel.com\/fr\/wp-json\/wp\/v2\/types\/page"}],"author":[{"embeddable":true,"href":"https:\/\/www.hiruhinak-hotel.com\/fr\/wp-json\/wp\/v2\/users\/12"}],"replies":[{"embeddable":true,"href":"https:\/\/www.hiruhinak-hotel.com\/fr\/wp-json\/wp\/v2\/comments?post=520"}],"version-history":[{"count":0,"href":"https:\/\/www.hiruhinak-hotel.com\/fr\/wp-json\/wp\/v2\/pages\/520\/revisions"}],"up":[{"embeddable":true,"href":"https:\/\/www.hiruhinak-hotel.com\/fr\/wp-json\/wp\/v2\/pages\/547"}],"wp:attachment":[{"href":"https:\/\/www.hiruhinak-hotel.com\/fr\/wp-json\/wp\/v2\/media?parent=520"}],"curies":[{"name":"wp","href":"https:\/\/api.w.org\/{rel}","templated":true}]}}