{"id":529,"date":"2025-04-14T12:58:59","date_gmt":"2025-04-14T12:58:59","guid":{"rendered":"https:\/\/www.hiruhinak-hotel.com\/gimnasio-clases\/"},"modified":"2025-08-27T09:48:06","modified_gmt":"2025-08-27T09:48:06","slug":"gymnase-et-cours","status":"publish","type":"page","link":"https:\/\/www.hiruhinak-hotel.com\/fr\/club-lapari\/gymnase-et-cours\/","title":{"rendered":"Gymnase et Cours"},"content":{"rendered":"<p>La salle de sport du Club Lapari est un espace con\u00e7u pour am\u00e9liorer votre bien-\u00eatre physique et mental.<\/p>\n<p>Situ\u00e9e dans un cadre privil\u00e9gi\u00e9 sur la c\u00f4te basque, notre salle de sport est \u00e9quip\u00e9e de machines de pointe et propose un large \u00e9ventail de cours encadr\u00e9s, afin que vous puissiez vous entra\u00eener \u00e0 votre rythme et atteindre vos objectifs de mani\u00e8re efficace et personnalis\u00e9e.<\/p>\n","protected":false},"excerpt":{"rendered":"<p>La salle de sport du Club Lapari est un espace con\u00e7u pour am\u00e9liorer votre bien-\u00eatre physique et mental. Situ\u00e9e dans un cadre privil\u00e9gi\u00e9 sur la c\u00f4te basque, notre salle de sport est \u00e9quip\u00e9e de machines de pointe et propose un large \u00e9ventail de cours encadr\u00e9s, afin que vous puissiez vous entra\u00eener \u00e0 votre rythme et [&hellip;]<\/p>\n","protected":false},"author":12,"featured_media":0,"parent":535,"menu_order":1,"comment_status":"closed","ping_status":"closed","template":"template-services.php","meta":{"footnotes":""},"yoast_head":"<!-- This site is optimized with the Yoast SEO plugin v22.3 - https:\/\/yoast.com\/wordpress\/plugins\/seo\/ -->\n<title>Gymnase avec cours surveill\u00e9s sur la c\u00f4te basque | Club Lapari \u00e0 Hiru Uhinak<\/title>\n<meta name=\"description\" content=\"Entra\u00eenez-vous dans la salle de sport du Club Lapari, \u00e0 Hiru Uhinak, qui dispose d&#039;\u00e9quipements de pointe et propose des cours supervis\u00e9s tels que le yoga, le Pilates et le HIIT. D\u00e9couvrez-le !\" \/>\n<meta name=\"robots\" content=\"index, follow, max-snippet:-1, max-image-preview:large, max-video-preview:-1\" \/>\n<link rel=\"canonical\" href=\"https:\/\/www.hiruhinak-hotel.com\/fr\/club-lapari\/gymnase-et-cours\/\" \/>\n<meta property=\"og:locale\" content=\"fr_FR\" \/>\n<meta property=\"og:type\" content=\"article\" \/>\n<meta property=\"og:title\" content=\"Gymnase avec cours surveill\u00e9s sur la c\u00f4te basque | Club Lapari \u00e0 Hiru Uhinak\" \/>\n<meta property=\"og:description\" content=\"Entra\u00eenez-vous dans la salle de sport du Club Lapari, \u00e0 Hiru Uhinak, qui dispose d&#039;\u00e9quipements de pointe et propose des cours supervis\u00e9s tels que le yoga, le Pilates et le HIIT. D\u00e9couvrez-le !\" \/>\n<meta property=\"og:url\" content=\"https:\/\/www.hiruhinak-hotel.com\/fr\/club-lapari\/gymnase-et-cours\/\" \/>\n<meta property=\"og:site_name\" content=\"Hiru Uhinak\" \/>\n<meta property=\"article:modified_time\" content=\"2025-08-27T09:48:06+00:00\" \/>\n<meta property=\"og:image\" content=\"https:\/\/www.hiruhinak-hotel.com\/wp-content\/uploads\/sites\/147\/2025\/01\/Imagen-sl.jpg\" \/>\n\t<meta property=\"og:image:width\" content=\"1200\" \/>\n\t<meta property=\"og:image:height\" content=\"798\" \/>\n\t<meta property=\"og:image:type\" content=\"image\/jpeg\" \/>\n<meta name=\"twitter:card\" content=\"summary_large_image\" \/>\n<meta name=\"twitter:label1\" content=\"Dur\u00e9e de lecture estim\u00e9e\" \/>\n\t<meta name=\"twitter:data1\" content=\"1 minute\" \/>\n<script type=\"application\/ld+json\" class=\"yoast-schema-graph\">{\"@context\":\"https:\/\/schema.org\",\"@graph\":[{\"@type\":\"WebPage\",\"@id\":\"https:\/\/www.hiruhinak-hotel.com\/fr\/club-lapari\/gymnase-et-cours\/\",\"url\":\"https:\/\/www.hiruhinak-hotel.com\/fr\/club-lapari\/gymnase-et-cours\/\",\"name\":\"Gymnase avec cours surveill\u00e9s sur la c\u00f4te basque | Club Lapari \u00e0 Hiru Uhinak\",\"isPartOf\":{\"@id\":\"https:\/\/www.hiruhinak-hotel.com\/fr\/#website\"},\"datePublished\":\"2025-04-14T12:58:59+00:00\",\"dateModified\":\"2025-08-27T09:48:06+00:00\",\"description\":\"Entra\u00eenez-vous dans la salle de sport du Club Lapari, \u00e0 Hiru Uhinak, qui dispose d'\u00e9quipements de pointe et propose des cours supervis\u00e9s tels que le yoga, le Pilates et le HIIT. D\u00e9couvrez-le !\",\"breadcrumb\":{\"@id\":\"https:\/\/www.hiruhinak-hotel.com\/fr\/club-lapari\/gymnase-et-cours\/#breadcrumb\"},\"inLanguage\":\"fr-FR\",\"potentialAction\":[{\"@type\":\"ReadAction\",\"target\":[\"https:\/\/www.hiruhinak-hotel.com\/fr\/club-lapari\/gymnase-et-cours\/\"]}]},{\"@type\":\"BreadcrumbList\",\"@id\":\"https:\/\/www.hiruhinak-hotel.com\/fr\/club-lapari\/gymnase-et-cours\/#breadcrumb\",\"itemListElement\":[{\"@type\":\"ListItem\",\"position\":1,\"name\":\"Home\",\"item\":\"https:\/\/www.hiruhinak-hotel.com\/fr\/\"},{\"@type\":\"ListItem\",\"position\":2,\"name\":\"Club Lapari\",\"item\":\"https:\/\/www.hiruhinak-hotel.com\/fr\/club-lapari\/\"},{\"@type\":\"ListItem\",\"position\":3,\"name\":\"Gymnase et Cours\"}]},{\"@type\":\"WebSite\",\"@id\":\"https:\/\/www.hiruhinak-hotel.com\/fr\/#website\",\"url\":\"https:\/\/www.hiruhinak-hotel.com\/fr\/\",\"name\":\"Hiru Uhinak\",\"description\":\"Un hotel boutique sostenible en Deba, donde el mar, la monta\u00f1a y la historia se entrelazan con autenticidad\",\"publisher\":{\"@id\":\"https:\/\/www.hiruhinak-hotel.com\/fr\/#organization\"},\"alternateName\":\"Hiru Uhinak\",\"potentialAction\":[{\"@type\":\"SearchAction\",\"target\":{\"@type\":\"EntryPoint\",\"urlTemplate\":\"https:\/\/www.hiruhinak-hotel.com\/fr\/?s={search_term_string}\"},\"query-input\":\"required name=search_term_string\"}],\"inLanguage\":\"fr-FR\"},{\"@type\":\"Organization\",\"@id\":\"https:\/\/www.hiruhinak-hotel.com\/fr\/#organization\",\"name\":\"Hiru Uhinak\",\"alternateName\":\"Hiru Uhinak\",\"url\":\"https:\/\/www.hiruhinak-hotel.com\/fr\/\",\"logo\":{\"@type\":\"ImageObject\",\"inLanguage\":\"fr-FR\",\"@id\":\"https:\/\/www.hiruhinak-hotel.com\/fr\/#\/schema\/logo\/image\/\",\"url\":\"https:\/\/www.hiruhinak-hotel.com\/wp-content\/uploads\/sites\/147\/2025\/06\/Logo-Hiru-Uhinakv2.png\",\"contentUrl\":\"https:\/\/www.hiruhinak-hotel.com\/wp-content\/uploads\/sites\/147\/2025\/06\/Logo-Hiru-Uhinakv2.png\",\"width\":160,\"height\":97,\"caption\":\"Hiru Uhinak\"},\"image\":{\"@id\":\"https:\/\/www.hiruhinak-hotel.com\/fr\/#\/schema\/logo\/image\/\"}}]}<\/script>\n<!-- \/ Yoast SEO plugin. -->","yoast_head_json":{"title":"Gymnase avec cours surveill\u00e9s sur la c\u00f4te basque | Club Lapari \u00e0 Hiru Uhinak","description":"Entra\u00eenez-vous dans la salle de sport du Club Lapari, \u00e0 Hiru Uhinak, qui dispose d'\u00e9quipements de pointe et propose des cours supervis\u00e9s tels que le yoga, le Pilates et le HIIT. D\u00e9couvrez-le !","robots":{"index":"index","follow":"follow","max-snippet":"max-snippet:-1","max-image-preview":"max-image-preview:large","max-video-preview":"max-video-preview:-1"},"canonical":"https:\/\/www.hiruhinak-hotel.com\/fr\/club-lapari\/gymnase-et-cours\/","og_locale":"fr_FR","og_type":"article","og_title":"Gymnase avec cours surveill\u00e9s sur la c\u00f4te basque | Club Lapari \u00e0 Hiru Uhinak","og_description":"Entra\u00eenez-vous dans la salle de sport du Club Lapari, \u00e0 Hiru Uhinak, qui dispose d'\u00e9quipements de pointe et propose des cours supervis\u00e9s tels que le yoga, le Pilates et le HIIT. D\u00e9couvrez-le !","og_url":"https:\/\/www.hiruhinak-hotel.com\/fr\/club-lapari\/gymnase-et-cours\/","og_site_name":"Hiru Uhinak","article_modified_time":"2025-08-27T09:48:06+00:00","og_image":[{"width":1200,"height":798,"url":"https:\/\/www.hiruhinak-hotel.com\/wp-content\/uploads\/sites\/147\/2025\/01\/Imagen-sl.jpg","type":"image\/jpeg"}],"twitter_card":"summary_large_image","twitter_misc":{"Dur\u00e9e de lecture estim\u00e9e":"1 minute"},"schema":{"@context":"https:\/\/schema.org","@graph":[{"@type":"WebPage","@id":"https:\/\/www.hiruhinak-hotel.com\/fr\/club-lapari\/gymnase-et-cours\/","url":"https:\/\/www.hiruhinak-hotel.com\/fr\/club-lapari\/gymnase-et-cours\/","name":"Gymnase avec cours surveill\u00e9s sur la c\u00f4te basque | Club Lapari \u00e0 Hiru Uhinak","isPartOf":{"@id":"https:\/\/www.hiruhinak-hotel.com\/fr\/#website"},"datePublished":"2025-04-14T12:58:59+00:00","dateModified":"2025-08-27T09:48:06+00:00","description":"Entra\u00eenez-vous dans la salle de sport du Club Lapari, \u00e0 Hiru Uhinak, qui dispose d'\u00e9quipements de pointe et propose des cours supervis\u00e9s tels que le yoga, le Pilates et le HIIT. D\u00e9couvrez-le !","breadcrumb":{"@id":"https:\/\/www.hiruhinak-hotel.com\/fr\/club-lapari\/gymnase-et-cours\/#breadcrumb"},"inLanguage":"fr-FR","potentialAction":[{"@type":"ReadAction","target":["https:\/\/www.hiruhinak-hotel.com\/fr\/club-lapari\/gymnase-et-cours\/"]}]},{"@type":"BreadcrumbList","@id":"https:\/\/www.hiruhinak-hotel.com\/fr\/club-lapari\/gymnase-et-cours\/#breadcrumb","itemListElement":[{"@type":"ListItem","position":1,"name":"Home","item":"https:\/\/www.hiruhinak-hotel.com\/fr\/"},{"@type":"ListItem","position":2,"name":"Club Lapari","item":"https:\/\/www.hiruhinak-hotel.com\/fr\/club-lapari\/"},{"@type":"ListItem","position":3,"name":"Gymnase et Cours"}]},{"@type":"WebSite","@id":"https:\/\/www.hiruhinak-hotel.com\/fr\/#website","url":"https:\/\/www.hiruhinak-hotel.com\/fr\/","name":"Hiru Uhinak","description":"Un hotel boutique sostenible en Deba, donde el mar, la monta\u00f1a y la historia se entrelazan con autenticidad","publisher":{"@id":"https:\/\/www.hiruhinak-hotel.com\/fr\/#organization"},"alternateName":"Hiru Uhinak","potentialAction":[{"@type":"SearchAction","target":{"@type":"EntryPoint","urlTemplate":"https:\/\/www.hiruhinak-hotel.com\/fr\/?s={search_term_string}"},"query-input":"required name=search_term_string"}],"inLanguage":"fr-FR"},{"@type":"Organization","@id":"https:\/\/www.hiruhinak-hotel.com\/fr\/#organization","name":"Hiru Uhinak","alternateName":"Hiru Uhinak","url":"https:\/\/www.hiruhinak-hotel.com\/fr\/","logo":{"@type":"ImageObject","inLanguage":"fr-FR","@id":"https:\/\/www.hiruhinak-hotel.com\/fr\/#\/schema\/logo\/image\/","url":"https:\/\/www.hiruhinak-hotel.com\/wp-content\/uploads\/sites\/147\/2025\/06\/Logo-Hiru-Uhinakv2.png","contentUrl":"https:\/\/www.hiruhinak-hotel.com\/wp-content\/uploads\/sites\/147\/2025\/06\/Logo-Hiru-Uhinakv2.png","width":160,"height":97,"caption":"Hiru Uhinak"},"image":{"@id":"https:\/\/www.hiruhinak-hotel.com\/fr\/#\/schema\/logo\/image\/"}}]}},"acf":[],"_links":{"self":[{"href":"https:\/\/www.hiruhinak-hotel.com\/fr\/wp-json\/wp\/v2\/pages\/529"}],"collection":[{"href":"https:\/\/www.hiruhinak-hotel.com\/fr\/wp-json\/wp\/v2\/pages"}],"about":[{"href":"https:\/\/www.hiruhinak-hotel.com\/fr\/wp-json\/wp\/v2\/types\/page"}],"author":[{"embeddable":true,"href":"https:\/\/www.hiruhinak-hotel.com\/fr\/wp-json\/wp\/v2\/users\/12"}],"replies":[{"embeddable":true,"href":"https:\/\/www.hiruhinak-hotel.com\/fr\/wp-json\/wp\/v2\/comments?post=529"}],"version-history":[{"count":0,"href":"https:\/\/www.hiruhinak-hotel.com\/fr\/wp-json\/wp\/v2\/pages\/529\/revisions"}],"up":[{"embeddable":true,"href":"https:\/\/www.hiruhinak-hotel.com\/fr\/wp-json\/wp\/v2\/pages\/535"}],"wp:attachment":[{"href":"https:\/\/www.hiruhinak-hotel.com\/fr\/wp-json\/wp\/v2\/media?parent=529"}],"curies":[{"name":"wp","href":"https:\/\/api.w.org\/{rel}","templated":true}]}}