{"id":532,"date":"2025-04-14T12:13:33","date_gmt":"2025-04-14T12:13:33","guid":{"rendered":"https:\/\/www.hiruhinak-hotel.com\/spa-bienestar\/"},"modified":"2025-09-05T10:34:31","modified_gmt":"2025-09-05T10:34:31","slug":"spa-et-bien-etre","status":"publish","type":"page","link":"https:\/\/www.hiruhinak-hotel.com\/fr\/club-lapari\/spa-et-bien-etre\/","title":{"rendered":"Spa et Bien-\u00eatre"},"content":{"rendered":"<p>Au Club Lapari, le bien-\u00eatre s&rsquo;\u00e9coule avec la m\u00eame harmonie que les vagues du golfe de Gascogne.<\/p>\n<p>Au c\u0153ur de la c\u00f4te basque, notre spa est un havre de paix con\u00e7u pour la d\u00e9tente, la r\u00e9g\u00e9n\u00e9ration et la d\u00e9couverte de soi et des autres.<\/p>\n","protected":false},"excerpt":{"rendered":"<p>Au Club Lapari, le bien-\u00eatre s&rsquo;\u00e9coule avec la m\u00eame harmonie que les vagues du golfe de Gascogne. Au c\u0153ur de la c\u00f4te basque, notre spa est un havre de paix con\u00e7u pour la d\u00e9tente, la r\u00e9g\u00e9n\u00e9ration et la d\u00e9couverte de soi et des autres.<\/p>\n","protected":false},"author":12,"featured_media":0,"parent":535,"menu_order":0,"comment_status":"closed","ping_status":"closed","template":"template-services.php","meta":{"footnotes":""},"yoast_head":"<!-- This site is optimized with the Yoast SEO plugin v22.3 - https:\/\/yoast.com\/wordpress\/plugins\/seo\/ -->\n<title>Spa avec piscine thermale et sauna sur la c\u00f4te basque | Hiru Uhinak<\/title>\n<meta name=\"description\" content=\"D\u00e9tendez-vous dans le spa de l&#039;h\u00f4tel Hiru Uhinak, qui dispose d&#039;une piscine d&#039;eau de mer thermale, d&#039;un sauna et d&#039;un hammam. Un espace de bien-\u00eatre r\u00e9g\u00e9n\u00e9rateur au c\u0153ur de la c\u00f4te basque. D\u00e9couvrez-le !\" \/>\n<meta name=\"robots\" content=\"index, follow, max-snippet:-1, max-image-preview:large, max-video-preview:-1\" \/>\n<link rel=\"canonical\" href=\"https:\/\/www.hiruhinak-hotel.com\/fr\/club-lapari\/spa-et-bien-etre\/\" \/>\n<meta property=\"og:locale\" content=\"fr_FR\" \/>\n<meta property=\"og:type\" content=\"article\" \/>\n<meta property=\"og:title\" content=\"Spa avec piscine thermale et sauna sur la c\u00f4te basque | Hiru Uhinak\" \/>\n<meta property=\"og:description\" content=\"D\u00e9tendez-vous dans le spa de l&#039;h\u00f4tel Hiru Uhinak, qui dispose d&#039;une piscine d&#039;eau de mer thermale, d&#039;un sauna et d&#039;un hammam. Un espace de bien-\u00eatre r\u00e9g\u00e9n\u00e9rateur au c\u0153ur de la c\u00f4te basque. D\u00e9couvrez-le !\" \/>\n<meta property=\"og:url\" content=\"https:\/\/www.hiruhinak-hotel.com\/fr\/club-lapari\/spa-et-bien-etre\/\" \/>\n<meta property=\"og:site_name\" content=\"Hiru Uhinak\" \/>\n<meta property=\"article:modified_time\" content=\"2025-09-05T10:34:31+00:00\" \/>\n<meta property=\"og:image\" content=\"https:\/\/www.hiruhinak-hotel.com\/wp-content\/uploads\/sites\/147\/2025\/01\/Imagen-sl.jpg\" \/>\n\t<meta property=\"og:image:width\" content=\"1200\" \/>\n\t<meta property=\"og:image:height\" content=\"798\" \/>\n\t<meta property=\"og:image:type\" content=\"image\/jpeg\" \/>\n<meta name=\"twitter:card\" content=\"summary_large_image\" \/>\n<meta name=\"twitter:label1\" content=\"Dur\u00e9e de lecture estim\u00e9e\" \/>\n\t<meta name=\"twitter:data1\" content=\"1 minute\" \/>\n<script type=\"application\/ld+json\" class=\"yoast-schema-graph\">{\"@context\":\"https:\/\/schema.org\",\"@graph\":[{\"@type\":\"WebPage\",\"@id\":\"https:\/\/www.hiruhinak-hotel.com\/fr\/club-lapari\/spa-et-bien-etre\/\",\"url\":\"https:\/\/www.hiruhinak-hotel.com\/fr\/club-lapari\/spa-et-bien-etre\/\",\"name\":\"Spa avec piscine thermale et sauna sur la c\u00f4te basque | Hiru Uhinak\",\"isPartOf\":{\"@id\":\"https:\/\/www.hiruhinak-hotel.com\/fr\/#website\"},\"datePublished\":\"2025-04-14T12:13:33+00:00\",\"dateModified\":\"2025-09-05T10:34:31+00:00\",\"description\":\"D\u00e9tendez-vous dans le spa de l'h\u00f4tel Hiru Uhinak, qui dispose d'une piscine d'eau de mer thermale, d'un sauna et d'un hammam. Un espace de bien-\u00eatre r\u00e9g\u00e9n\u00e9rateur au c\u0153ur de la c\u00f4te basque. D\u00e9couvrez-le !\",\"breadcrumb\":{\"@id\":\"https:\/\/www.hiruhinak-hotel.com\/fr\/club-lapari\/spa-et-bien-etre\/#breadcrumb\"},\"inLanguage\":\"fr-FR\",\"potentialAction\":[{\"@type\":\"ReadAction\",\"target\":[\"https:\/\/www.hiruhinak-hotel.com\/fr\/club-lapari\/spa-et-bien-etre\/\"]}]},{\"@type\":\"BreadcrumbList\",\"@id\":\"https:\/\/www.hiruhinak-hotel.com\/fr\/club-lapari\/spa-et-bien-etre\/#breadcrumb\",\"itemListElement\":[{\"@type\":\"ListItem\",\"position\":1,\"name\":\"Home\",\"item\":\"https:\/\/www.hiruhinak-hotel.com\/fr\/\"},{\"@type\":\"ListItem\",\"position\":2,\"name\":\"Club Lapari\",\"item\":\"https:\/\/www.hiruhinak-hotel.com\/fr\/club-lapari\/\"},{\"@type\":\"ListItem\",\"position\":3,\"name\":\"Spa et Bien-\u00eatre\"}]},{\"@type\":\"WebSite\",\"@id\":\"https:\/\/www.hiruhinak-hotel.com\/fr\/#website\",\"url\":\"https:\/\/www.hiruhinak-hotel.com\/fr\/\",\"name\":\"Hiru Uhinak\",\"description\":\"Un hotel boutique sostenible en Deba, donde el mar, la monta\u00f1a y la historia se entrelazan con autenticidad\",\"publisher\":{\"@id\":\"https:\/\/www.hiruhinak-hotel.com\/fr\/#organization\"},\"alternateName\":\"Hiru Uhinak\",\"potentialAction\":[{\"@type\":\"SearchAction\",\"target\":{\"@type\":\"EntryPoint\",\"urlTemplate\":\"https:\/\/www.hiruhinak-hotel.com\/fr\/?s={search_term_string}\"},\"query-input\":\"required name=search_term_string\"}],\"inLanguage\":\"fr-FR\"},{\"@type\":\"Organization\",\"@id\":\"https:\/\/www.hiruhinak-hotel.com\/fr\/#organization\",\"name\":\"Hiru Uhinak\",\"alternateName\":\"Hiru Uhinak\",\"url\":\"https:\/\/www.hiruhinak-hotel.com\/fr\/\",\"logo\":{\"@type\":\"ImageObject\",\"inLanguage\":\"fr-FR\",\"@id\":\"https:\/\/www.hiruhinak-hotel.com\/fr\/#\/schema\/logo\/image\/\",\"url\":\"https:\/\/www.hiruhinak-hotel.com\/wp-content\/uploads\/sites\/147\/2025\/06\/Logo-Hiru-Uhinakv2.png\",\"contentUrl\":\"https:\/\/www.hiruhinak-hotel.com\/wp-content\/uploads\/sites\/147\/2025\/06\/Logo-Hiru-Uhinakv2.png\",\"width\":160,\"height\":97,\"caption\":\"Hiru Uhinak\"},\"image\":{\"@id\":\"https:\/\/www.hiruhinak-hotel.com\/fr\/#\/schema\/logo\/image\/\"}}]}<\/script>\n<!-- \/ Yoast SEO plugin. -->","yoast_head_json":{"title":"Spa avec piscine thermale et sauna sur la c\u00f4te basque | Hiru Uhinak","description":"D\u00e9tendez-vous dans le spa de l'h\u00f4tel Hiru Uhinak, qui dispose d'une piscine d'eau de mer thermale, d'un sauna et d'un hammam. Un espace de bien-\u00eatre r\u00e9g\u00e9n\u00e9rateur au c\u0153ur de la c\u00f4te basque. D\u00e9couvrez-le !","robots":{"index":"index","follow":"follow","max-snippet":"max-snippet:-1","max-image-preview":"max-image-preview:large","max-video-preview":"max-video-preview:-1"},"canonical":"https:\/\/www.hiruhinak-hotel.com\/fr\/club-lapari\/spa-et-bien-etre\/","og_locale":"fr_FR","og_type":"article","og_title":"Spa avec piscine thermale et sauna sur la c\u00f4te basque | Hiru Uhinak","og_description":"D\u00e9tendez-vous dans le spa de l'h\u00f4tel Hiru Uhinak, qui dispose d'une piscine d'eau de mer thermale, d'un sauna et d'un hammam. Un espace de bien-\u00eatre r\u00e9g\u00e9n\u00e9rateur au c\u0153ur de la c\u00f4te basque. D\u00e9couvrez-le !","og_url":"https:\/\/www.hiruhinak-hotel.com\/fr\/club-lapari\/spa-et-bien-etre\/","og_site_name":"Hiru Uhinak","article_modified_time":"2025-09-05T10:34:31+00:00","og_image":[{"width":1200,"height":798,"url":"https:\/\/www.hiruhinak-hotel.com\/wp-content\/uploads\/sites\/147\/2025\/01\/Imagen-sl.jpg","type":"image\/jpeg"}],"twitter_card":"summary_large_image","twitter_misc":{"Dur\u00e9e de lecture estim\u00e9e":"1 minute"},"schema":{"@context":"https:\/\/schema.org","@graph":[{"@type":"WebPage","@id":"https:\/\/www.hiruhinak-hotel.com\/fr\/club-lapari\/spa-et-bien-etre\/","url":"https:\/\/www.hiruhinak-hotel.com\/fr\/club-lapari\/spa-et-bien-etre\/","name":"Spa avec piscine thermale et sauna sur la c\u00f4te basque | Hiru Uhinak","isPartOf":{"@id":"https:\/\/www.hiruhinak-hotel.com\/fr\/#website"},"datePublished":"2025-04-14T12:13:33+00:00","dateModified":"2025-09-05T10:34:31+00:00","description":"D\u00e9tendez-vous dans le spa de l'h\u00f4tel Hiru Uhinak, qui dispose d'une piscine d'eau de mer thermale, d'un sauna et d'un hammam. Un espace de bien-\u00eatre r\u00e9g\u00e9n\u00e9rateur au c\u0153ur de la c\u00f4te basque. D\u00e9couvrez-le !","breadcrumb":{"@id":"https:\/\/www.hiruhinak-hotel.com\/fr\/club-lapari\/spa-et-bien-etre\/#breadcrumb"},"inLanguage":"fr-FR","potentialAction":[{"@type":"ReadAction","target":["https:\/\/www.hiruhinak-hotel.com\/fr\/club-lapari\/spa-et-bien-etre\/"]}]},{"@type":"BreadcrumbList","@id":"https:\/\/www.hiruhinak-hotel.com\/fr\/club-lapari\/spa-et-bien-etre\/#breadcrumb","itemListElement":[{"@type":"ListItem","position":1,"name":"Home","item":"https:\/\/www.hiruhinak-hotel.com\/fr\/"},{"@type":"ListItem","position":2,"name":"Club Lapari","item":"https:\/\/www.hiruhinak-hotel.com\/fr\/club-lapari\/"},{"@type":"ListItem","position":3,"name":"Spa et Bien-\u00eatre"}]},{"@type":"WebSite","@id":"https:\/\/www.hiruhinak-hotel.com\/fr\/#website","url":"https:\/\/www.hiruhinak-hotel.com\/fr\/","name":"Hiru Uhinak","description":"Un hotel boutique sostenible en Deba, donde el mar, la monta\u00f1a y la historia se entrelazan con autenticidad","publisher":{"@id":"https:\/\/www.hiruhinak-hotel.com\/fr\/#organization"},"alternateName":"Hiru Uhinak","potentialAction":[{"@type":"SearchAction","target":{"@type":"EntryPoint","urlTemplate":"https:\/\/www.hiruhinak-hotel.com\/fr\/?s={search_term_string}"},"query-input":"required name=search_term_string"}],"inLanguage":"fr-FR"},{"@type":"Organization","@id":"https:\/\/www.hiruhinak-hotel.com\/fr\/#organization","name":"Hiru Uhinak","alternateName":"Hiru Uhinak","url":"https:\/\/www.hiruhinak-hotel.com\/fr\/","logo":{"@type":"ImageObject","inLanguage":"fr-FR","@id":"https:\/\/www.hiruhinak-hotel.com\/fr\/#\/schema\/logo\/image\/","url":"https:\/\/www.hiruhinak-hotel.com\/wp-content\/uploads\/sites\/147\/2025\/06\/Logo-Hiru-Uhinakv2.png","contentUrl":"https:\/\/www.hiruhinak-hotel.com\/wp-content\/uploads\/sites\/147\/2025\/06\/Logo-Hiru-Uhinakv2.png","width":160,"height":97,"caption":"Hiru Uhinak"},"image":{"@id":"https:\/\/www.hiruhinak-hotel.com\/fr\/#\/schema\/logo\/image\/"}}]}},"acf":[],"_links":{"self":[{"href":"https:\/\/www.hiruhinak-hotel.com\/fr\/wp-json\/wp\/v2\/pages\/532"}],"collection":[{"href":"https:\/\/www.hiruhinak-hotel.com\/fr\/wp-json\/wp\/v2\/pages"}],"about":[{"href":"https:\/\/www.hiruhinak-hotel.com\/fr\/wp-json\/wp\/v2\/types\/page"}],"author":[{"embeddable":true,"href":"https:\/\/www.hiruhinak-hotel.com\/fr\/wp-json\/wp\/v2\/users\/12"}],"replies":[{"embeddable":true,"href":"https:\/\/www.hiruhinak-hotel.com\/fr\/wp-json\/wp\/v2\/comments?post=532"}],"version-history":[{"count":0,"href":"https:\/\/www.hiruhinak-hotel.com\/fr\/wp-json\/wp\/v2\/pages\/532\/revisions"}],"up":[{"embeddable":true,"href":"https:\/\/www.hiruhinak-hotel.com\/fr\/wp-json\/wp\/v2\/pages\/535"}],"wp:attachment":[{"href":"https:\/\/www.hiruhinak-hotel.com\/fr\/wp-json\/wp\/v2\/media?parent=532"}],"curies":[{"name":"wp","href":"https:\/\/api.w.org\/{rel}","templated":true}]}}