{"id":541,"date":"2025-04-07T12:22:10","date_gmt":"2025-04-07T12:22:10","guid":{"rendered":"https:\/\/www.hiruhinak-hotel.com\/hiru-bistro\/desayunos-y-brunch\/"},"modified":"2025-09-04T12:53:31","modified_gmt":"2025-09-04T12:53:31","slug":"petits-dejeuners-et-brunchs","status":"publish","type":"page","link":"https:\/\/www.hiruhinak-hotel.com\/fr\/hiru-bistro\/petits-dejeuners-et-brunchs\/","title":{"rendered":"Petits d\u00e9jeuners et brunchs"},"content":{"rendered":"<p>Le Hiru Bar est un lieu o\u00f9 l&rsquo;on savoure les saveurs locales sans se presser, du premier caf\u00e9 du matin \u00e0 un brunch d\u00e9contract\u00e9 face \u00e0 la mer.<\/p>\n<p>Chaque d\u00e9tail a \u00e9t\u00e9 pens\u00e9 pour offrir une exp\u00e9rience chaleureuse et authentique, alliant des ingr\u00e9dients locaux \u00e0 une proposition gastronomique adapt\u00e9e \u00e0 chaque moment de la journ\u00e9e.<\/p>\n","protected":false},"excerpt":{"rendered":"<p>Le Hiru Bar est un lieu o\u00f9 l&rsquo;on savoure les saveurs locales sans se presser, du premier caf\u00e9 du matin \u00e0 un brunch d\u00e9contract\u00e9 face \u00e0 la mer. Chaque d\u00e9tail a \u00e9t\u00e9 pens\u00e9 pour offrir une exp\u00e9rience chaleureuse et authentique, alliant des ingr\u00e9dients locaux \u00e0 une proposition gastronomique adapt\u00e9e \u00e0 chaque moment de la journ\u00e9e.<\/p>\n","protected":false},"author":12,"featured_media":0,"parent":538,"menu_order":1,"comment_status":"closed","ping_status":"closed","template":"template-single-restaurant.php","meta":{"footnotes":""},"yoast_head":"<!-- This site is optimized with the Yoast SEO plugin v22.3 - https:\/\/yoast.com\/wordpress\/plugins\/seo\/ -->\n<title>Brunch et petits-d\u00e9jeuners \u00e0 base de produits locaux | Bar \u00e0 Hiru Uhinak<\/title>\n<meta name=\"description\" content=\"Le petit-d\u00e9jeuner et le brunch sont servis au bar Hiru, qui propose des p\u00e2tisseries maison, des produits locaux et une ambiance chaleureuse. Commencez la journ\u00e9e en toute saveur chez Hiru Uhinak !\" \/>\n<meta name=\"robots\" content=\"index, follow, max-snippet:-1, max-image-preview:large, max-video-preview:-1\" \/>\n<link rel=\"canonical\" href=\"https:\/\/www.hiruhinak-hotel.com\/fr\/hiru-bistro\/petits-dejeuners-et-brunchs\/\" \/>\n<meta property=\"og:locale\" content=\"fr_FR\" \/>\n<meta property=\"og:type\" content=\"article\" \/>\n<meta property=\"og:title\" content=\"Brunch et petits-d\u00e9jeuners \u00e0 base de produits locaux | Bar \u00e0 Hiru Uhinak\" \/>\n<meta property=\"og:description\" content=\"Le petit-d\u00e9jeuner et le brunch sont servis au bar Hiru, qui propose des p\u00e2tisseries maison, des produits locaux et une ambiance chaleureuse. Commencez la journ\u00e9e en toute saveur chez Hiru Uhinak !\" \/>\n<meta property=\"og:url\" content=\"https:\/\/www.hiruhinak-hotel.com\/fr\/hiru-bistro\/petits-dejeuners-et-brunchs\/\" \/>\n<meta property=\"og:site_name\" content=\"Hiru Uhinak\" \/>\n<meta property=\"article:modified_time\" content=\"2025-09-04T12:53:31+00:00\" \/>\n<meta property=\"og:image\" content=\"https:\/\/www.hiruhinak-hotel.com\/wp-content\/uploads\/sites\/147\/2025\/01\/Imagen-sl.jpg\" \/>\n\t<meta property=\"og:image:width\" content=\"1200\" \/>\n\t<meta property=\"og:image:height\" content=\"798\" \/>\n\t<meta property=\"og:image:type\" content=\"image\/jpeg\" \/>\n<meta name=\"twitter:card\" content=\"summary_large_image\" \/>\n<meta name=\"twitter:label1\" content=\"Dur\u00e9e de lecture estim\u00e9e\" \/>\n\t<meta name=\"twitter:data1\" content=\"1 minute\" \/>\n<script type=\"application\/ld+json\" class=\"yoast-schema-graph\">{\"@context\":\"https:\/\/schema.org\",\"@graph\":[{\"@type\":\"WebPage\",\"@id\":\"https:\/\/www.hiruhinak-hotel.com\/fr\/hiru-bistro\/petits-dejeuners-et-brunchs\/\",\"url\":\"https:\/\/www.hiruhinak-hotel.com\/fr\/hiru-bistro\/petits-dejeuners-et-brunchs\/\",\"name\":\"Brunch et petits-d\u00e9jeuners \u00e0 base de produits locaux | Bar \u00e0 Hiru Uhinak\",\"isPartOf\":{\"@id\":\"https:\/\/www.hiruhinak-hotel.com\/fr\/#website\"},\"datePublished\":\"2025-04-07T12:22:10+00:00\",\"dateModified\":\"2025-09-04T12:53:31+00:00\",\"description\":\"Le petit-d\u00e9jeuner et le brunch sont servis au bar Hiru, qui propose des p\u00e2tisseries maison, des produits locaux et une ambiance chaleureuse. Commencez la journ\u00e9e en toute saveur chez Hiru Uhinak !\",\"breadcrumb\":{\"@id\":\"https:\/\/www.hiruhinak-hotel.com\/fr\/hiru-bistro\/petits-dejeuners-et-brunchs\/#breadcrumb\"},\"inLanguage\":\"fr-FR\",\"potentialAction\":[{\"@type\":\"ReadAction\",\"target\":[\"https:\/\/www.hiruhinak-hotel.com\/fr\/hiru-bistro\/petits-dejeuners-et-brunchs\/\"]}]},{\"@type\":\"BreadcrumbList\",\"@id\":\"https:\/\/www.hiruhinak-hotel.com\/fr\/hiru-bistro\/petits-dejeuners-et-brunchs\/#breadcrumb\",\"itemListElement\":[{\"@type\":\"ListItem\",\"position\":1,\"name\":\"Home\",\"item\":\"https:\/\/www.hiruhinak-hotel.com\/fr\/\"},{\"@type\":\"ListItem\",\"position\":2,\"name\":\"Hiru Bistr\u00f3\",\"item\":\"https:\/\/www.hiruhinak-hotel.com\/fr\/hiru-bistro\/\"},{\"@type\":\"ListItem\",\"position\":3,\"name\":\"Petits d\u00e9jeuners et brunchs\"}]},{\"@type\":\"WebSite\",\"@id\":\"https:\/\/www.hiruhinak-hotel.com\/fr\/#website\",\"url\":\"https:\/\/www.hiruhinak-hotel.com\/fr\/\",\"name\":\"Hiru Uhinak\",\"description\":\"Un hotel boutique sostenible en Deba, donde el mar, la monta\u00f1a y la historia se entrelazan con autenticidad\",\"publisher\":{\"@id\":\"https:\/\/www.hiruhinak-hotel.com\/fr\/#organization\"},\"alternateName\":\"Hiru Uhinak\",\"potentialAction\":[{\"@type\":\"SearchAction\",\"target\":{\"@type\":\"EntryPoint\",\"urlTemplate\":\"https:\/\/www.hiruhinak-hotel.com\/fr\/?s={search_term_string}\"},\"query-input\":\"required name=search_term_string\"}],\"inLanguage\":\"fr-FR\"},{\"@type\":\"Organization\",\"@id\":\"https:\/\/www.hiruhinak-hotel.com\/fr\/#organization\",\"name\":\"Hiru Uhinak\",\"alternateName\":\"Hiru Uhinak\",\"url\":\"https:\/\/www.hiruhinak-hotel.com\/fr\/\",\"logo\":{\"@type\":\"ImageObject\",\"inLanguage\":\"fr-FR\",\"@id\":\"https:\/\/www.hiruhinak-hotel.com\/fr\/#\/schema\/logo\/image\/\",\"url\":\"https:\/\/www.hiruhinak-hotel.com\/wp-content\/uploads\/sites\/147\/2025\/06\/Logo-Hiru-Uhinakv2.png\",\"contentUrl\":\"https:\/\/www.hiruhinak-hotel.com\/wp-content\/uploads\/sites\/147\/2025\/06\/Logo-Hiru-Uhinakv2.png\",\"width\":160,\"height\":97,\"caption\":\"Hiru Uhinak\"},\"image\":{\"@id\":\"https:\/\/www.hiruhinak-hotel.com\/fr\/#\/schema\/logo\/image\/\"}}]}<\/script>\n<!-- \/ Yoast SEO plugin. -->","yoast_head_json":{"title":"Brunch et petits-d\u00e9jeuners \u00e0 base de produits locaux | Bar \u00e0 Hiru Uhinak","description":"Le petit-d\u00e9jeuner et le brunch sont servis au bar Hiru, qui propose des p\u00e2tisseries maison, des produits locaux et une ambiance chaleureuse. Commencez la journ\u00e9e en toute saveur chez Hiru Uhinak !","robots":{"index":"index","follow":"follow","max-snippet":"max-snippet:-1","max-image-preview":"max-image-preview:large","max-video-preview":"max-video-preview:-1"},"canonical":"https:\/\/www.hiruhinak-hotel.com\/fr\/hiru-bistro\/petits-dejeuners-et-brunchs\/","og_locale":"fr_FR","og_type":"article","og_title":"Brunch et petits-d\u00e9jeuners \u00e0 base de produits locaux | Bar \u00e0 Hiru Uhinak","og_description":"Le petit-d\u00e9jeuner et le brunch sont servis au bar Hiru, qui propose des p\u00e2tisseries maison, des produits locaux et une ambiance chaleureuse. Commencez la journ\u00e9e en toute saveur chez Hiru Uhinak !","og_url":"https:\/\/www.hiruhinak-hotel.com\/fr\/hiru-bistro\/petits-dejeuners-et-brunchs\/","og_site_name":"Hiru Uhinak","article_modified_time":"2025-09-04T12:53:31+00:00","og_image":[{"width":1200,"height":798,"url":"https:\/\/www.hiruhinak-hotel.com\/wp-content\/uploads\/sites\/147\/2025\/01\/Imagen-sl.jpg","type":"image\/jpeg"}],"twitter_card":"summary_large_image","twitter_misc":{"Dur\u00e9e de lecture estim\u00e9e":"1 minute"},"schema":{"@context":"https:\/\/schema.org","@graph":[{"@type":"WebPage","@id":"https:\/\/www.hiruhinak-hotel.com\/fr\/hiru-bistro\/petits-dejeuners-et-brunchs\/","url":"https:\/\/www.hiruhinak-hotel.com\/fr\/hiru-bistro\/petits-dejeuners-et-brunchs\/","name":"Brunch et petits-d\u00e9jeuners \u00e0 base de produits locaux | Bar \u00e0 Hiru Uhinak","isPartOf":{"@id":"https:\/\/www.hiruhinak-hotel.com\/fr\/#website"},"datePublished":"2025-04-07T12:22:10+00:00","dateModified":"2025-09-04T12:53:31+00:00","description":"Le petit-d\u00e9jeuner et le brunch sont servis au bar Hiru, qui propose des p\u00e2tisseries maison, des produits locaux et une ambiance chaleureuse. Commencez la journ\u00e9e en toute saveur chez Hiru Uhinak !","breadcrumb":{"@id":"https:\/\/www.hiruhinak-hotel.com\/fr\/hiru-bistro\/petits-dejeuners-et-brunchs\/#breadcrumb"},"inLanguage":"fr-FR","potentialAction":[{"@type":"ReadAction","target":["https:\/\/www.hiruhinak-hotel.com\/fr\/hiru-bistro\/petits-dejeuners-et-brunchs\/"]}]},{"@type":"BreadcrumbList","@id":"https:\/\/www.hiruhinak-hotel.com\/fr\/hiru-bistro\/petits-dejeuners-et-brunchs\/#breadcrumb","itemListElement":[{"@type":"ListItem","position":1,"name":"Home","item":"https:\/\/www.hiruhinak-hotel.com\/fr\/"},{"@type":"ListItem","position":2,"name":"Hiru Bistr\u00f3","item":"https:\/\/www.hiruhinak-hotel.com\/fr\/hiru-bistro\/"},{"@type":"ListItem","position":3,"name":"Petits d\u00e9jeuners et brunchs"}]},{"@type":"WebSite","@id":"https:\/\/www.hiruhinak-hotel.com\/fr\/#website","url":"https:\/\/www.hiruhinak-hotel.com\/fr\/","name":"Hiru Uhinak","description":"Un hotel boutique sostenible en Deba, donde el mar, la monta\u00f1a y la historia se entrelazan con autenticidad","publisher":{"@id":"https:\/\/www.hiruhinak-hotel.com\/fr\/#organization"},"alternateName":"Hiru Uhinak","potentialAction":[{"@type":"SearchAction","target":{"@type":"EntryPoint","urlTemplate":"https:\/\/www.hiruhinak-hotel.com\/fr\/?s={search_term_string}"},"query-input":"required name=search_term_string"}],"inLanguage":"fr-FR"},{"@type":"Organization","@id":"https:\/\/www.hiruhinak-hotel.com\/fr\/#organization","name":"Hiru Uhinak","alternateName":"Hiru Uhinak","url":"https:\/\/www.hiruhinak-hotel.com\/fr\/","logo":{"@type":"ImageObject","inLanguage":"fr-FR","@id":"https:\/\/www.hiruhinak-hotel.com\/fr\/#\/schema\/logo\/image\/","url":"https:\/\/www.hiruhinak-hotel.com\/wp-content\/uploads\/sites\/147\/2025\/06\/Logo-Hiru-Uhinakv2.png","contentUrl":"https:\/\/www.hiruhinak-hotel.com\/wp-content\/uploads\/sites\/147\/2025\/06\/Logo-Hiru-Uhinakv2.png","width":160,"height":97,"caption":"Hiru Uhinak"},"image":{"@id":"https:\/\/www.hiruhinak-hotel.com\/fr\/#\/schema\/logo\/image\/"}}]}},"acf":[],"_links":{"self":[{"href":"https:\/\/www.hiruhinak-hotel.com\/fr\/wp-json\/wp\/v2\/pages\/541"}],"collection":[{"href":"https:\/\/www.hiruhinak-hotel.com\/fr\/wp-json\/wp\/v2\/pages"}],"about":[{"href":"https:\/\/www.hiruhinak-hotel.com\/fr\/wp-json\/wp\/v2\/types\/page"}],"author":[{"embeddable":true,"href":"https:\/\/www.hiruhinak-hotel.com\/fr\/wp-json\/wp\/v2\/users\/12"}],"replies":[{"embeddable":true,"href":"https:\/\/www.hiruhinak-hotel.com\/fr\/wp-json\/wp\/v2\/comments?post=541"}],"version-history":[{"count":0,"href":"https:\/\/www.hiruhinak-hotel.com\/fr\/wp-json\/wp\/v2\/pages\/541\/revisions"}],"up":[{"embeddable":true,"href":"https:\/\/www.hiruhinak-hotel.com\/fr\/wp-json\/wp\/v2\/pages\/538"}],"wp:attachment":[{"href":"https:\/\/www.hiruhinak-hotel.com\/fr\/wp-json\/wp\/v2\/media?parent=541"}],"curies":[{"name":"wp","href":"https:\/\/api.w.org\/{rel}","templated":true}]}}