{"id":544,"date":"2025-04-03T14:52:31","date_gmt":"2025-04-03T14:52:31","guid":{"rendered":"https:\/\/www.hiruhinak-hotel.com\/hiru-bistro\/restaurante\/"},"modified":"2025-08-27T09:44:21","modified_gmt":"2025-08-27T09:44:21","slug":"restaurant","status":"publish","type":"page","link":"https:\/\/www.hiruhinak-hotel.com\/fr\/hiru-bistro\/restaurant\/","title":{"rendered":"Restaurant"},"content":{"rendered":"<p><span data-sheets-root=\"1\">Au Hiru Bistro, la tradition gastronomique basque rencontre la cr\u00e9ativit\u00e9 et la durabilit\u00e9. <\/span><\/p>\n<p><span data-sheets-root=\"1\">Notre cuisine, dirig\u00e9e par la c\u00e9l\u00e8bre cheffe Sara Teiamo, form\u00e9e au prestigieux Centre culinaire basque, est une ode aux produits locaux et de saison. Ici, le respect du produit et l&rsquo;innovation culinaire se conjuguent pour offrir une exp\u00e9rience gastronomique unique.<br \/>\n<\/span><\/p>\n<p><span data-sheets-root=\"1\">Notre proposition se distingue par le traitement d\u00e9licat des poissons et fruits de mer du golfe de Gascogne, l&rsquo;excellence des viandes grill\u00e9es, ainsi que par une s\u00e9lection rigoureuse de fromages basques artisanaux. Nos desserts faits maison sont le reflet de notre passion pour la cuisine et les d\u00e9tails, et ce, \u00e0 chaque bouch\u00e9e.<br \/>\n<\/span><\/p>\n","protected":false},"excerpt":{"rendered":"<p>Au Hiru Bistro, la tradition gastronomique basque rencontre la cr\u00e9ativit\u00e9 et la durabilit\u00e9. Notre cuisine, dirig\u00e9e par la c\u00e9l\u00e8bre cheffe Sara Teiamo, form\u00e9e au prestigieux Centre culinaire basque, est une ode aux produits locaux et de saison. Ici, le respect du produit et l&rsquo;innovation culinaire se conjuguent pour offrir une exp\u00e9rience gastronomique unique. Notre proposition [&hellip;]<\/p>\n","protected":false},"author":12,"featured_media":0,"parent":538,"menu_order":0,"comment_status":"closed","ping_status":"closed","template":"template-single-restaurant.php","meta":{"footnotes":""},"class_list":["post-544","page","type-page","status-publish","hentry"],"yoast_head":"<!-- This site is optimized with the Yoast SEO plugin v27.3 - https:\/\/yoast.com\/product\/yoast-seo-wordpress\/ -->\n<title>Restaurant de cuisine d&#039;auteur sur la c\u00f4te basque | Hiru Bistro \u00e0 Hiru Uhinak<\/title>\n<meta name=\"description\" content=\"D\u00e9couvrez le Hiru Bistro, \u00e0 Hiru Uhinak, un restaurant dont la cuisine d&#039;auteur allie produits locaux, d\u00e9veloppement durable et cr\u00e9ativit\u00e9 dans chaque plat. R\u00e9servez votre table !\" \/>\n<meta name=\"robots\" content=\"index, follow, max-snippet:-1, max-image-preview:large, max-video-preview:-1\" \/>\n<link rel=\"canonical\" href=\"https:\/\/www.hiruhinak-hotel.com\/fr\/hiru-bistro\/restaurant\/\" \/>\n<meta property=\"og:locale\" content=\"fr_FR\" \/>\n<meta property=\"og:type\" content=\"article\" \/>\n<meta property=\"og:title\" content=\"Restaurant de cuisine d&#039;auteur sur la c\u00f4te basque | Hiru Bistro \u00e0 Hiru Uhinak\" \/>\n<meta property=\"og:description\" content=\"D\u00e9couvrez le Hiru Bistro, \u00e0 Hiru Uhinak, un restaurant dont la cuisine d&#039;auteur allie produits locaux, d\u00e9veloppement durable et cr\u00e9ativit\u00e9 dans chaque plat. R\u00e9servez votre table !\" \/>\n<meta property=\"og:url\" content=\"https:\/\/www.hiruhinak-hotel.com\/fr\/hiru-bistro\/restaurant\/\" \/>\n<meta property=\"og:site_name\" content=\"Hiru Uhinak\" \/>\n<meta property=\"article:modified_time\" content=\"2025-08-27T09:44:21+00:00\" \/>\n<meta property=\"og:image\" content=\"https:\/\/www.hiruhinak-hotel.com\/wp-content\/uploads\/sites\/147\/2025\/01\/Imagen-sl.jpg\" \/>\n\t<meta property=\"og:image:width\" content=\"1200\" \/>\n\t<meta property=\"og:image:height\" content=\"798\" \/>\n\t<meta property=\"og:image:type\" content=\"image\/jpeg\" \/>\n<meta name=\"twitter:card\" content=\"summary_large_image\" \/>\n<meta name=\"twitter:label1\" content=\"Dur\u00e9e de lecture estim\u00e9e\" \/>\n\t<meta name=\"twitter:data1\" content=\"1 minute\" \/>\n<script type=\"application\/ld+json\" class=\"yoast-schema-graph\">{\"@context\":\"https:\\\/\\\/schema.org\",\"@graph\":[{\"@type\":\"WebPage\",\"@id\":\"https:\\\/\\\/www.hiruhinak-hotel.com\\\/fr\\\/hiru-bistro\\\/restaurant\\\/\",\"url\":\"https:\\\/\\\/www.hiruhinak-hotel.com\\\/fr\\\/hiru-bistro\\\/restaurant\\\/\",\"name\":\"Restaurant de cuisine d'auteur sur la c\u00f4te basque | Hiru Bistro \u00e0 Hiru Uhinak\",\"isPartOf\":{\"@id\":\"https:\\\/\\\/www.hiruhinak-hotel.com\\\/fr\\\/#website\"},\"datePublished\":\"2025-04-03T14:52:31+00:00\",\"dateModified\":\"2025-08-27T09:44:21+00:00\",\"description\":\"D\u00e9couvrez le Hiru Bistro, \u00e0 Hiru Uhinak, un restaurant dont la cuisine d'auteur allie produits locaux, d\u00e9veloppement durable et cr\u00e9ativit\u00e9 dans chaque plat. R\u00e9servez votre table !\",\"breadcrumb\":{\"@id\":\"https:\\\/\\\/www.hiruhinak-hotel.com\\\/fr\\\/hiru-bistro\\\/restaurant\\\/#breadcrumb\"},\"inLanguage\":\"fr-FR\",\"potentialAction\":[{\"@type\":\"ReadAction\",\"target\":[\"https:\\\/\\\/www.hiruhinak-hotel.com\\\/fr\\\/hiru-bistro\\\/restaurant\\\/\"]}]},{\"@type\":\"BreadcrumbList\",\"@id\":\"https:\\\/\\\/www.hiruhinak-hotel.com\\\/fr\\\/hiru-bistro\\\/restaurant\\\/#breadcrumb\",\"itemListElement\":[{\"@type\":\"ListItem\",\"position\":1,\"name\":\"Home\",\"item\":\"https:\\\/\\\/www.hiruhinak-hotel.com\\\/fr\\\/\"},{\"@type\":\"ListItem\",\"position\":2,\"name\":\"Hiru Bistr\u00f3\",\"item\":\"https:\\\/\\\/www.hiruhinak-hotel.com\\\/fr\\\/hiru-bistro\\\/\"},{\"@type\":\"ListItem\",\"position\":3,\"name\":\"Restaurant\"}]},{\"@type\":\"WebSite\",\"@id\":\"https:\\\/\\\/www.hiruhinak-hotel.com\\\/fr\\\/#website\",\"url\":\"https:\\\/\\\/www.hiruhinak-hotel.com\\\/fr\\\/\",\"name\":\"Hiru Uhinak\",\"description\":\"Un hotel boutique sostenible en Deba, donde el mar, la monta\u00f1a y la historia se entrelazan con autenticidad\",\"publisher\":{\"@id\":\"https:\\\/\\\/www.hiruhinak-hotel.com\\\/fr\\\/#organization\"},\"alternateName\":\"Hiru Uhinak\",\"potentialAction\":[{\"@type\":\"SearchAction\",\"target\":{\"@type\":\"EntryPoint\",\"urlTemplate\":\"https:\\\/\\\/www.hiruhinak-hotel.com\\\/fr\\\/?s={search_term_string}\"},\"query-input\":{\"@type\":\"PropertyValueSpecification\",\"valueRequired\":true,\"valueName\":\"search_term_string\"}}],\"inLanguage\":\"fr-FR\"},{\"@type\":\"Organization\",\"@id\":\"https:\\\/\\\/www.hiruhinak-hotel.com\\\/fr\\\/#organization\",\"name\":\"Hiru Uhinak\",\"alternateName\":\"Hiru Uhinak\",\"url\":\"https:\\\/\\\/www.hiruhinak-hotel.com\\\/fr\\\/\",\"logo\":{\"@type\":\"ImageObject\",\"inLanguage\":\"fr-FR\",\"@id\":\"https:\\\/\\\/www.hiruhinak-hotel.com\\\/fr\\\/#\\\/schema\\\/logo\\\/image\\\/\",\"url\":\"https:\\\/\\\/www.hiruhinak-hotel.com\\\/wp-content\\\/uploads\\\/sites\\\/147\\\/2025\\\/06\\\/Logo-Hiru-Uhinakv2.png\",\"contentUrl\":\"https:\\\/\\\/www.hiruhinak-hotel.com\\\/wp-content\\\/uploads\\\/sites\\\/147\\\/2025\\\/06\\\/Logo-Hiru-Uhinakv2.png\",\"width\":160,\"height\":97,\"caption\":\"Hiru Uhinak\"},\"image\":{\"@id\":\"https:\\\/\\\/www.hiruhinak-hotel.com\\\/fr\\\/#\\\/schema\\\/logo\\\/image\\\/\"}}]}<\/script>\n<!-- \/ Yoast SEO plugin. -->","yoast_head_json":{"title":"Restaurant de cuisine d'auteur sur la c\u00f4te basque | Hiru Bistro \u00e0 Hiru Uhinak","description":"D\u00e9couvrez le Hiru Bistro, \u00e0 Hiru Uhinak, un restaurant dont la cuisine d'auteur allie produits locaux, d\u00e9veloppement durable et cr\u00e9ativit\u00e9 dans chaque plat. R\u00e9servez votre table !","robots":{"index":"index","follow":"follow","max-snippet":"max-snippet:-1","max-image-preview":"max-image-preview:large","max-video-preview":"max-video-preview:-1"},"canonical":"https:\/\/www.hiruhinak-hotel.com\/fr\/hiru-bistro\/restaurant\/","og_locale":"fr_FR","og_type":"article","og_title":"Restaurant de cuisine d'auteur sur la c\u00f4te basque | Hiru Bistro \u00e0 Hiru Uhinak","og_description":"D\u00e9couvrez le Hiru Bistro, \u00e0 Hiru Uhinak, un restaurant dont la cuisine d'auteur allie produits locaux, d\u00e9veloppement durable et cr\u00e9ativit\u00e9 dans chaque plat. R\u00e9servez votre table !","og_url":"https:\/\/www.hiruhinak-hotel.com\/fr\/hiru-bistro\/restaurant\/","og_site_name":"Hiru Uhinak","article_modified_time":"2025-08-27T09:44:21+00:00","og_image":[{"width":1200,"height":798,"url":"https:\/\/www.hiruhinak-hotel.com\/wp-content\/uploads\/sites\/147\/2025\/01\/Imagen-sl.jpg","type":"image\/jpeg"}],"twitter_card":"summary_large_image","twitter_misc":{"Dur\u00e9e de lecture estim\u00e9e":"1 minute"},"schema":{"@context":"https:\/\/schema.org","@graph":[{"@type":"WebPage","@id":"https:\/\/www.hiruhinak-hotel.com\/fr\/hiru-bistro\/restaurant\/","url":"https:\/\/www.hiruhinak-hotel.com\/fr\/hiru-bistro\/restaurant\/","name":"Restaurant de cuisine d'auteur sur la c\u00f4te basque | Hiru Bistro \u00e0 Hiru Uhinak","isPartOf":{"@id":"https:\/\/www.hiruhinak-hotel.com\/fr\/#website"},"datePublished":"2025-04-03T14:52:31+00:00","dateModified":"2025-08-27T09:44:21+00:00","description":"D\u00e9couvrez le Hiru Bistro, \u00e0 Hiru Uhinak, un restaurant dont la cuisine d'auteur allie produits locaux, d\u00e9veloppement durable et cr\u00e9ativit\u00e9 dans chaque plat. R\u00e9servez votre table !","breadcrumb":{"@id":"https:\/\/www.hiruhinak-hotel.com\/fr\/hiru-bistro\/restaurant\/#breadcrumb"},"inLanguage":"fr-FR","potentialAction":[{"@type":"ReadAction","target":["https:\/\/www.hiruhinak-hotel.com\/fr\/hiru-bistro\/restaurant\/"]}]},{"@type":"BreadcrumbList","@id":"https:\/\/www.hiruhinak-hotel.com\/fr\/hiru-bistro\/restaurant\/#breadcrumb","itemListElement":[{"@type":"ListItem","position":1,"name":"Home","item":"https:\/\/www.hiruhinak-hotel.com\/fr\/"},{"@type":"ListItem","position":2,"name":"Hiru Bistr\u00f3","item":"https:\/\/www.hiruhinak-hotel.com\/fr\/hiru-bistro\/"},{"@type":"ListItem","position":3,"name":"Restaurant"}]},{"@type":"WebSite","@id":"https:\/\/www.hiruhinak-hotel.com\/fr\/#website","url":"https:\/\/www.hiruhinak-hotel.com\/fr\/","name":"Hiru Uhinak","description":"Un hotel boutique sostenible en Deba, donde el mar, la monta\u00f1a y la historia se entrelazan con autenticidad","publisher":{"@id":"https:\/\/www.hiruhinak-hotel.com\/fr\/#organization"},"alternateName":"Hiru Uhinak","potentialAction":[{"@type":"SearchAction","target":{"@type":"EntryPoint","urlTemplate":"https:\/\/www.hiruhinak-hotel.com\/fr\/?s={search_term_string}"},"query-input":{"@type":"PropertyValueSpecification","valueRequired":true,"valueName":"search_term_string"}}],"inLanguage":"fr-FR"},{"@type":"Organization","@id":"https:\/\/www.hiruhinak-hotel.com\/fr\/#organization","name":"Hiru Uhinak","alternateName":"Hiru Uhinak","url":"https:\/\/www.hiruhinak-hotel.com\/fr\/","logo":{"@type":"ImageObject","inLanguage":"fr-FR","@id":"https:\/\/www.hiruhinak-hotel.com\/fr\/#\/schema\/logo\/image\/","url":"https:\/\/www.hiruhinak-hotel.com\/wp-content\/uploads\/sites\/147\/2025\/06\/Logo-Hiru-Uhinakv2.png","contentUrl":"https:\/\/www.hiruhinak-hotel.com\/wp-content\/uploads\/sites\/147\/2025\/06\/Logo-Hiru-Uhinakv2.png","width":160,"height":97,"caption":"Hiru Uhinak"},"image":{"@id":"https:\/\/www.hiruhinak-hotel.com\/fr\/#\/schema\/logo\/image\/"}}]}},"acf":[],"_links":{"self":[{"href":"https:\/\/www.hiruhinak-hotel.com\/fr\/wp-json\/wp\/v2\/pages\/544","targetHints":{"allow":["GET"]}}],"collection":[{"href":"https:\/\/www.hiruhinak-hotel.com\/fr\/wp-json\/wp\/v2\/pages"}],"about":[{"href":"https:\/\/www.hiruhinak-hotel.com\/fr\/wp-json\/wp\/v2\/types\/page"}],"author":[{"embeddable":true,"href":"https:\/\/www.hiruhinak-hotel.com\/fr\/wp-json\/wp\/v2\/users\/12"}],"replies":[{"embeddable":true,"href":"https:\/\/www.hiruhinak-hotel.com\/fr\/wp-json\/wp\/v2\/comments?post=544"}],"version-history":[{"count":0,"href":"https:\/\/www.hiruhinak-hotel.com\/fr\/wp-json\/wp\/v2\/pages\/544\/revisions"}],"up":[{"embeddable":true,"href":"https:\/\/www.hiruhinak-hotel.com\/fr\/wp-json\/wp\/v2\/pages\/538"}],"wp:attachment":[{"href":"https:\/\/www.hiruhinak-hotel.com\/fr\/wp-json\/wp\/v2\/media?parent=544"}],"curies":[{"name":"wp","href":"https:\/\/api.w.org\/{rel}","templated":true}]}}