{"id":547,"date":"2025-04-02T12:32:09","date_gmt":"2025-04-02T12:32:09","guid":{"rendered":"https:\/\/www.hiruhinak-hotel.com\/habitaciones-y-estudios\/"},"modified":"2025-08-27T09:41:29","modified_gmt":"2025-08-27T09:41:29","slug":"chambres-et-studios","status":"publish","type":"page","link":"https:\/\/www.hiruhinak-hotel.com\/fr\/chambres-et-studios\/","title":{"rendered":"Chambres et studios"},"content":{"rendered":"<p>L&rsquo;h\u00f4tel <strong>Hiru Uhinak<\/strong> a \u00e9t\u00e9 con\u00e7u dans un souci de s\u00e9r\u00e9nit\u00e9 et de confort, et chaque chambre en est la preuve. Inspir\u00e9s par la nature de <strong>Deba<\/strong>, ils allient la chaleur des mat\u00e9riaux nobles \u00e0 une esth\u00e9tique \u00e0 la fois \u00e9l\u00e9gante et simple. Des <strong>chambres doubles<\/strong> confortables aux <strong>studios spacieux avec vue sur la mer<\/strong>, chaque espace est un havre de paix con\u00e7u pour vous permettre de vous d\u00e9connecter et de profiter du rythme tranquille de la c\u00f4te basque.<br \/>\nToutes nos chambres sont \u00e9quip\u00e9es d&rsquo;une <strong>Smart TV, du Wi-Fi, d&rsquo;une machine \u00e0 caf\u00e9 Nespresso, d&rsquo;un minibar, d&rsquo;un peignoir, de pantoufles et de chaussons gratuits<\/strong>, afin de rendre chaque s\u00e9jour absolument agr\u00e9able.<\/p>\n<p>D\u00e9couvrez nos options et choisissez celle qui correspond le mieux \u00e0 vos besoins.<\/p>\n<p>&nbsp;<\/p>\n","protected":false},"excerpt":{"rendered":"<p>L&rsquo;h\u00f4tel Hiru Uhinak a \u00e9t\u00e9 con\u00e7u dans un souci de s\u00e9r\u00e9nit\u00e9 et de confort, et chaque chambre en est la preuve. Inspir\u00e9s par la nature de Deba, ils allient la chaleur des mat\u00e9riaux nobles \u00e0 une esth\u00e9tique \u00e0 la fois \u00e9l\u00e9gante et simple. Des chambres doubles confortables aux studios spacieux avec vue sur la mer, [&hellip;]<\/p>\n","protected":false},"author":12,"featured_media":0,"parent":0,"menu_order":3,"comment_status":"closed","ping_status":"closed","template":"template-rooms.php","meta":{"footnotes":""},"yoast_head":"<!-- This site is optimized with the Yoast SEO plugin v22.3 - https:\/\/yoast.com\/wordpress\/plugins\/seo\/ -->\n<title>Boutique H\u00f4tel sur la c\u00f4te basque | Chambres \u00e0 Hiru Uhinak<\/title>\n<meta name=\"description\" content=\"D\u00e9couvrez les chambres de l&#039;h\u00f4tel Hiru Uhinak : des chambres doubles confortables aux studios avec vue sur la mer. Confort, \u00e9l\u00e9gance et nature \u00e0 Deba. R\u00e9servez d\u00e8s maintenant\u00a0!\" \/>\n<meta name=\"robots\" content=\"index, follow, max-snippet:-1, max-image-preview:large, max-video-preview:-1\" \/>\n<link rel=\"canonical\" href=\"https:\/\/www.hiruhinak-hotel.com\/fr\/chambres-et-studios\/\" \/>\n<meta property=\"og:locale\" content=\"fr_FR\" \/>\n<meta property=\"og:type\" content=\"article\" \/>\n<meta property=\"og:title\" content=\"Boutique H\u00f4tel sur la c\u00f4te basque | Chambres \u00e0 Hiru Uhinak\" \/>\n<meta property=\"og:description\" content=\"D\u00e9couvrez les chambres de l&#039;h\u00f4tel Hiru Uhinak : des chambres doubles confortables aux studios avec vue sur la mer. Confort, \u00e9l\u00e9gance et nature \u00e0 Deba. R\u00e9servez d\u00e8s maintenant\u00a0!\" \/>\n<meta property=\"og:url\" content=\"https:\/\/www.hiruhinak-hotel.com\/fr\/chambres-et-studios\/\" \/>\n<meta property=\"og:site_name\" content=\"Hiru Uhinak\" \/>\n<meta property=\"article:modified_time\" content=\"2025-08-27T09:41:29+00:00\" \/>\n<meta property=\"og:image\" content=\"https:\/\/www.hiruhinak-hotel.com\/wp-content\/uploads\/sites\/147\/2025\/01\/Imagen-sl.jpg\" \/>\n\t<meta property=\"og:image:width\" content=\"1200\" \/>\n\t<meta property=\"og:image:height\" content=\"798\" \/>\n\t<meta property=\"og:image:type\" content=\"image\/jpeg\" \/>\n<meta name=\"twitter:card\" content=\"summary_large_image\" \/>\n<meta name=\"twitter:label1\" content=\"Dur\u00e9e de lecture estim\u00e9e\" \/>\n\t<meta name=\"twitter:data1\" content=\"1 minute\" \/>\n<script type=\"application\/ld+json\" class=\"yoast-schema-graph\">{\"@context\":\"https:\/\/schema.org\",\"@graph\":[{\"@type\":\"WebPage\",\"@id\":\"https:\/\/www.hiruhinak-hotel.com\/fr\/chambres-et-studios\/\",\"url\":\"https:\/\/www.hiruhinak-hotel.com\/fr\/chambres-et-studios\/\",\"name\":\"Boutique H\u00f4tel sur la c\u00f4te basque | Chambres \u00e0 Hiru Uhinak\",\"isPartOf\":{\"@id\":\"https:\/\/www.hiruhinak-hotel.com\/fr\/#website\"},\"datePublished\":\"2025-04-02T12:32:09+00:00\",\"dateModified\":\"2025-08-27T09:41:29+00:00\",\"description\":\"D\u00e9couvrez les chambres de l'h\u00f4tel Hiru Uhinak : des chambres doubles confortables aux studios avec vue sur la mer. Confort, \u00e9l\u00e9gance et nature \u00e0 Deba. R\u00e9servez d\u00e8s maintenant\u00a0!\",\"breadcrumb\":{\"@id\":\"https:\/\/www.hiruhinak-hotel.com\/fr\/chambres-et-studios\/#breadcrumb\"},\"inLanguage\":\"fr-FR\",\"potentialAction\":[{\"@type\":\"ReadAction\",\"target\":[\"https:\/\/www.hiruhinak-hotel.com\/fr\/chambres-et-studios\/\"]}]},{\"@type\":\"BreadcrumbList\",\"@id\":\"https:\/\/www.hiruhinak-hotel.com\/fr\/chambres-et-studios\/#breadcrumb\",\"itemListElement\":[{\"@type\":\"ListItem\",\"position\":1,\"name\":\"Home\",\"item\":\"https:\/\/www.hiruhinak-hotel.com\/fr\/\"},{\"@type\":\"ListItem\",\"position\":2,\"name\":\"Chambres et studios\"}]},{\"@type\":\"WebSite\",\"@id\":\"https:\/\/www.hiruhinak-hotel.com\/fr\/#website\",\"url\":\"https:\/\/www.hiruhinak-hotel.com\/fr\/\",\"name\":\"Hiru Uhinak\",\"description\":\"Un hotel boutique sostenible en Deba, donde el mar, la monta\u00f1a y la historia se entrelazan con autenticidad\",\"publisher\":{\"@id\":\"https:\/\/www.hiruhinak-hotel.com\/fr\/#organization\"},\"alternateName\":\"Hiru Uhinak\",\"potentialAction\":[{\"@type\":\"SearchAction\",\"target\":{\"@type\":\"EntryPoint\",\"urlTemplate\":\"https:\/\/www.hiruhinak-hotel.com\/fr\/?s={search_term_string}\"},\"query-input\":\"required name=search_term_string\"}],\"inLanguage\":\"fr-FR\"},{\"@type\":\"Organization\",\"@id\":\"https:\/\/www.hiruhinak-hotel.com\/fr\/#organization\",\"name\":\"Hiru Uhinak\",\"alternateName\":\"Hiru Uhinak\",\"url\":\"https:\/\/www.hiruhinak-hotel.com\/fr\/\",\"logo\":{\"@type\":\"ImageObject\",\"inLanguage\":\"fr-FR\",\"@id\":\"https:\/\/www.hiruhinak-hotel.com\/fr\/#\/schema\/logo\/image\/\",\"url\":\"https:\/\/www.hiruhinak-hotel.com\/wp-content\/uploads\/sites\/147\/2025\/06\/Logo-Hiru-Uhinakv2.png\",\"contentUrl\":\"https:\/\/www.hiruhinak-hotel.com\/wp-content\/uploads\/sites\/147\/2025\/06\/Logo-Hiru-Uhinakv2.png\",\"width\":160,\"height\":97,\"caption\":\"Hiru Uhinak\"},\"image\":{\"@id\":\"https:\/\/www.hiruhinak-hotel.com\/fr\/#\/schema\/logo\/image\/\"}}]}<\/script>\n<!-- \/ Yoast SEO plugin. -->","yoast_head_json":{"title":"Boutique H\u00f4tel sur la c\u00f4te basque | Chambres \u00e0 Hiru Uhinak","description":"D\u00e9couvrez les chambres de l'h\u00f4tel Hiru Uhinak : des chambres doubles confortables aux studios avec vue sur la mer. Confort, \u00e9l\u00e9gance et nature \u00e0 Deba. R\u00e9servez d\u00e8s maintenant\u00a0!","robots":{"index":"index","follow":"follow","max-snippet":"max-snippet:-1","max-image-preview":"max-image-preview:large","max-video-preview":"max-video-preview:-1"},"canonical":"https:\/\/www.hiruhinak-hotel.com\/fr\/chambres-et-studios\/","og_locale":"fr_FR","og_type":"article","og_title":"Boutique H\u00f4tel sur la c\u00f4te basque | Chambres \u00e0 Hiru Uhinak","og_description":"D\u00e9couvrez les chambres de l'h\u00f4tel Hiru Uhinak : des chambres doubles confortables aux studios avec vue sur la mer. Confort, \u00e9l\u00e9gance et nature \u00e0 Deba. R\u00e9servez d\u00e8s maintenant\u00a0!","og_url":"https:\/\/www.hiruhinak-hotel.com\/fr\/chambres-et-studios\/","og_site_name":"Hiru Uhinak","article_modified_time":"2025-08-27T09:41:29+00:00","og_image":[{"width":1200,"height":798,"url":"https:\/\/www.hiruhinak-hotel.com\/wp-content\/uploads\/sites\/147\/2025\/01\/Imagen-sl.jpg","type":"image\/jpeg"}],"twitter_card":"summary_large_image","twitter_misc":{"Dur\u00e9e de lecture estim\u00e9e":"1 minute"},"schema":{"@context":"https:\/\/schema.org","@graph":[{"@type":"WebPage","@id":"https:\/\/www.hiruhinak-hotel.com\/fr\/chambres-et-studios\/","url":"https:\/\/www.hiruhinak-hotel.com\/fr\/chambres-et-studios\/","name":"Boutique H\u00f4tel sur la c\u00f4te basque | Chambres \u00e0 Hiru Uhinak","isPartOf":{"@id":"https:\/\/www.hiruhinak-hotel.com\/fr\/#website"},"datePublished":"2025-04-02T12:32:09+00:00","dateModified":"2025-08-27T09:41:29+00:00","description":"D\u00e9couvrez les chambres de l'h\u00f4tel Hiru Uhinak : des chambres doubles confortables aux studios avec vue sur la mer. Confort, \u00e9l\u00e9gance et nature \u00e0 Deba. R\u00e9servez d\u00e8s maintenant\u00a0!","breadcrumb":{"@id":"https:\/\/www.hiruhinak-hotel.com\/fr\/chambres-et-studios\/#breadcrumb"},"inLanguage":"fr-FR","potentialAction":[{"@type":"ReadAction","target":["https:\/\/www.hiruhinak-hotel.com\/fr\/chambres-et-studios\/"]}]},{"@type":"BreadcrumbList","@id":"https:\/\/www.hiruhinak-hotel.com\/fr\/chambres-et-studios\/#breadcrumb","itemListElement":[{"@type":"ListItem","position":1,"name":"Home","item":"https:\/\/www.hiruhinak-hotel.com\/fr\/"},{"@type":"ListItem","position":2,"name":"Chambres et studios"}]},{"@type":"WebSite","@id":"https:\/\/www.hiruhinak-hotel.com\/fr\/#website","url":"https:\/\/www.hiruhinak-hotel.com\/fr\/","name":"Hiru Uhinak","description":"Un hotel boutique sostenible en Deba, donde el mar, la monta\u00f1a y la historia se entrelazan con autenticidad","publisher":{"@id":"https:\/\/www.hiruhinak-hotel.com\/fr\/#organization"},"alternateName":"Hiru Uhinak","potentialAction":[{"@type":"SearchAction","target":{"@type":"EntryPoint","urlTemplate":"https:\/\/www.hiruhinak-hotel.com\/fr\/?s={search_term_string}"},"query-input":"required name=search_term_string"}],"inLanguage":"fr-FR"},{"@type":"Organization","@id":"https:\/\/www.hiruhinak-hotel.com\/fr\/#organization","name":"Hiru Uhinak","alternateName":"Hiru Uhinak","url":"https:\/\/www.hiruhinak-hotel.com\/fr\/","logo":{"@type":"ImageObject","inLanguage":"fr-FR","@id":"https:\/\/www.hiruhinak-hotel.com\/fr\/#\/schema\/logo\/image\/","url":"https:\/\/www.hiruhinak-hotel.com\/wp-content\/uploads\/sites\/147\/2025\/06\/Logo-Hiru-Uhinakv2.png","contentUrl":"https:\/\/www.hiruhinak-hotel.com\/wp-content\/uploads\/sites\/147\/2025\/06\/Logo-Hiru-Uhinakv2.png","width":160,"height":97,"caption":"Hiru Uhinak"},"image":{"@id":"https:\/\/www.hiruhinak-hotel.com\/fr\/#\/schema\/logo\/image\/"}}]}},"acf":[],"_links":{"self":[{"href":"https:\/\/www.hiruhinak-hotel.com\/fr\/wp-json\/wp\/v2\/pages\/547"}],"collection":[{"href":"https:\/\/www.hiruhinak-hotel.com\/fr\/wp-json\/wp\/v2\/pages"}],"about":[{"href":"https:\/\/www.hiruhinak-hotel.com\/fr\/wp-json\/wp\/v2\/types\/page"}],"author":[{"embeddable":true,"href":"https:\/\/www.hiruhinak-hotel.com\/fr\/wp-json\/wp\/v2\/users\/12"}],"replies":[{"embeddable":true,"href":"https:\/\/www.hiruhinak-hotel.com\/fr\/wp-json\/wp\/v2\/comments?post=547"}],"version-history":[{"count":0,"href":"https:\/\/www.hiruhinak-hotel.com\/fr\/wp-json\/wp\/v2\/pages\/547\/revisions"}],"wp:attachment":[{"href":"https:\/\/www.hiruhinak-hotel.com\/fr\/wp-json\/wp\/v2\/media?parent=547"}],"curies":[{"name":"wp","href":"https:\/\/api.w.org\/{rel}","templated":true}]}}