{"id":553,"date":"2024-05-31T12:04:43","date_gmt":"2024-05-31T12:04:43","guid":{"rendered":"https:\/\/www.hiruhinak-hotel.com\/habitaciones-y-estudios\/habitaciones-dobles-con-salon\/"},"modified":"2025-08-27T09:41:51","modified_gmt":"2025-08-27T09:41:51","slug":"chambres-doubles-avec-salon","status":"publish","type":"page","link":"https:\/\/www.hiruhinak-hotel.com\/fr\/chambres-et-studios\/chambres-doubles-avec-salon\/","title":{"rendered":"Chambres Doubles avec salon"},"content":{"rendered":"<p><span data-sheets-root=\"1\">Cette chambre de 40 m\u00b2 allie l&rsquo;espace d&rsquo;un salon s\u00e9par\u00e9 \u00e0 la convivialit\u00e9 d&rsquo;une pi\u00e8ce con\u00e7ue pour la d\u00e9tente.<\/span><\/p>\n<p><span data-sheets-root=\"1\">Un refuge parfait pour ceux qui recherchent le confort et la fonctionnalit\u00e9 lors d&rsquo;une escapade sur la c\u00f4te basque.<br \/>\n<\/span><\/p>\n<p>&nbsp;<\/p>\n","protected":false},"excerpt":{"rendered":"<p>Cette chambre de 40 m\u00b2 allie l&rsquo;espace d&rsquo;un salon s\u00e9par\u00e9 \u00e0 la convivialit\u00e9 d&rsquo;une pi\u00e8ce con\u00e7ue pour la d\u00e9tente. Un refuge parfait pour ceux qui recherchent le confort et la fonctionnalit\u00e9 lors d&rsquo;une escapade sur la c\u00f4te basque. &nbsp;<\/p>\n","protected":false},"author":12,"featured_media":0,"parent":547,"menu_order":0,"comment_status":"closed","ping_status":"closed","template":"template-single-room.php","meta":{"footnotes":""},"yoast_head":"<!-- This site is optimized with the Yoast SEO plugin v22.3 - https:\/\/yoast.com\/wordpress\/plugins\/seo\/ -->\n<title>Chambre double avec Salon | Hiru Uhinak, confort et espace \u00e0 Deba.<\/title>\n<meta name=\"description\" content=\"D\u00e9couvrez la Chambre Double avec Salon de l&#039;h\u00f4tel Hiru Uhinak, un espace confortable et spacieux pour vous reposer sur la c\u00f4te basque. R\u00e9servez d\u00e8s maintenant\u00a0!\" \/>\n<meta name=\"robots\" content=\"index, follow, max-snippet:-1, max-image-preview:large, max-video-preview:-1\" \/>\n<link rel=\"canonical\" href=\"https:\/\/www.hiruhinak-hotel.com\/fr\/chambres-et-studios\/chambres-doubles-avec-salon\/\" \/>\n<meta property=\"og:locale\" content=\"fr_FR\" \/>\n<meta property=\"og:type\" content=\"article\" \/>\n<meta property=\"og:title\" content=\"Chambre double avec Salon | Hiru Uhinak, confort et espace \u00e0 Deba.\" \/>\n<meta property=\"og:description\" content=\"D\u00e9couvrez la Chambre Double avec Salon de l&#039;h\u00f4tel Hiru Uhinak, un espace confortable et spacieux pour vous reposer sur la c\u00f4te basque. R\u00e9servez d\u00e8s maintenant\u00a0!\" \/>\n<meta property=\"og:url\" content=\"https:\/\/www.hiruhinak-hotel.com\/fr\/chambres-et-studios\/chambres-doubles-avec-salon\/\" \/>\n<meta property=\"og:site_name\" content=\"Hiru Uhinak\" \/>\n<meta property=\"article:modified_time\" content=\"2025-08-27T09:41:51+00:00\" \/>\n<meta property=\"og:image\" content=\"https:\/\/www.hiruhinak-hotel.com\/wp-content\/uploads\/sites\/147\/2025\/01\/Imagen-sl.jpg\" \/>\n\t<meta property=\"og:image:width\" content=\"1200\" \/>\n\t<meta property=\"og:image:height\" content=\"798\" \/>\n\t<meta property=\"og:image:type\" content=\"image\/jpeg\" \/>\n<meta name=\"twitter:card\" content=\"summary_large_image\" \/>\n<meta name=\"twitter:label1\" content=\"Dur\u00e9e de lecture estim\u00e9e\" \/>\n\t<meta name=\"twitter:data1\" content=\"1 minute\" \/>\n<script type=\"application\/ld+json\" class=\"yoast-schema-graph\">{\"@context\":\"https:\/\/schema.org\",\"@graph\":[{\"@type\":\"WebPage\",\"@id\":\"https:\/\/www.hiruhinak-hotel.com\/fr\/chambres-et-studios\/chambres-doubles-avec-salon\/\",\"url\":\"https:\/\/www.hiruhinak-hotel.com\/fr\/chambres-et-studios\/chambres-doubles-avec-salon\/\",\"name\":\"Chambre double avec Salon | Hiru Uhinak, confort et espace \u00e0 Deba.\",\"isPartOf\":{\"@id\":\"https:\/\/www.hiruhinak-hotel.com\/fr\/#website\"},\"datePublished\":\"2024-05-31T12:04:43+00:00\",\"dateModified\":\"2025-08-27T09:41:51+00:00\",\"description\":\"D\u00e9couvrez la Chambre Double avec Salon de l'h\u00f4tel Hiru Uhinak, un espace confortable et spacieux pour vous reposer sur la c\u00f4te basque. R\u00e9servez d\u00e8s maintenant\u00a0!\",\"breadcrumb\":{\"@id\":\"https:\/\/www.hiruhinak-hotel.com\/fr\/chambres-et-studios\/chambres-doubles-avec-salon\/#breadcrumb\"},\"inLanguage\":\"fr-FR\",\"potentialAction\":[{\"@type\":\"ReadAction\",\"target\":[\"https:\/\/www.hiruhinak-hotel.com\/fr\/chambres-et-studios\/chambres-doubles-avec-salon\/\"]}]},{\"@type\":\"BreadcrumbList\",\"@id\":\"https:\/\/www.hiruhinak-hotel.com\/fr\/chambres-et-studios\/chambres-doubles-avec-salon\/#breadcrumb\",\"itemListElement\":[{\"@type\":\"ListItem\",\"position\":1,\"name\":\"Home\",\"item\":\"https:\/\/www.hiruhinak-hotel.com\/fr\/\"},{\"@type\":\"ListItem\",\"position\":2,\"name\":\"Chambres et studios\",\"item\":\"https:\/\/www.hiruhinak-hotel.com\/fr\/chambres-et-studios\/\"},{\"@type\":\"ListItem\",\"position\":3,\"name\":\"Chambres Doubles avec salon\"}]},{\"@type\":\"WebSite\",\"@id\":\"https:\/\/www.hiruhinak-hotel.com\/fr\/#website\",\"url\":\"https:\/\/www.hiruhinak-hotel.com\/fr\/\",\"name\":\"Hiru Uhinak\",\"description\":\"Un hotel boutique sostenible en Deba, donde el mar, la monta\u00f1a y la historia se entrelazan con autenticidad\",\"publisher\":{\"@id\":\"https:\/\/www.hiruhinak-hotel.com\/fr\/#organization\"},\"alternateName\":\"Hiru Uhinak\",\"potentialAction\":[{\"@type\":\"SearchAction\",\"target\":{\"@type\":\"EntryPoint\",\"urlTemplate\":\"https:\/\/www.hiruhinak-hotel.com\/fr\/?s={search_term_string}\"},\"query-input\":\"required name=search_term_string\"}],\"inLanguage\":\"fr-FR\"},{\"@type\":\"Organization\",\"@id\":\"https:\/\/www.hiruhinak-hotel.com\/fr\/#organization\",\"name\":\"Hiru Uhinak\",\"alternateName\":\"Hiru Uhinak\",\"url\":\"https:\/\/www.hiruhinak-hotel.com\/fr\/\",\"logo\":{\"@type\":\"ImageObject\",\"inLanguage\":\"fr-FR\",\"@id\":\"https:\/\/www.hiruhinak-hotel.com\/fr\/#\/schema\/logo\/image\/\",\"url\":\"https:\/\/www.hiruhinak-hotel.com\/wp-content\/uploads\/sites\/147\/2025\/06\/Logo-Hiru-Uhinakv2.png\",\"contentUrl\":\"https:\/\/www.hiruhinak-hotel.com\/wp-content\/uploads\/sites\/147\/2025\/06\/Logo-Hiru-Uhinakv2.png\",\"width\":160,\"height\":97,\"caption\":\"Hiru Uhinak\"},\"image\":{\"@id\":\"https:\/\/www.hiruhinak-hotel.com\/fr\/#\/schema\/logo\/image\/\"}}]}<\/script>\n<!-- \/ Yoast SEO plugin. -->","yoast_head_json":{"title":"Chambre double avec Salon | Hiru Uhinak, confort et espace \u00e0 Deba.","description":"D\u00e9couvrez la Chambre Double avec Salon de l'h\u00f4tel Hiru Uhinak, un espace confortable et spacieux pour vous reposer sur la c\u00f4te basque. R\u00e9servez d\u00e8s maintenant\u00a0!","robots":{"index":"index","follow":"follow","max-snippet":"max-snippet:-1","max-image-preview":"max-image-preview:large","max-video-preview":"max-video-preview:-1"},"canonical":"https:\/\/www.hiruhinak-hotel.com\/fr\/chambres-et-studios\/chambres-doubles-avec-salon\/","og_locale":"fr_FR","og_type":"article","og_title":"Chambre double avec Salon | Hiru Uhinak, confort et espace \u00e0 Deba.","og_description":"D\u00e9couvrez la Chambre Double avec Salon de l'h\u00f4tel Hiru Uhinak, un espace confortable et spacieux pour vous reposer sur la c\u00f4te basque. R\u00e9servez d\u00e8s maintenant\u00a0!","og_url":"https:\/\/www.hiruhinak-hotel.com\/fr\/chambres-et-studios\/chambres-doubles-avec-salon\/","og_site_name":"Hiru Uhinak","article_modified_time":"2025-08-27T09:41:51+00:00","og_image":[{"width":1200,"height":798,"url":"https:\/\/www.hiruhinak-hotel.com\/wp-content\/uploads\/sites\/147\/2025\/01\/Imagen-sl.jpg","type":"image\/jpeg"}],"twitter_card":"summary_large_image","twitter_misc":{"Dur\u00e9e de lecture estim\u00e9e":"1 minute"},"schema":{"@context":"https:\/\/schema.org","@graph":[{"@type":"WebPage","@id":"https:\/\/www.hiruhinak-hotel.com\/fr\/chambres-et-studios\/chambres-doubles-avec-salon\/","url":"https:\/\/www.hiruhinak-hotel.com\/fr\/chambres-et-studios\/chambres-doubles-avec-salon\/","name":"Chambre double avec Salon | Hiru Uhinak, confort et espace \u00e0 Deba.","isPartOf":{"@id":"https:\/\/www.hiruhinak-hotel.com\/fr\/#website"},"datePublished":"2024-05-31T12:04:43+00:00","dateModified":"2025-08-27T09:41:51+00:00","description":"D\u00e9couvrez la Chambre Double avec Salon de l'h\u00f4tel Hiru Uhinak, un espace confortable et spacieux pour vous reposer sur la c\u00f4te basque. R\u00e9servez d\u00e8s maintenant\u00a0!","breadcrumb":{"@id":"https:\/\/www.hiruhinak-hotel.com\/fr\/chambres-et-studios\/chambres-doubles-avec-salon\/#breadcrumb"},"inLanguage":"fr-FR","potentialAction":[{"@type":"ReadAction","target":["https:\/\/www.hiruhinak-hotel.com\/fr\/chambres-et-studios\/chambres-doubles-avec-salon\/"]}]},{"@type":"BreadcrumbList","@id":"https:\/\/www.hiruhinak-hotel.com\/fr\/chambres-et-studios\/chambres-doubles-avec-salon\/#breadcrumb","itemListElement":[{"@type":"ListItem","position":1,"name":"Home","item":"https:\/\/www.hiruhinak-hotel.com\/fr\/"},{"@type":"ListItem","position":2,"name":"Chambres et studios","item":"https:\/\/www.hiruhinak-hotel.com\/fr\/chambres-et-studios\/"},{"@type":"ListItem","position":3,"name":"Chambres Doubles avec salon"}]},{"@type":"WebSite","@id":"https:\/\/www.hiruhinak-hotel.com\/fr\/#website","url":"https:\/\/www.hiruhinak-hotel.com\/fr\/","name":"Hiru Uhinak","description":"Un hotel boutique sostenible en Deba, donde el mar, la monta\u00f1a y la historia se entrelazan con autenticidad","publisher":{"@id":"https:\/\/www.hiruhinak-hotel.com\/fr\/#organization"},"alternateName":"Hiru Uhinak","potentialAction":[{"@type":"SearchAction","target":{"@type":"EntryPoint","urlTemplate":"https:\/\/www.hiruhinak-hotel.com\/fr\/?s={search_term_string}"},"query-input":"required name=search_term_string"}],"inLanguage":"fr-FR"},{"@type":"Organization","@id":"https:\/\/www.hiruhinak-hotel.com\/fr\/#organization","name":"Hiru Uhinak","alternateName":"Hiru Uhinak","url":"https:\/\/www.hiruhinak-hotel.com\/fr\/","logo":{"@type":"ImageObject","inLanguage":"fr-FR","@id":"https:\/\/www.hiruhinak-hotel.com\/fr\/#\/schema\/logo\/image\/","url":"https:\/\/www.hiruhinak-hotel.com\/wp-content\/uploads\/sites\/147\/2025\/06\/Logo-Hiru-Uhinakv2.png","contentUrl":"https:\/\/www.hiruhinak-hotel.com\/wp-content\/uploads\/sites\/147\/2025\/06\/Logo-Hiru-Uhinakv2.png","width":160,"height":97,"caption":"Hiru Uhinak"},"image":{"@id":"https:\/\/www.hiruhinak-hotel.com\/fr\/#\/schema\/logo\/image\/"}}]}},"acf":[],"_links":{"self":[{"href":"https:\/\/www.hiruhinak-hotel.com\/fr\/wp-json\/wp\/v2\/pages\/553"}],"collection":[{"href":"https:\/\/www.hiruhinak-hotel.com\/fr\/wp-json\/wp\/v2\/pages"}],"about":[{"href":"https:\/\/www.hiruhinak-hotel.com\/fr\/wp-json\/wp\/v2\/types\/page"}],"author":[{"embeddable":true,"href":"https:\/\/www.hiruhinak-hotel.com\/fr\/wp-json\/wp\/v2\/users\/12"}],"replies":[{"embeddable":true,"href":"https:\/\/www.hiruhinak-hotel.com\/fr\/wp-json\/wp\/v2\/comments?post=553"}],"version-history":[{"count":0,"href":"https:\/\/www.hiruhinak-hotel.com\/fr\/wp-json\/wp\/v2\/pages\/553\/revisions"}],"up":[{"embeddable":true,"href":"https:\/\/www.hiruhinak-hotel.com\/fr\/wp-json\/wp\/v2\/pages\/547"}],"wp:attachment":[{"href":"https:\/\/www.hiruhinak-hotel.com\/fr\/wp-json\/wp\/v2\/media?parent=553"}],"curies":[{"name":"wp","href":"https:\/\/api.w.org\/{rel}","templated":true}]}}